{"id":20263,"date":"2024-11-05T14:27:51","date_gmt":"2024-11-05T12:27:51","guid":{"rendered":"https:\/\/silvanols.lv\/?post_type=product&#038;p=20263"},"modified":"2026-04-20T15:27:14","modified_gmt":"2026-04-20T12:27:14","slug":"det-x-slim-5-g","status":"publish","type":"product","link":"https:\/\/silvanols.lv\/en\/products\/det-x-slim-5-g\/","title":{"rendered":"DET\u2019X SLIM 5g x 30"},"content":{"rendered":"<p>Detoks, Detox, Slims, Sl\u012bms, Sachet, Sa\u010d. Sachet, Sa\u010det, Paci\u0146, Pak<\/p>\n","protected":false},"excerpt":{"rendered":"<p>Fibre-rich powder for preparing a beverage with \u2018Moro\u2019 red orange juice extract and prickly pear fruit extract. Prickly pear (Opuntia ficus indica) helps to maintain normal body weight, to support normal fat metabolism and to reduce appetite, as well as helps to maintain normal blood glucose levels. Vitamin C contributes to normal energy-yielding metabolism.<\/p>\n<p>With no added sugar. Contains natural occurring sugars. Sweeteners-free. High fibre. Vegan.<\/p>\n","protected":false},"featured_media":20653,"comment_status":"open","ping_status":"closed","template":"","meta":{"_acf_changed":false,"inline_featured_image":false},"product_brand":[],"product_cat":[113,135,136],"product_tag":[717,371,634,470,770],"class_list":{"0":"post-20263","1":"product","2":"type-product","3":"status-publish","4":"has-post-thumbnail","6":"product_cat-anti-aging-en-skaistumam-un-labsajutai-en","7":"product_cat-skaistumam-un-labsajutai-en","8":"product_cat-dabas-vielas-en","9":"product_tag-moro-red-orange-juice-extract","10":"product_tag-acacia-gum-fibres","11":"product_tag-opuntia-fruit-extract","12":"product_tag-vitamin-c","13":"product_tag-vitamin-c-2","15":"first","16":"instock","17":"taxable","18":"shipping-taxable","19":"purchasable","20":"product-type-simple"},"acf":[],"_links":{"self":[{"href":"https:\/\/silvanols.lv\/en\/wp-json\/wp\/v2\/product\/20263","targetHints":{"allow":["GET"]}}],"collection":[{"href":"https:\/\/silvanols.lv\/en\/wp-json\/wp\/v2\/product"}],"about":[{"href":"https:\/\/silvanols.lv\/en\/wp-json\/wp\/v2\/types\/product"}],"replies":[{"embeddable":true,"href":"https:\/\/silvanols.lv\/en\/wp-json\/wp\/v2\/comments?post=20263"}],"wp:featuredmedia":[{"embeddable":true,"href":"https:\/\/silvanols.lv\/en\/wp-json\/wp\/v2\/media\/20653"}],"wp:attachment":[{"href":"https:\/\/silvanols.lv\/en\/wp-json\/wp\/v2\/media?parent=20263"}],"wp:term":[{"taxonomy":"product_brand","embeddable":true,"href":"https:\/\/silvanols.lv\/en\/wp-json\/wp\/v2\/product_brand?post=20263"},{"taxonomy":"product_cat","embeddable":true,"href":"https:\/\/silvanols.lv\/en\/wp-json\/wp\/v2\/product_cat?post=20263"},{"taxonomy":"product_tag","embeddable":true,"href":"https:\/\/silvanols.lv\/en\/wp-json\/wp\/v2\/product_tag?post=20263"}],"curies":[{"name":"wp","href":"https:\/\/api.w.org\/{rel}","templated":true}]}}