{"id":27533,"date":"2026-04-17T13:44:34","date_gmt":"2026-04-17T10:44:34","guid":{"rendered":"https:\/\/silvanols.lv\/?post_type=product&#038;p=27533"},"modified":"2026-04-17T16:15:28","modified_gmt":"2026-04-17T13:15:28","slug":"chaga-extract","status":"publish","type":"product","link":"https:\/\/silvanols.lv\/en\/products\/chaga-extract\/","title":{"rendered":"Chaga extract"},"content":{"rendered":"","protected":false},"excerpt":{"rendered":"<p><b>\u010cagas s\u0113ne \u2013 sp\u0113c\u012bgs dabas ekstrakts imunit\u0101tei un antioksidantu aizsardz\u012bbai<\/b><\/p>\n<p><b>\u010caga (Inonotus obliquus)<\/b><span style=\"font-weight: 400;\">, ko bie\u017ei sauc ar\u012b par b\u0113rza melno piepi, jau gadsimtiem tiek izmantota tautas medic\u012bn\u0101 k\u0101 sp\u0113c\u012bgs dabas l\u012bdzeklis vesel\u012bbas stiprin\u0101\u0161anai. \u0160\u012b unik\u0101l\u0101 s\u0113ne satur pla\u0161u bioakt\u012bvo vielu spektru \u2013 polisahar\u012bdus, beta-glik\u0101nus, polifenolus un antioksidantus, kas pal\u012bdz organismam c\u012bn\u012bties ar oksidat\u012bvo stresu un stiprina imunit\u0101ti.<\/span><\/p>\n<p><b>Augstv\u0113rt\u012bgs \u010cagas ekstrakts<\/b><\/p>\n<ul>\n<li style=\"font-weight: 400;\" aria-level=\"1\"><span style=\"font-weight: 400;\">Bag\u0101ts ar <\/span><b>dab\u012bgiem antioksidantiem<\/b><span style=\"font-weight: 400;\"> \u2013 pal\u012bdz aizsarg\u0101t \u0161\u016bnas no br\u012bvajiem radik\u0101\u013ciem;<\/span><\/li>\n<li style=\"font-weight: 400;\" aria-level=\"1\"><b>Atbalsta norm\u0101lu im\u016bnsist\u0113mas darb\u012bbu;<\/b><\/li>\n<li style=\"font-weight: 400;\" aria-level=\"1\"><span style=\"font-weight: 400;\">Veicina organisma visp\u0101r\u0113jo sp\u0113ju pretoties \u0101r\u0113jiem faktoriem;<\/span><\/li>\n<li style=\"font-weight: 400;\" aria-level=\"1\"><span style=\"font-weight: 400;\">Dab\u012bgs ener\u0123ijas un vitalit\u0101tes avots ikdienai.<\/span><\/li>\n<\/ul>\n","protected":false},"featured_media":27534,"comment_status":"open","ping_status":"closed","template":"","meta":{"_acf_changed":false,"inline_featured_image":false},"product_brand":[],"product_cat":[74,758,30,83],"product_tag":[],"class_list":{"0":"post-27533","1":"product","2":"type-product","3":"status-publish","4":"has-post-thumbnail","6":"product_cat-dabas-vielas","7":"product_cat-iepazisties-ar-jaunumiem","8":"product_cat-skaistumam-un-labsajutai","9":"product_cat-visi-produkti","11":"first","12":"instock","13":"sale","14":"taxable","15":"shipping-taxable","16":"purchasable","17":"product-type-simple"},"acf":[],"_links":{"self":[{"href":"https:\/\/silvanols.lv\/en\/wp-json\/wp\/v2\/product\/27533","targetHints":{"allow":["GET"]}}],"collection":[{"href":"https:\/\/silvanols.lv\/en\/wp-json\/wp\/v2\/product"}],"about":[{"href":"https:\/\/silvanols.lv\/en\/wp-json\/wp\/v2\/types\/product"}],"replies":[{"embeddable":true,"href":"https:\/\/silvanols.lv\/en\/wp-json\/wp\/v2\/comments?post=27533"}],"wp:featuredmedia":[{"embeddable":true,"href":"https:\/\/silvanols.lv\/en\/wp-json\/wp\/v2\/media\/27534"}],"wp:attachment":[{"href":"https:\/\/silvanols.lv\/en\/wp-json\/wp\/v2\/media?parent=27533"}],"wp:term":[{"taxonomy":"product_brand","embeddable":true,"href":"https:\/\/silvanols.lv\/en\/wp-json\/wp\/v2\/product_brand?post=27533"},{"taxonomy":"product_cat","embeddable":true,"href":"https:\/\/silvanols.lv\/en\/wp-json\/wp\/v2\/product_cat?post=27533"},{"taxonomy":"product_tag","embeddable":true,"href":"https:\/\/silvanols.lv\/en\/wp-json\/wp\/v2\/product_tag?post=27533"}],"curies":[{"name":"wp","href":"https:\/\/api.w.org\/{rel}","templated":true}]}}