{"id":27538,"date":"2026-04-17T13:49:09","date_gmt":"2026-04-17T10:49:09","guid":{"rendered":"https:\/\/silvanols.lv\/?post_type=product&#038;p=27538"},"modified":"2026-04-17T16:15:28","modified_gmt":"2026-04-17T13:15:28","slug":"golife-strong-v","status":"publish","type":"product","link":"https:\/\/silvanols.lv\/en\/products\/golife-strong-v\/","title":{"rendered":"GoLife Strong V"},"content":{"rendered":"","protected":false},"excerpt":{"rendered":"<p><b>V\u012brie\u0161a sp\u0113kam, potencei un ener\u0123ijai<\/b><\/p>\n<p><span style=\"font-weight: 400;\">Unik\u0101ls uztura bag\u0101tin\u0101t\u0101js, kas rad\u012bts, lai atbalst\u012btu v\u012brie\u0161a vitalit\u0101ti, fizisko iztur\u012bbu un seksu\u0101lo vesel\u012bbu. Formula apvieno b\u016btiskus vitam\u012bnus un miner\u0101lvielas: L-argin\u012bnu, L-karnit\u012bnu, taur\u012bnu un augu ekstraktus &#8211; maku, \u017ee\u0146\u0161e\u0146u, tribuli un z\u0101\u0123zobaino sabalpalmu.<\/span><\/p>\n<p><b>Galvenie ieguvumi<\/b><\/p>\n<ul>\n<li style=\"font-weight: 400;\" aria-level=\"1\"><b>Ener\u0123ijai un iztur\u012bbai<\/b><span style=\"font-weight: 400;\"> \u2013 B grupas vitam\u012bni (B1, B2, B3, B6, B12), C vitam\u012bns, magnijs, maka un \u017ee\u0146\u0161e\u0146s veicina norm\u0101lu ener\u0123ijas vielmai\u0146u un pal\u012bdz mazin\u0101t nogurumu;<\/span><\/li>\n<li style=\"font-weight: 400;\" aria-level=\"1\"><b>Musku\u013cu un sirds vesel\u012bbai<\/b><span style=\"font-weight: 400;\"> \u2013 magnijs un tribulis nodro\u0161ina norm\u0101lu musku\u013cu darb\u012bbu, savuk\u0101rt, B1 vitam\u012bns veicina norm\u0101lu sirds darb\u012bbu;<\/span><\/li>\n<li style=\"font-weight: 400;\" aria-level=\"1\"><b>Sp\u0113kam un atjauno\u0161anai<\/b><span style=\"font-weight: 400;\"> \u2013 B6 vitam\u012bns, cinks un magnijs sekm\u0113 olbaltumvielu un glikog\u0113na vielmai\u0146u, k\u0101 ar\u012b musku\u013cu masas atbalstu;<\/span><\/li>\n<li style=\"font-weight: 400;\" aria-level=\"1\"><b>Reprodukt\u012bvajai vesel\u012bbai un potencei<\/b><span style=\"font-weight: 400;\"> \u2013 cinks, maka un tribulis pal\u012bdz uztur\u0113t norm\u0101lu augl\u012bbu, sel\u0113ns atbalsta spermato\u0123en\u0113zi, savuk\u0101rt, \u017ee\u0146\u0161e\u0146s un maka veicina seksu\u0101lo aktivit\u0101ti un vitalit\u0101ti;<\/span><\/li>\n<li style=\"font-weight: 400;\" aria-level=\"1\"><b>\u0160\u016bnu aizsardz\u012bbai<\/b><span style=\"font-weight: 400;\"> \u2013 B2 un C vitam\u012bns, sel\u0113ns, cinks un var\u0161 pasarg\u0101 \u0161\u016bnas no oksidat\u012bv\u0101 stresa.<\/span><\/li>\n<\/ul>\n","protected":false},"featured_media":27543,"comment_status":"open","ping_status":"closed","template":"","meta":{"_acf_changed":false,"inline_featured_image":false},"product_brand":[],"product_cat":[30,77,74,758,82,66,33,69,81,83,71],"product_tag":[],"class_list":{"0":"post-27538","1":"product","2":"type-product","3":"status-publish","4":"has-post-thumbnail","6":"product_cat-skaistumam-un-labsajutai","7":"product_cat-anti-aging","8":"product_cat-dabas-vielas","9":"product_cat-iepazisties-ar-jaunumiem","10":"product_cat-kauliem-un-locitavam","11":"product_cat-nerviem-un-miegam-skaistumam-un-labsajutai","12":"product_cat-problemzonam","13":"product_cat-sirdij-un-asinsritei-problemzonam","14":"product_cat-urinceliem-un-dzimumfunkcijai","15":"product_cat-visi-produkti","16":"product_cat-vitamini","18":"first","19":"instock","20":"taxable","21":"shipping-taxable","22":"purchasable","23":"product-type-simple"},"acf":[],"_links":{"self":[{"href":"https:\/\/silvanols.lv\/en\/wp-json\/wp\/v2\/product\/27538","targetHints":{"allow":["GET"]}}],"collection":[{"href":"https:\/\/silvanols.lv\/en\/wp-json\/wp\/v2\/product"}],"about":[{"href":"https:\/\/silvanols.lv\/en\/wp-json\/wp\/v2\/types\/product"}],"replies":[{"embeddable":true,"href":"https:\/\/silvanols.lv\/en\/wp-json\/wp\/v2\/comments?post=27538"}],"wp:featuredmedia":[{"embeddable":true,"href":"https:\/\/silvanols.lv\/en\/wp-json\/wp\/v2\/media\/27543"}],"wp:attachment":[{"href":"https:\/\/silvanols.lv\/en\/wp-json\/wp\/v2\/media?parent=27538"}],"wp:term":[{"taxonomy":"product_brand","embeddable":true,"href":"https:\/\/silvanols.lv\/en\/wp-json\/wp\/v2\/product_brand?post=27538"},{"taxonomy":"product_cat","embeddable":true,"href":"https:\/\/silvanols.lv\/en\/wp-json\/wp\/v2\/product_cat?post=27538"},{"taxonomy":"product_tag","embeddable":true,"href":"https:\/\/silvanols.lv\/en\/wp-json\/wp\/v2\/product_tag?post=27538"}],"curies":[{"name":"wp","href":"https:\/\/api.w.org\/{rel}","templated":true}]}}