{"id":27546,"date":"2026-04-17T14:09:14","date_gmt":"2026-04-17T11:09:14","guid":{"rendered":"https:\/\/silvanols.lv\/?post_type=product&#038;p=27546"},"modified":"2026-04-17T16:15:28","modified_gmt":"2026-04-17T13:15:28","slug":"ashwagandha","status":"publish","type":"product","link":"https:\/\/silvanols.lv\/en\/products\/ashwagandha\/","title":{"rendered":"Ashwagandha"},"content":{"rendered":"","protected":false},"excerpt":{"rendered":"<p><b>Augstv\u0113rt\u012bgs a\u0161vagandas saknes ekstrakts \u2013 dabisks sp\u0113ka un harmonijas avots<br \/>\n<\/b><span style=\"font-weight: 400;\">A\u0161vaganda jeb miega vit\u0101nija ir viens no v\u0113rt\u012bg\u0101kajiem augiem aj\u016brv\u0113das medic\u012bn\u0101, kas tradicion\u0101li tiek izmantots organisma stiprin\u0101\u0161anai un l\u012bdzsvara atjauno\u0161anai. \u0160o augu bie\u017ei d\u0113v\u0113 par \u201cdab\u012bgu adaptog\u0113nu\u201d, jo tas pal\u012bdz \u0137ermenim piel\u0101goties stresa situ\u0101cij\u0101m un sekm\u0113 emocion\u0101lu stabilit\u0101ti. Regul\u0101ri lietojot, a\u0161vaganda var veicin\u0101t mier\u012bg\u0101ku pr\u0101ta st\u0101vokli un uzlabot kop\u0113jo labsaj\u016btu.<\/span><\/p>\n<p><b>A\u0161vagandas noz\u012bme nervu sist\u0113mai un pr\u0101tam<br \/>\n<\/b><span style=\"font-weight: 400;\">\u0160is augs ir \u012bpa\u0161i atz\u012bts d\u0113\u013c ietekmes uz nervu sist\u0113mu un kognit\u012bvaj\u0101m sp\u0113j\u0101m. A\u0161vaganda pal\u012bdz saglab\u0101t norm\u0101lu koncentr\u0113\u0161anos, atbalsta smadze\u0146u darb\u012bbu un sekm\u0113 gar\u012bgo l\u012bdzsvaru. T\u0101 var b\u016bt noder\u012bga ikvienam, kur\u0161 v\u0113las mazin\u0101t spriedzi, atvieglot iemig\u0161anu un uzlabot miega kvalit\u0101ti, nezaud\u0113jot ener\u0123iju n\u0101kamajai dienai.<\/span><\/p>\n<p><b>A\u0161vagandas ieguvumi vesel\u012bbai un ikdienai<br \/>\n<\/b><span style=\"font-weight: 400;\">P\u0113t\u012bjumi liecina, ka a\u0161vagandas saknes ekstrakts sp\u0113j atbalst\u012bt im\u016bnsist\u0113mu, pal\u012bdz\u0113t l\u012bdzsvarot hormonus un veicin\u0101t fizisko iztur\u012bbu. T\u0101 ir piem\u0113rota gan akt\u012bviem cilv\u0113kiem, kas v\u0113las vair\u0101k sp\u0113ka un ener\u0123ijas, gan tiem, kuri mekl\u0113 dab\u012bgu risin\u0101jumu stresa un noguruma mazin\u0101\u0161anai. A\u0161vaganda k\u013c\u016bst par uzticamu sabiedroto ce\u013c\u0101 uz vesel\u012bg\u0101ku, mier\u012bg\u0101ku un harmonisk\u0101ku dz\u012bvesveidu.<\/span><\/p>\n","protected":false},"featured_media":27547,"comment_status":"open","ping_status":"closed","template":"","meta":{"_acf_changed":false,"inline_featured_image":false},"product_brand":[],"product_cat":[30,74,758,66,83],"product_tag":[],"class_list":{"0":"post-27546","1":"product","2":"type-product","3":"status-publish","4":"has-post-thumbnail","6":"product_cat-skaistumam-un-labsajutai","7":"product_cat-dabas-vielas","8":"product_cat-iepazisties-ar-jaunumiem","9":"product_cat-nerviem-un-miegam-skaistumam-un-labsajutai","10":"product_cat-visi-produkti","12":"first","13":"instock","14":"sale","15":"taxable","16":"shipping-taxable","17":"purchasable","18":"product-type-simple"},"acf":[],"_links":{"self":[{"href":"https:\/\/silvanols.lv\/en\/wp-json\/wp\/v2\/product\/27546","targetHints":{"allow":["GET"]}}],"collection":[{"href":"https:\/\/silvanols.lv\/en\/wp-json\/wp\/v2\/product"}],"about":[{"href":"https:\/\/silvanols.lv\/en\/wp-json\/wp\/v2\/types\/product"}],"replies":[{"embeddable":true,"href":"https:\/\/silvanols.lv\/en\/wp-json\/wp\/v2\/comments?post=27546"}],"wp:featuredmedia":[{"embeddable":true,"href":"https:\/\/silvanols.lv\/en\/wp-json\/wp\/v2\/media\/27547"}],"wp:attachment":[{"href":"https:\/\/silvanols.lv\/en\/wp-json\/wp\/v2\/media?parent=27546"}],"wp:term":[{"taxonomy":"product_brand","embeddable":true,"href":"https:\/\/silvanols.lv\/en\/wp-json\/wp\/v2\/product_brand?post=27546"},{"taxonomy":"product_cat","embeddable":true,"href":"https:\/\/silvanols.lv\/en\/wp-json\/wp\/v2\/product_cat?post=27546"},{"taxonomy":"product_tag","embeddable":true,"href":"https:\/\/silvanols.lv\/en\/wp-json\/wp\/v2\/product_tag?post=27546"}],"curies":[{"name":"wp","href":"https:\/\/api.w.org\/{rel}","templated":true}]}}