{"id":27556,"date":"2026-04-17T14:42:05","date_gmt":"2026-04-17T11:42:05","guid":{"rendered":"https:\/\/silvanols.lv\/?post_type=product&#038;p=27556"},"modified":"2026-04-17T20:02:56","modified_gmt":"2026-04-17T17:02:56","slug":"5-mushroom-complex","status":"publish","type":"product","link":"https:\/\/silvanols.lv\/en\/products\/5-mushroom-complex\/","title":{"rendered":"5 Mushroom complex"},"content":{"rendered":"","protected":false},"excerpt":{"rendered":"<p><b>Pieci s\u0113\u0146u ekstrakti \u2013 dab\u012bgs sp\u0113ks imunit\u0101tei, ener\u0123ijai un pr\u0101tam<\/b><\/p>\n<p><span style=\"font-weight: 400;\">Atkl\u0101j piecu sp\u0113c\u012bgu \u0101rstniecisko s\u0113\u0146u siner\u0123iju \u2013 <\/span><b>rei\u0161i, gailenes, e\u017eu di\u017eadatenes (Lion\u2019s Mane), \u0136\u012bnas kordicepa un \u010dagas<\/b><span style=\"font-weight: 400;\">. \u0160o s\u0113\u0146u ekstrakti apvieno tradicion\u0101l\u0101s zin\u0101\u0161anas ar m\u016bsdienu p\u0113t\u012bjumiem, nodro\u0161inot dab\u012bgu atbalstu vesel\u012bbai un ikdienas labsaj\u016btai.<\/span><\/p>\n<p><b>Piecu s\u0113\u0146u ekstraktu ieguvumi:<\/b><\/p>\n<ul>\n<li style=\"font-weight: 400;\" aria-level=\"1\"><b>Rei\u0161i s\u0113ne<\/b><span style=\"font-weight: 400;\"> \u2013 veicina norm\u0101lu im\u016bnsist\u0113mas darb\u012bbu un pal\u012bdz nodro\u0161in\u0101t norm\u0101lu asinsriti;<\/span><\/li>\n<li style=\"font-weight: 400;\" aria-level=\"1\"><b>Gailenes<\/b><span style=\"font-weight: 400;\"> \u2013 bag\u0101tas ar vitam\u012bniem un miner\u0101lviel\u0101m, atbalsta organisma aizsargsp\u0113jas;<\/span><\/li>\n<li style=\"font-weight: 400;\" aria-level=\"1\"><b>E\u017eu di\u017eadatenes (Lion\u2019s Mane)<\/b><span style=\"font-weight: 400;\"> \u2013 veicina kognit\u012bv\u0101s funkcijas, koncentr\u0113\u0161anos, uzlabo atmi\u0146u un nervu sist\u0113mas darb\u012bbu;<\/span><\/li>\n<li style=\"font-weight: 400;\" aria-level=\"1\"><b>\u0136\u012bnas kordiceps<\/b><span style=\"font-weight: 400;\"> \u2013 tradicion\u0101li izmantots ener\u0123ijas, iztur\u012bbas un vitalit\u0101tes uzlabo\u0161anai;<\/span><\/li>\n<li style=\"font-weight: 400;\" aria-level=\"1\"><b>\u010caga <\/b><span style=\"font-weight: 400;\">\u2013 sp\u0113c\u012bgs antioksidantu avots, kas pal\u012bdz aizsarg\u0101t \u0161\u016bnas no oksidat\u012bv\u0101 stresa.<\/span><\/li>\n<\/ul>\n<p><b>K\u0101p\u0113c izv\u0113l\u0113ties piecu s\u0113\u0146u kompleksu?<\/b><\/p>\n<p><span style=\"font-weight: 400;\">\u0160is <\/span><b>augstv\u0113rt\u012bgais piecu s\u0113\u0146u ekstraktu mais\u012bjums<\/b><span style=\"font-weight: 400;\"> sniedz vispus\u012bgu iedarb\u012bbu \u2013 no imunit\u0101tes un asinsrites l\u012bdz pr\u0101ta asumam un ener\u0123ijai. Dab\u012bga izv\u0113le cilv\u0113kiem, kuri v\u0113las uztur\u0113t vesel\u012bbu, sp\u0113ku un l\u012bdzsvaru ikdien\u0101.<\/span><\/p>\n","protected":false},"featured_media":27557,"comment_status":"open","ping_status":"closed","template":"","meta":{"_acf_changed":false,"inline_featured_image":false},"product_brand":[],"product_cat":[30,74,758,66,83],"product_tag":[],"class_list":{"0":"post-27556","1":"product","2":"type-product","3":"status-publish","4":"has-post-thumbnail","6":"product_cat-skaistumam-un-labsajutai","7":"product_cat-dabas-vielas","8":"product_cat-iepazisties-ar-jaunumiem","9":"product_cat-nerviem-un-miegam-skaistumam-un-labsajutai","10":"product_cat-visi-produkti","12":"first","13":"instock","14":"sale","15":"taxable","16":"shipping-taxable","17":"purchasable","18":"product-type-simple"},"acf":[],"_links":{"self":[{"href":"https:\/\/silvanols.lv\/en\/wp-json\/wp\/v2\/product\/27556","targetHints":{"allow":["GET"]}}],"collection":[{"href":"https:\/\/silvanols.lv\/en\/wp-json\/wp\/v2\/product"}],"about":[{"href":"https:\/\/silvanols.lv\/en\/wp-json\/wp\/v2\/types\/product"}],"replies":[{"embeddable":true,"href":"https:\/\/silvanols.lv\/en\/wp-json\/wp\/v2\/comments?post=27556"}],"wp:featuredmedia":[{"embeddable":true,"href":"https:\/\/silvanols.lv\/en\/wp-json\/wp\/v2\/media\/27557"}],"wp:attachment":[{"href":"https:\/\/silvanols.lv\/en\/wp-json\/wp\/v2\/media?parent=27556"}],"wp:term":[{"taxonomy":"product_brand","embeddable":true,"href":"https:\/\/silvanols.lv\/en\/wp-json\/wp\/v2\/product_brand?post=27556"},{"taxonomy":"product_cat","embeddable":true,"href":"https:\/\/silvanols.lv\/en\/wp-json\/wp\/v2\/product_cat?post=27556"},{"taxonomy":"product_tag","embeddable":true,"href":"https:\/\/silvanols.lv\/en\/wp-json\/wp\/v2\/product_tag?post=27556"}],"curies":[{"name":"wp","href":"https:\/\/api.w.org\/{rel}","templated":true}]}}