{"id":10554,"date":"2024-01-26T15:09:16","date_gmt":"2024-01-26T13:09:16","guid":{"rendered":"https:\/\/silvanols.lv\/?post_type=product&#038;p=10554"},"modified":"2024-08-27T15:23:23","modified_gmt":"2024-08-27T12:23:23","slug":"beauty-complex-120-kaps","status":"publish","type":"product","link":"https:\/\/silvanols.lv\/ru\/products\/beauty-complex-120-kaps\/","title":{"rendered":"Beauty Complex 120 kaps."},"content":{"rendered":"<p><span data-sheets-root=\"1\" data-sheets-value=\"{&quot;1&quot;:2,&quot;2&quot;:&quot;Kolag\u0113ns, Colagen, Cola, Colla, Kola, Kolla, Bj\u016bti, Bj\u016bt\u012b, Komplekss, Skaistums, Skaistuma komplekss, Skaista, Woman, Lady, Sievie\u0161u&quot;}\" data-sheets-userformat=\"{&quot;2&quot;:14655,&quot;3&quot;:{&quot;1&quot;:0,&quot;3&quot;:1},&quot;4&quot;:{&quot;1&quot;:2,&quot;2&quot;:14872537},&quot;5&quot;:{&quot;1&quot;:[{&quot;1&quot;:2,&quot;2&quot;:0,&quot;5&quot;:{&quot;1&quot;:0}},{&quot;1&quot;:0,&quot;2&quot;:0,&quot;3&quot;:3},{&quot;1&quot;:1,&quot;2&quot;:0,&quot;4&quot;:1}]},&quot;6&quot;:{&quot;1&quot;:[{&quot;1&quot;:2,&quot;2&quot;:0,&quot;5&quot;:{&quot;1&quot;:0}},{&quot;1&quot;:0,&quot;2&quot;:0,&quot;3&quot;:3},{&quot;1&quot;:1,&quot;2&quot;:0,&quot;4&quot;:1}]},&quot;7&quot;:{&quot;1&quot;:[{&quot;1&quot;:2,&quot;2&quot;:0,&quot;5&quot;:{&quot;1&quot;:0}},{&quot;1&quot;:0,&quot;2&quot;:0,&quot;3&quot;:3},{&quot;1&quot;:1,&quot;2&quot;:0,&quot;4&quot;:1}]},&quot;8&quot;:{&quot;1&quot;:[{&quot;1&quot;:2,&quot;2&quot;:0,&quot;5&quot;:{&quot;1&quot;:0}},{&quot;1&quot;:0,&quot;2&quot;:0,&quot;3&quot;:3},{&quot;1&quot;:1,&quot;2&quot;:0,&quot;4&quot;:1}]},&quot;11&quot;:4,&quot;14&quot;:{&quot;1&quot;:3,&quot;3&quot;:1},&quot;15&quot;:&quot;Calibri&quot;,&quot;16&quot;:11}\">Kolag\u0113ns, Colagen, Cola, Colla, Kola, Kolla, Bj\u016bti, Bj\u016bt\u012b, Komplekss, Skaistums, Skaistuma komplekss, Skaista, Woman, Lady, Sievie\u0161u<\/span><\/p>\n","protected":false},"excerpt":{"rendered":"<p>\u012apa\u0161i piel\u0101gots komplekss Tavam skaistumam. Kolag\u0113na, C vitam\u012bna, cinka un biot\u012bna komplekss Tavai \u0101das, matu un nagu vesel\u012bbai.<\/p>\n<p>Produkts satur hidroliz\u0113tu I tipa j\u016bras kolag\u0113nu, kas nodro\u0161ina lab\u0101ku uzs\u016bk\u0161anos organism\u0101, sal\u012bdzin\u0101jum\u0101 ar citiem kolag\u0113na veidiem. C vitam\u012bna un cinka kl\u0101tesam\u012bba produkt\u0101, pie\u0161\u0137irs papildus stimulu Tava dab\u012bg\u0101 kolag\u0113na sint\u0113zei. T\u0101dej\u0101di papildus veicinot Tavu nagu, \u0101das, zobu vesel\u012bbu un skaistumu.<\/p>\n<ul>\n<li>Pal\u012bdz uzlabot \u0101das, matu un nagu vesel\u012bbu<\/li>\n<li>Pal\u012bdz uzlabot dab\u012bg\u0101 kolag\u0113na sint\u0113zi<\/li>\n<li>Satur hidroliz\u0113tu I tipa j\u016bras kolag\u0113nu, kas nodro\u0161ina lab\u0101ku uzs\u016bk\u0161anos organism\u0101, sal\u012bzin\u0101jum\u0101 ar citiem kolag\u0113na veidiem<\/li>\n<\/ul>\n<p>&nbsp;<\/p>\n<p><strong>Neizmantot uztura bag\u0101tin\u0101t\u0101ju k\u0101 pilnv\u0113rt\u012bga, sabalans\u0113ta uztura un vesel\u012bga dz\u012bvesveida aizvietot\u0101ju.\u00a0<\/strong><\/p>\n","protected":false},"featured_media":22901,"comment_status":"open","ping_status":"closed","template":"","meta":{"_acf_changed":false,"inline_featured_image":false},"product_brand":[],"product_cat":[112,111],"product_tag":[450,522,448],"class_list":{"0":"post-10554","1":"product","2":"type-product","3":"status-publish","4":"has-post-thumbnail","6":"product_cat-anti-aging-ru","7":"product_cat-skaistumam-un-labsajutai-ru","8":"product_tag-vitamin-c","9":"product_tag-morskoj-kollagen","10":"product_tag-cink","12":"first","13":"instock","14":"taxable","15":"shipping-taxable","16":"purchasable","17":"product-type-simple"},"acf":[],"_links":{"self":[{"href":"https:\/\/silvanols.lv\/ru\/wp-json\/wp\/v2\/product\/10554","targetHints":{"allow":["GET"]}}],"collection":[{"href":"https:\/\/silvanols.lv\/ru\/wp-json\/wp\/v2\/product"}],"about":[{"href":"https:\/\/silvanols.lv\/ru\/wp-json\/wp\/v2\/types\/product"}],"replies":[{"embeddable":true,"href":"https:\/\/silvanols.lv\/ru\/wp-json\/wp\/v2\/comments?post=10554"}],"wp:featuredmedia":[{"embeddable":true,"href":"https:\/\/silvanols.lv\/ru\/wp-json\/wp\/v2\/media\/22901"}],"wp:attachment":[{"href":"https:\/\/silvanols.lv\/ru\/wp-json\/wp\/v2\/media?parent=10554"}],"wp:term":[{"taxonomy":"product_brand","embeddable":true,"href":"https:\/\/silvanols.lv\/ru\/wp-json\/wp\/v2\/product_brand?post=10554"},{"taxonomy":"product_cat","embeddable":true,"href":"https:\/\/silvanols.lv\/ru\/wp-json\/wp\/v2\/product_cat?post=10554"},{"taxonomy":"product_tag","embeddable":true,"href":"https:\/\/silvanols.lv\/ru\/wp-json\/wp\/v2\/product_tag?post=10554"}],"curies":[{"name":"wp","href":"https:\/\/api.w.org\/{rel}","templated":true}]}}