{"id":12774,"date":"2024-02-20T09:32:59","date_gmt":"2024-02-20T07:32:59","guid":{"rendered":"https:\/\/silvanols.lv\/?post_type=product&#038;p=12774"},"modified":"2026-04-17T12:02:39","modified_gmt":"2026-04-17T09:02:39","slug":"premium-b-complex-60-kaps","status":"publish","type":"product","link":"https:\/\/silvanols.lv\/ru\/products\/premium-b-complex-60-kaps\/","title":{"rendered":"PREMIUM B COMPLEX 60 kaps."},"content":{"rendered":"<p>vitam\u012bns, b vitam\u012bns, vitamin, vita, kompleks, komplekss, pr\u0113mium<\/p>\n","protected":false},"excerpt":{"rendered":"<p>B grupas komplekss ar inozitolu organisma ener\u0123\u0113tisko procesu uzlabo\u0161anai, lab\u0101kai glikozes vielmai\u0146ai.<\/p>\n<p>&nbsp;<\/p>\n<p>Silvanols Premium B Complex ir \u012bpa\u0161i izstr\u0101d\u0101ts, augstas koncentr\u0101cijas B vitam\u012bnu komplekss, kura sast\u0101v\u0101 ir piln\u012bgi visi B grupas vitam\u012bni. B grupas vitam\u012bni ir b\u016btiski ment\u0101l\u0101s vesel\u012bbas nodro\u0161in\u0101\u0161anai, ener\u0123ijas ieguves vielmai\u0146\u0101, k\u0101 ar\u012b imunit\u0101tes nodro\u0161in\u0101\u0161anai. Produkts ir papildin\u0101ts ar inozitolu, kas uzlabo glikozes vielmai\u0146u. L\u012bdz ar to produkts b\u016bs lielisks atbalsts cilv\u0113kiem, insul\u012bna rezistences gad\u012bjum\u0101.<\/p>\n<p>&nbsp;<\/p>\n<ul>\n<li>Pal\u012bdz uzlabot visp\u0101r\u0113jo ener\u0123ijas l\u012bmeni ikdien\u0101;<\/li>\n<li>Atbalsta smadze\u0146u darb\u012bbu, un ment\u0101l\u0101s sp\u0113jas;<\/li>\n<li>Uzlabo tauku un glikozes vielmai\u0146u;<\/li>\n<li>Papildin\u0101ts ar inozitolu, lab\u0101kai B vitam\u012bnu absorbcijai organism\u0101.<\/li>\n<\/ul>\n<p>&nbsp;<\/p>\n<p><strong>NEIZMANTOT UZTURA BAG\u0100TIN\u0100T\u0100JU K\u0100 PILNV\u0112RT\u012aGA, SABALANS\u0112TA UZTURA UN VESEL\u012aGA DZ\u012aVESVEIDA AIZVIETOT\u0100JU.<\/strong><\/p>\n","protected":false},"featured_media":22902,"comment_status":"open","ping_status":"closed","template":"","meta":{"_acf_changed":false,"inline_featured_image":false},"product_brand":[],"product_cat":[30,71],"product_tag":[204,211,209,325,338,210,329,327],"class_list":{"0":"post-12774","1":"product","2":"type-product","3":"status-publish","4":"has-post-thumbnail","6":"product_cat-skaistumam-un-labsajutai","7":"product_cat-vitamini","8":"product_tag-b1-vitamins","9":"product_tag-b12-vitamins","10":"product_tag-b2-vitamins","11":"product_tag-b3-vitamins","12":"product_tag-b5-vitamins","13":"product_tag-b6-vitamins","14":"product_tag-b7-vitamins","15":"product_tag-folijskabe","17":"first","18":"instock","19":"sale","20":"taxable","21":"shipping-taxable","22":"purchasable","23":"product-type-simple"},"acf":[],"_links":{"self":[{"href":"https:\/\/silvanols.lv\/ru\/wp-json\/wp\/v2\/product\/12774","targetHints":{"allow":["GET"]}}],"collection":[{"href":"https:\/\/silvanols.lv\/ru\/wp-json\/wp\/v2\/product"}],"about":[{"href":"https:\/\/silvanols.lv\/ru\/wp-json\/wp\/v2\/types\/product"}],"replies":[{"embeddable":true,"href":"https:\/\/silvanols.lv\/ru\/wp-json\/wp\/v2\/comments?post=12774"}],"wp:featuredmedia":[{"embeddable":true,"href":"https:\/\/silvanols.lv\/ru\/wp-json\/wp\/v2\/media\/22902"}],"wp:attachment":[{"href":"https:\/\/silvanols.lv\/ru\/wp-json\/wp\/v2\/media?parent=12774"}],"wp:term":[{"taxonomy":"product_brand","embeddable":true,"href":"https:\/\/silvanols.lv\/ru\/wp-json\/wp\/v2\/product_brand?post=12774"},{"taxonomy":"product_cat","embeddable":true,"href":"https:\/\/silvanols.lv\/ru\/wp-json\/wp\/v2\/product_cat?post=12774"},{"taxonomy":"product_tag","embeddable":true,"href":"https:\/\/silvanols.lv\/ru\/wp-json\/wp\/v2\/product_tag?post=12774"}],"curies":[{"name":"wp","href":"https:\/\/api.w.org\/{rel}","templated":true}]}}