{"id":20258,"date":"2024-11-05T14:27:51","date_gmt":"2024-11-05T12:27:51","guid":{"rendered":"https:\/\/silvanols.lv\/?post_type=product&#038;p=20258"},"modified":"2026-04-21T16:00:35","modified_gmt":"2026-04-21T13:00:35","slug":"det-x-slim-5-g","status":"publish","type":"product","link":"https:\/\/silvanols.lv\/ru\/products\/det-x-slim-5-g\/","title":{"rendered":"DET\u2019X SLIM 5g x 30"},"content":{"rendered":"<p><span data-sheets-root=\"1\" data-sheets-value=\"{&quot;1&quot;:2,&quot;2&quot;:&quot;Detoks, Detox, Slims, Sl\u012bms&quot;}\" data-sheets-userformat=\"{&quot;2&quot;:14655,&quot;3&quot;:{&quot;1&quot;:0,&quot;3&quot;:1},&quot;4&quot;:{&quot;1&quot;:2,&quot;2&quot;:14872537},&quot;5&quot;:{&quot;1&quot;:[{&quot;1&quot;:2,&quot;2&quot;:0,&quot;5&quot;:{&quot;1&quot;:0}},{&quot;1&quot;:0,&quot;2&quot;:0,&quot;3&quot;:3},{&quot;1&quot;:1,&quot;2&quot;:0,&quot;4&quot;:1}]},&quot;6&quot;:{&quot;1&quot;:[{&quot;1&quot;:2,&quot;2&quot;:0,&quot;5&quot;:{&quot;1&quot;:0}},{&quot;1&quot;:0,&quot;2&quot;:0,&quot;3&quot;:3},{&quot;1&quot;:1,&quot;2&quot;:0,&quot;4&quot;:1}]},&quot;7&quot;:{&quot;1&quot;:[{&quot;1&quot;:2,&quot;2&quot;:0,&quot;5&quot;:{&quot;1&quot;:0}},{&quot;1&quot;:0,&quot;2&quot;:0,&quot;3&quot;:3},{&quot;1&quot;:1,&quot;2&quot;:0,&quot;4&quot;:1}]},&quot;8&quot;:{&quot;1&quot;:[{&quot;1&quot;:2,&quot;2&quot;:0,&quot;5&quot;:{&quot;1&quot;:0}},{&quot;1&quot;:0,&quot;2&quot;:0,&quot;3&quot;:3},{&quot;1&quot;:1,&quot;2&quot;:0,&quot;4&quot;:1}]},&quot;11&quot;:4,&quot;14&quot;:{&quot;1&quot;:3,&quot;3&quot;:1},&quot;15&quot;:&quot;Calibri&quot;,&quot;16&quot;:11}\">Detoks, Detox, Slims, Sl\u012bms, Sachet, Sa\u010d. Sachet, Sa\u010det, Paci\u0146, Pak<\/span><\/p>\n","protected":false},"excerpt":{"rendered":"<p><strong>Jaunums, kas Tevi p\u0101rsteigs! Inovat\u012bvais svaru samazino\u0161ais produkts Det\u2019x Slim tagad paci\u0146\u0101s.<\/strong><\/p>\n<p>J\u016bsu iecien\u012btais Det\u2019x Slim tagad pieejams jaun\u0101 iepakojum\u0101 \u2013 paci\u0146\u0101s, kas ir izstr\u0101d\u0101tas \u0113rt\u0101kai Tavai ikdienai! Pagatavo savu iem\u012b\u013coto svaru samazino\u0161o dz\u0113rienu Det\u2019x slim, kur un kad vien v\u0113lies!<\/p>\n<p>&nbsp;<\/p>\n<p><strong>K\u0101p\u0113c izv\u0113l\u0113ties Det\u2019x Slim paci\u0146\u0101s?<\/strong><\/p>\n<ul>\n<li>Det\u2019x slim dienas deva vien\u0101 paci\u0146\u0101 \u2013 paroc\u012bgi un prec\u012bzi!<\/li>\n<li>\u0112rti pa\u0146emt l\u012bdzi, neizlaid savu dienas devu ar Det\u2019x slim.<\/li>\n<li>Paci\u0146as sapakotas kast\u012bt\u0113, viena kast\u012bte pietiks 30 dien\u0101m.<\/li>\n<\/ul>\n<p>&nbsp;<\/p>\n<p><strong>Det\u2019x Slim ir inovat\u012bvs svaru samazino\u0161s l\u012bdzeklis, kas satur tikai dab\u012bgas sast\u0101vda\u013cas, nesatur pievienotu cukuru vai sint\u0113tiskos saldin\u0101t\u0101jus.<\/strong><\/p>\n<ul>\n<li>Mazina apet\u012bti \u2013 s\u0101c baud\u012bt br\u012bv\u012bbu no p\u0113k\u0161\u0146iem k\u0101rdin\u0101jumiem!<\/li>\n<\/ul>\n<ul>\n<li>Dedzina taukus \u2013 samazini centimetrus un redzi rezult\u0101tus!<\/li>\n<li>Izvada lieko \u0161\u0137idrumu \u2013 vieglums, kas ik dienu \u013cauj justies lieliski!<\/li>\n<li>Pa\u0101trina \u0137erme\u0146a svara zaud\u0113\u0161ana procesu*.<\/li>\n<\/ul>\n<p>Ieliec Det\u2019x slim paci\u0146u som\u0101, un Tava Det\u2019x slim dienas deva b\u016bs vienm\u0113r Tev pa rokai.<\/p>\n<p>*Veicina svara samazin\u0101\u0161anos tikai kompleks\u0101 iedarb\u012bb\u0101 ar vesel\u012bgu dz\u012bvesveidu un sabalans\u0113tu uzturu.<\/p>\n","protected":false},"featured_media":20652,"comment_status":"open","ping_status":"closed","template":"","meta":{"_acf_changed":false,"inline_featured_image":false},"product_brand":[],"product_cat":[77,74,759,30],"product_tag":[352,190,192,226],"class_list":{"0":"post-20258","1":"product","2":"type-product","3":"status-publish","4":"has-post-thumbnail","6":"product_cat-anti-aging","7":"product_cat-dabas-vielas","8":"product_cat-ipasie-piedavajumi","9":"product_cat-skaistumam-un-labsajutai","10":"product_tag-moro-sarkano-apelsinu-sulas-ekstrakts","11":"product_tag-akacijas-sveku-skiedrvielas","12":"product_tag-c-vitamins","13":"product_tag-opuncijas-auglu-ekstrakts","15":"first","16":"instock","17":"taxable","18":"shipping-taxable","19":"purchasable","20":"product-type-simple"},"acf":[],"_links":{"self":[{"href":"https:\/\/silvanols.lv\/ru\/wp-json\/wp\/v2\/product\/20258","targetHints":{"allow":["GET"]}}],"collection":[{"href":"https:\/\/silvanols.lv\/ru\/wp-json\/wp\/v2\/product"}],"about":[{"href":"https:\/\/silvanols.lv\/ru\/wp-json\/wp\/v2\/types\/product"}],"replies":[{"embeddable":true,"href":"https:\/\/silvanols.lv\/ru\/wp-json\/wp\/v2\/comments?post=20258"}],"wp:featuredmedia":[{"embeddable":true,"href":"https:\/\/silvanols.lv\/ru\/wp-json\/wp\/v2\/media\/20652"}],"wp:attachment":[{"href":"https:\/\/silvanols.lv\/ru\/wp-json\/wp\/v2\/media?parent=20258"}],"wp:term":[{"taxonomy":"product_brand","embeddable":true,"href":"https:\/\/silvanols.lv\/ru\/wp-json\/wp\/v2\/product_brand?post=20258"},{"taxonomy":"product_cat","embeddable":true,"href":"https:\/\/silvanols.lv\/ru\/wp-json\/wp\/v2\/product_cat?post=20258"},{"taxonomy":"product_tag","embeddable":true,"href":"https:\/\/silvanols.lv\/ru\/wp-json\/wp\/v2\/product_tag?post=20258"}],"curies":[{"name":"wp","href":"https:\/\/api.w.org\/{rel}","templated":true}]}}