{"id":25495,"date":"2025-02-28T18:46:07","date_gmt":"2025-02-28T16:46:07","guid":{"rendered":"https:\/\/silvanols.lv\/?post_type=product&#038;p=25495"},"modified":"2026-04-04T16:05:23","modified_gmt":"2026-04-04T13:05:23","slug":"lion-s-mane","status":"publish","type":"product","link":"https:\/\/silvanols.lv\/ru\/products\/lion-s-mane\/","title":{"rendered":"Lion&#8217;s Mane 60 kaps."},"content":{"rendered":"","protected":false},"excerpt":{"rendered":"<p>Lion\u2019s Mane jeb e\u017eu di\u017eadatene pieder pie funkcion\u0101lo s\u0113\u0146u grupas.\u00a0 Funkcion\u0101lo s\u0113\u0146u lieto\u0161ana ir saist\u012bta ar uzlabot\u0101m kognit\u012bvaj\u0101m sp\u0113j\u0101m.<\/p>\n<p>Lion\u2019s mane lieto\u0161ana var veicin\u0101t koncentr\u0113\u0161an\u0101s sp\u0113ju un atmi\u0146as uzlabo\u0161anos k\u0101 ar\u012b nervu sist\u0113mas vesel\u012bbu, pateicoties \u0161\u012bs s\u0113nes dab\u012bgaj\u0101m bioakt\u012bvaj\u0101m viel\u0101m. Piem\u0113rots b\u016bs visiem, kas v\u0113las uzlabot koncentr\u0113\u0161an\u0101s sp\u0113jas un kognit\u012bv\u0101s funkcijas sav\u0101 ikdien\u0101.<\/p>\n<p>&nbsp;<\/p>\n<p><strong>NEIZMANTOT UZTURA BAG\u0100TIN\u0100T\u0100JU K\u0100 PILNV\u0112RT\u012aGA, SABALANS\u0112TA UZTURA UN VESEL\u012aGA DZ\u012aVESVEIDA AIZVIETOT\u0100JU.<\/strong><\/p>\n","protected":false},"featured_media":25500,"comment_status":"open","ping_status":"closed","template":"","meta":{"_acf_changed":false,"inline_featured_image":false},"product_brand":[],"product_cat":[758,77,74,30],"product_tag":[],"class_list":{"0":"post-25495","1":"product","2":"type-product","3":"status-publish","4":"has-post-thumbnail","6":"product_cat-iepazisties-ar-jaunumiem","7":"product_cat-anti-aging","8":"product_cat-dabas-vielas","9":"product_cat-skaistumam-un-labsajutai","11":"first","12":"instock","13":"featured","14":"taxable","15":"shipping-taxable","16":"purchasable","17":"product-type-simple"},"acf":[],"_links":{"self":[{"href":"https:\/\/silvanols.lv\/ru\/wp-json\/wp\/v2\/product\/25495","targetHints":{"allow":["GET"]}}],"collection":[{"href":"https:\/\/silvanols.lv\/ru\/wp-json\/wp\/v2\/product"}],"about":[{"href":"https:\/\/silvanols.lv\/ru\/wp-json\/wp\/v2\/types\/product"}],"replies":[{"embeddable":true,"href":"https:\/\/silvanols.lv\/ru\/wp-json\/wp\/v2\/comments?post=25495"}],"wp:featuredmedia":[{"embeddable":true,"href":"https:\/\/silvanols.lv\/ru\/wp-json\/wp\/v2\/media\/25500"}],"wp:attachment":[{"href":"https:\/\/silvanols.lv\/ru\/wp-json\/wp\/v2\/media?parent=25495"}],"wp:term":[{"taxonomy":"product_brand","embeddable":true,"href":"https:\/\/silvanols.lv\/ru\/wp-json\/wp\/v2\/product_brand?post=25495"},{"taxonomy":"product_cat","embeddable":true,"href":"https:\/\/silvanols.lv\/ru\/wp-json\/wp\/v2\/product_cat?post=25495"},{"taxonomy":"product_tag","embeddable":true,"href":"https:\/\/silvanols.lv\/ru\/wp-json\/wp\/v2\/product_tag?post=25495"}],"curies":[{"name":"wp","href":"https:\/\/api.w.org\/{rel}","templated":true}]}}