{"id":25812,"date":"2025-03-10T15:16:56","date_gmt":"2025-03-10T13:16:56","guid":{"rendered":"https:\/\/silvanols.lv\/?post_type=product&#038;p=25812"},"modified":"2026-04-17T20:02:17","modified_gmt":"2026-04-17T17:02:17","slug":"faringospray-kids-20ml","status":"publish","type":"product","link":"https:\/\/silvanols.lv\/ru\/products\/faringospray-kids-20ml\/","title":{"rendered":"Faringospray Kids 20ml"},"content":{"rendered":"","protected":false},"excerpt":{"rendered":"<p>Silvanols Faringospray Kids ir kakla sprejs, kas rad\u012bts, iedvesmojoties no Faringospray \u2013 popul\u0101r\u0101 un iem\u012b\u013cot\u0101 izsmidzin\u0101m\u0101 l\u012bdzek\u013ca pret kakla s\u0101p\u0113m un iekaisumu.<\/p>\n<p>Silvanols Faringospray Kids ir v\u0113l vair\u0101k piel\u0101gots b\u0113rna vajadz\u012bb\u0101m saaukst\u0113\u0161an\u0101s laik\u0101 \u2013 smilts\u0113rk\u0161\u0137u e\u013c\u013ca, kas\u00a0 pal\u012bdz uztur\u0113t g\u013cot\u0101das vesel\u012bbu, papildin\u0101ta ar E-vitam\u012bnu, liepziediem un timi\u0101nu, kas pal\u012bdz uztur\u0113t kakla, r\u012bkles un mutes dobuma vesel\u012bbu. Pievienot\u0101 dab\u012bg\u0101 apels\u012bnu e\u013c\u013ca pie\u0161\u0137ir \u013coti sul\u012bgu un pat\u012bkamu gar\u0161u.<\/p>\n<p>&nbsp;<\/p>\n<p><strong>NEIZMANTOT UZTURA BAG\u0100TIN\u0100T\u0100JU K\u0100 PILNV\u0112RT\u012aGA, SABALANS\u0112TA UZTURA UN VESEL\u012aGA DZ\u012aVESVEIDA AIZVIETOT\u0100JU.<\/strong><\/p>\n","protected":false},"featured_media":25815,"comment_status":"open","ping_status":"closed","template":"","meta":{"_acf_changed":false,"inline_featured_image":false},"product_brand":[],"product_cat":[29,31,758,34],"product_tag":[],"class_list":{"0":"post-25812","1":"product","2":"type-product","3":"status-publish","4":"has-post-thumbnail","6":"product_cat-saaukstesanas-laika","7":"product_cat-berniem","8":"product_cat-iepazisties-ar-jaunumiem","9":"product_cat-kaklam","11":"first","12":"instock","13":"featured","14":"taxable","15":"shipping-taxable","16":"purchasable","17":"product-type-simple"},"acf":[],"_links":{"self":[{"href":"https:\/\/silvanols.lv\/ru\/wp-json\/wp\/v2\/product\/25812","targetHints":{"allow":["GET"]}}],"collection":[{"href":"https:\/\/silvanols.lv\/ru\/wp-json\/wp\/v2\/product"}],"about":[{"href":"https:\/\/silvanols.lv\/ru\/wp-json\/wp\/v2\/types\/product"}],"replies":[{"embeddable":true,"href":"https:\/\/silvanols.lv\/ru\/wp-json\/wp\/v2\/comments?post=25812"}],"wp:featuredmedia":[{"embeddable":true,"href":"https:\/\/silvanols.lv\/ru\/wp-json\/wp\/v2\/media\/25815"}],"wp:attachment":[{"href":"https:\/\/silvanols.lv\/ru\/wp-json\/wp\/v2\/media?parent=25812"}],"wp:term":[{"taxonomy":"product_brand","embeddable":true,"href":"https:\/\/silvanols.lv\/ru\/wp-json\/wp\/v2\/product_brand?post=25812"},{"taxonomy":"product_cat","embeddable":true,"href":"https:\/\/silvanols.lv\/ru\/wp-json\/wp\/v2\/product_cat?post=25812"},{"taxonomy":"product_tag","embeddable":true,"href":"https:\/\/silvanols.lv\/ru\/wp-json\/wp\/v2\/product_tag?post=25812"}],"curies":[{"name":"wp","href":"https:\/\/api.w.org\/{rel}","templated":true}]}}