{"id":26963,"date":"2025-04-29T09:46:35","date_gmt":"2025-04-29T06:46:35","guid":{"rendered":"https:\/\/silvanols.lv\/?post_type=product&#038;p=26963"},"modified":"2026-04-18T00:02:44","modified_gmt":"2026-04-17T21:02:44","slug":"silvanols-faringospray-apelsin-20ml","status":"publish","type":"product","link":"https:\/\/silvanols.lv\/ru\/products\/silvanols-faringospray-apelsin-20ml\/","title":{"rendered":"SILVANOLS FARINGOSPRAY APELSIN 20ml"},"content":{"rendered":"","protected":false},"excerpt":{"rendered":"<p>Uztura bag\u0101tin\u0101t\u0101js ar smilts\u0113rk\u0161\u0137iem un kli\u0146\u0123er\u012bt\u0113m.<\/p>\n<p>&nbsp;<\/p>\n<p>Izsmidzin\u0101ms \u0161\u0137idrums kaklam*<\/p>\n<p>*Kli\u0146\u0123er\u012bte pal\u012bdz uztur\u0113t kakla, r\u012bkles un\u00a0 mutes dobuma vesel\u012bbu, veicina norm\u0101lu elpo\u0161anas ce\u013cu darb\u012bbu. Smilts\u0113rk\u0161\u0137is pal\u012bdz uztur\u0113t g\u013cot\u0101das vesel\u012bbu.<\/p>\n<p>&nbsp;<\/p>\n<p><strong>NEIZMANTOT UZTURA BAG\u0100TIN\u0100T\u0100JU K\u0100 PILNV\u0112RT\u012aGA, SABALANS\u0112TA UZTURA UN VESEL\u012aGA DZ\u012aVESVEIDA AIZVIETOT\u0100JU.\u00a0<\/strong><\/p>\n","protected":false},"featured_media":26964,"comment_status":"open","ping_status":"closed","template":"","meta":{"_acf_changed":false,"inline_featured_image":false},"product_brand":[],"product_cat":[758,34,29],"product_tag":[],"class_list":{"0":"post-26963","1":"product","2":"type-product","3":"status-publish","4":"has-post-thumbnail","6":"product_cat-iepazisties-ar-jaunumiem","7":"product_cat-kaklam","8":"product_cat-saaukstesanas-laika","10":"first","11":"outofstock","12":"taxable","13":"shipping-taxable","14":"product-type-simple"},"acf":[],"_links":{"self":[{"href":"https:\/\/silvanols.lv\/ru\/wp-json\/wp\/v2\/product\/26963","targetHints":{"allow":["GET"]}}],"collection":[{"href":"https:\/\/silvanols.lv\/ru\/wp-json\/wp\/v2\/product"}],"about":[{"href":"https:\/\/silvanols.lv\/ru\/wp-json\/wp\/v2\/types\/product"}],"replies":[{"embeddable":true,"href":"https:\/\/silvanols.lv\/ru\/wp-json\/wp\/v2\/comments?post=26963"}],"wp:featuredmedia":[{"embeddable":true,"href":"https:\/\/silvanols.lv\/ru\/wp-json\/wp\/v2\/media\/26964"}],"wp:attachment":[{"href":"https:\/\/silvanols.lv\/ru\/wp-json\/wp\/v2\/media?parent=26963"}],"wp:term":[{"taxonomy":"product_brand","embeddable":true,"href":"https:\/\/silvanols.lv\/ru\/wp-json\/wp\/v2\/product_brand?post=26963"},{"taxonomy":"product_cat","embeddable":true,"href":"https:\/\/silvanols.lv\/ru\/wp-json\/wp\/v2\/product_cat?post=26963"},{"taxonomy":"product_tag","embeddable":true,"href":"https:\/\/silvanols.lv\/ru\/wp-json\/wp\/v2\/product_tag?post=26963"}],"curies":[{"name":"wp","href":"https:\/\/api.w.org\/{rel}","templated":true}]}}