{"id":27560,"date":"2026-04-17T14:51:49","date_gmt":"2026-04-17T11:51:49","guid":{"rendered":"https:\/\/silvanols.lv\/?post_type=product&#038;p=27560"},"modified":"2026-04-17T16:15:31","modified_gmt":"2026-04-17T13:15:31","slug":"chlorella","status":"publish","type":"product","link":"https:\/\/silvanols.lv\/ru\/products\/chlorella\/","title":{"rendered":"Chlorella"},"content":{"rendered":"","protected":false},"excerpt":{"rendered":"<p><b>Chlorella \u2013 dab\u012bgs ener\u0123ijas un imunit\u0101tes avots<\/b><\/p>\n<p><span style=\"font-weight: 400;\">Atkl\u0101j <\/span><b>hlorellu<\/b><span style=\"font-weight: 400;\"> \u2013 za\u013co supera\u013c\u0123i, kas bag\u0101ta ar <\/span><b>hlorofilu, vitam\u012bniem, miner\u0101lviel\u0101m un olbaltumviel\u0101m<\/b><span style=\"font-weight: 400;\">.<\/span><span style=\"font-weight: 400;\"><br \/>\n<\/span><span style=\"font-weight: 400;\">T\u0101 pal\u012bdz organismam justies viegl\u0101k un ener\u0123isk\u0101k, stiprina <\/span><b>imunit\u0101ti<\/b><span style=\"font-weight: 400;\">, atbalsta <\/span><b>gremo\u0161anas sist\u0113mu<\/b><span style=\"font-weight: 400;\"> un veicina <\/span><b>dabisku att\u012br\u012b\u0161anos<\/b><span style=\"font-weight: 400;\"> no toks\u012bniem.<\/span><\/p>\n<p><b>Chlorella ieguvumi:<\/b><\/p>\n<ul>\n<li style=\"font-weight: 400;\" aria-level=\"1\"><span style=\"font-weight: 400;\">Veicina <\/span><b>norm\u0101lu im\u016bnsist\u0113mas<\/b><span style=\"font-weight: 400;\"> darb\u012bbu;<\/span><\/li>\n<li style=\"font-weight: 400;\" aria-level=\"1\"><span style=\"font-weight: 400;\">Atbalsta <\/span><b>gremo\u0161anu<\/b><span style=\"font-weight: 400;\"> un pal\u012bdz organismam att\u012br\u012bties;<\/span><\/li>\n<li style=\"font-weight: 400;\" aria-level=\"1\"><span style=\"font-weight: 400;\">R\u016bp\u0113jas par <\/span><b>aknu, nieru un \u017eultsp\u016b\u0161\u013ca vesel\u012bbu<\/b><span style=\"font-weight: 400;\">;<\/span><\/li>\n<li style=\"font-weight: 400;\" aria-level=\"1\"><span style=\"font-weight: 400;\">Pal\u012bdz uztur\u0113t <\/span><b>norm\u0101lu cukura un holester\u012bna l\u012bmeni<\/b><span style=\"font-weight: 400;\"> asin\u012bs;<\/span><\/li>\n<li style=\"font-weight: 400;\" aria-level=\"1\"><span style=\"font-weight: 400;\">Samazina <\/span><b>nogurumu un nesp\u0113ku<\/b><span style=\"font-weight: 400;\">, uzlabo pa\u0161saj\u016btu un ener\u0123iju ikdien\u0101.<\/span><\/li>\n<\/ul>\n<p><b>Augstas kvalit\u0101tes hlorellas pulveris kapsul\u0101s<\/b><span style=\"font-weight: 400;\"> ir piem\u0113rots gan ve\u0123et\u0101rie\u0161iem, gan tiem, kas v\u0113las atbalst\u012bt savu vesel\u012bbu dabiski.<\/span><span style=\"font-weight: 400;\"><br \/>\n<\/span><span style=\"font-weight: 400;\">Pievieno hlorellu savai ikdienai un saj\u016bti, k\u0101 <\/span><b>dabas sp\u0113ks pal\u012bdz Tavam \u0137ermenim un pr\u0101tam<\/b><span style=\"font-weight: 400;\">!\u00a0<\/span><\/p>\n","protected":false},"featured_media":27561,"comment_status":"open","ping_status":"closed","template":"","meta":{"_acf_changed":false,"inline_featured_image":false},"product_brand":[],"product_cat":[30,77,74,758,83],"product_tag":[],"class_list":{"0":"post-27560","1":"product","2":"type-product","3":"status-publish","4":"has-post-thumbnail","6":"product_cat-skaistumam-un-labsajutai","7":"product_cat-anti-aging","8":"product_cat-dabas-vielas","9":"product_cat-iepazisties-ar-jaunumiem","10":"product_cat-visi-produkti","12":"first","13":"instock","14":"sale","15":"taxable","16":"shipping-taxable","17":"purchasable","18":"product-type-simple"},"acf":[],"_links":{"self":[{"href":"https:\/\/silvanols.lv\/ru\/wp-json\/wp\/v2\/product\/27560","targetHints":{"allow":["GET"]}}],"collection":[{"href":"https:\/\/silvanols.lv\/ru\/wp-json\/wp\/v2\/product"}],"about":[{"href":"https:\/\/silvanols.lv\/ru\/wp-json\/wp\/v2\/types\/product"}],"replies":[{"embeddable":true,"href":"https:\/\/silvanols.lv\/ru\/wp-json\/wp\/v2\/comments?post=27560"}],"wp:featuredmedia":[{"embeddable":true,"href":"https:\/\/silvanols.lv\/ru\/wp-json\/wp\/v2\/media\/27561"}],"wp:attachment":[{"href":"https:\/\/silvanols.lv\/ru\/wp-json\/wp\/v2\/media?parent=27560"}],"wp:term":[{"taxonomy":"product_brand","embeddable":true,"href":"https:\/\/silvanols.lv\/ru\/wp-json\/wp\/v2\/product_brand?post=27560"},{"taxonomy":"product_cat","embeddable":true,"href":"https:\/\/silvanols.lv\/ru\/wp-json\/wp\/v2\/product_cat?post=27560"},{"taxonomy":"product_tag","embeddable":true,"href":"https:\/\/silvanols.lv\/ru\/wp-json\/wp\/v2\/product_tag?post=27560"}],"curies":[{"name":"wp","href":"https:\/\/api.w.org\/{rel}","templated":true}]}}