{"id":27564,"date":"2026-04-17T14:55:02","date_gmt":"2026-04-17T11:55:02","guid":{"rendered":"https:\/\/silvanols.lv\/?post_type=product&#038;p=27564"},"modified":"2026-04-17T16:15:32","modified_gmt":"2026-04-17T13:15:32","slug":"cordyceps","status":"publish","type":"product","link":"https:\/\/silvanols.lv\/ru\/products\/cordyceps\/","title":{"rendered":"Cordyceps"},"content":{"rendered":"","protected":false},"excerpt":{"rendered":"<p><b>Cordyceps s\u0113ne \u2013 dab\u012bgs atbalsts ener\u0123ijai un imunit\u0101tei<\/b><\/p>\n<p><b>Augstv\u0113rt\u012bgs Cordyceps ekstrakts ar cinku<\/b><\/p>\n<p><span style=\"font-weight: 400;\">Cordyceps ar cinku ir lieliska izv\u0113le ikvienam, kur\u0161 v\u0113las <\/span><b>uzlabot organisma iztur\u012bbu, kognit\u012bv\u0101s sp\u0113jas un imunit\u0101ti<\/b><span style=\"font-weight: 400;\">. Dab\u012bgs ekstrakts, kas piem\u0113rots gan ikdienas vesel\u012bbas uztur\u0113\u0161anai, gan akt\u012bviem cilv\u0113kiem.<\/span><\/p>\n<p><span style=\"font-weight: 400;\">Apvienojot <\/span><b>Cordyceps s\u0113nes ekstraktu ar cinku<\/b><span style=\"font-weight: 400;\">, tiek nodro\u0161in\u0101ts sp\u0113c\u012bgs efekts gan fiziskajai, gan gar\u012bgajai labsaj\u016btai:<\/span><\/p>\n<ul>\n<li style=\"font-weight: 400;\" aria-level=\"1\"><b>norm\u0101las kognit\u012bv\u0101s funkcijas<\/b><span style=\"font-weight: 400;\">;<\/span><\/li>\n<li style=\"font-weight: 400;\" aria-level=\"1\"><b>norm\u0101lu im\u016bnsist\u0113mas darb\u012bbu<\/b><span style=\"font-weight: 400;\">;<\/span><\/li>\n<li style=\"font-weight: 400;\" aria-level=\"1\"><b>norm\u0101lu olbaltumvielu sint\u0113zi<\/b><span style=\"font-weight: 400;\">, kas svar\u012bga musku\u013cu un audu atjauno\u0161anai;<\/span><\/li>\n<li style=\"font-weight: 400;\" aria-level=\"1\"><span style=\"font-weight: 400;\">Cordyceps s\u0113ne tradicion\u0101li tiek lietota ener\u0123ijas, iztur\u012bbas un organisma vitalit\u0101tes stiprin\u0101\u0161anai.<\/span><\/li>\n<\/ul>\n<p><b>Kas ir Cordyceps s\u0113ne?<\/b><\/p>\n<p><b>Cordyceps sinensis<\/b><span style=\"font-weight: 400;\"> jeb \u0136\u012bnas kordicepa s\u0113ne gadsimtiem ilgi tiek izmantota tradicion\u0101laj\u0101 \u0137\u012bnie\u0161u medic\u012bn\u0101 k\u0101 l\u012bdzeklis dz\u012bv\u012bbas ener\u0123ijas un iztur\u012bbas stiprin\u0101\u0161anai. M\u016bsdien\u0101s \u0161is v\u0113rt\u012bgais ekstrakts ir k\u013cuvis popul\u0101rs vis\u0101 pasaul\u0113 k\u0101 dab\u012bgs atbalsts akt\u012bviem cilv\u0113kiem un vesel\u012bgam dz\u012bvesveidam.<\/span><\/p>\n","protected":false},"featured_media":27565,"comment_status":"open","ping_status":"closed","template":"","meta":{"_acf_changed":false,"inline_featured_image":false},"product_brand":[],"product_cat":[30,74,758,66,83],"product_tag":[],"class_list":{"0":"post-27564","1":"product","2":"type-product","3":"status-publish","4":"has-post-thumbnail","6":"product_cat-skaistumam-un-labsajutai","7":"product_cat-dabas-vielas","8":"product_cat-iepazisties-ar-jaunumiem","9":"product_cat-nerviem-un-miegam-skaistumam-un-labsajutai","10":"product_cat-visi-produkti","12":"first","13":"instock","14":"sale","15":"taxable","16":"shipping-taxable","17":"purchasable","18":"product-type-simple"},"acf":[],"_links":{"self":[{"href":"https:\/\/silvanols.lv\/ru\/wp-json\/wp\/v2\/product\/27564","targetHints":{"allow":["GET"]}}],"collection":[{"href":"https:\/\/silvanols.lv\/ru\/wp-json\/wp\/v2\/product"}],"about":[{"href":"https:\/\/silvanols.lv\/ru\/wp-json\/wp\/v2\/types\/product"}],"replies":[{"embeddable":true,"href":"https:\/\/silvanols.lv\/ru\/wp-json\/wp\/v2\/comments?post=27564"}],"wp:featuredmedia":[{"embeddable":true,"href":"https:\/\/silvanols.lv\/ru\/wp-json\/wp\/v2\/media\/27565"}],"wp:attachment":[{"href":"https:\/\/silvanols.lv\/ru\/wp-json\/wp\/v2\/media?parent=27564"}],"wp:term":[{"taxonomy":"product_brand","embeddable":true,"href":"https:\/\/silvanols.lv\/ru\/wp-json\/wp\/v2\/product_brand?post=27564"},{"taxonomy":"product_cat","embeddable":true,"href":"https:\/\/silvanols.lv\/ru\/wp-json\/wp\/v2\/product_cat?post=27564"},{"taxonomy":"product_tag","embeddable":true,"href":"https:\/\/silvanols.lv\/ru\/wp-json\/wp\/v2\/product_tag?post=27564"}],"curies":[{"name":"wp","href":"https:\/\/api.w.org\/{rel}","templated":true}]}}