{"id":27568,"date":"2026-04-17T15:11:31","date_gmt":"2026-04-17T12:11:31","guid":{"rendered":"https:\/\/silvanols.lv\/?post_type=product&#038;p=27568"},"modified":"2026-04-17T16:15:32","modified_gmt":"2026-04-17T13:15:32","slug":"reishi","status":"publish","type":"product","link":"https:\/\/silvanols.lv\/ru\/products\/reishi\/","title":{"rendered":"Reishi"},"content":{"rendered":"","protected":false},"excerpt":{"rendered":"<p><b>Rei\u0161i s\u0113ne \u2013 dabas superprodukts vesel\u012bbai un imunit\u0101tei<\/b><\/p>\n<p><b>Augstv\u0113rt\u012bgs Rei\u0161i ekstrakts ar C vitam\u012bnu<\/b><\/p>\n<p><span style=\"font-weight: 400;\">Apvienojot Rei\u0161i s\u0113nes ekstraktu ar <\/span><b>C vitam\u012bnu<\/b><span style=\"font-weight: 400;\">, tiek nodro\u0161in\u0101ts sp\u0113c\u012bgs atbalsts asinsritei, im\u016bnsist\u0113mai un organisma ener\u0123ijai:<\/span><\/p>\n<ul>\n<li style=\"font-weight: 400;\" aria-level=\"1\"><span style=\"font-weight: 400;\">Rei\u0161i s\u0113ne un C vitam\u012bns <\/span><b>veicina norm\u0101lu im\u016bnsist\u0113mas darb\u012bbu<\/b><span style=\"font-weight: 400;\">, darbojas ar\u012b k\u0101 <\/span><b>antioksidants;<\/b><\/li>\n<li style=\"font-weight: 400;\" aria-level=\"1\"><span style=\"font-weight: 400;\">Rei\u0161i s\u0113ne <\/span><b>pal\u012bdz nodro\u0161in\u0101t norm\u0101lu asinsriti<\/b><span style=\"font-weight: 400;\">;<\/span><\/li>\n<li style=\"font-weight: 400;\" aria-level=\"1\"><span style=\"font-weight: 400;\">C vitam\u012bns <\/span><b>pal\u012bdz samazin\u0101t nogurumu un nesp\u0113ku<\/b><span style=\"font-weight: 400;\">.<\/span><\/li>\n<\/ul>\n<p>&nbsp;<\/p>\n<p><b>Kas ir Rei\u0161i s\u0113ne?<\/b><\/p>\n<p><b>Rei\u0161i s\u0113ne (Ganoderma lucidum)<\/b><span style=\"font-weight: 400;\"> jau gadsimtiem ilgi tiek saukta par <\/span><i><span style=\"font-weight: 400;\">\u201cnemirst\u012bbas s\u0113ni\u201d<\/span><\/i><span style=\"font-weight: 400;\"> un izmantota Austrumu medic\u012bn\u0101 k\u0101 viens no sp\u0113c\u012bg\u0101kajiem dabas l\u012bdzek\u013ciem imunit\u0101tes stiprin\u0101\u0161anai un organisma l\u012bdzsvara uztur\u0113\u0161anai. T\u0101 ir \u0101rstnieciska s\u0113ne, kas satur bag\u0101t\u012bgu bioakt\u012bvo vielu kompleksu \u2013 polisahar\u012bdus, triterp\u0113nus, beta-glik\u0101nus, antioksidantus un aminosk\u0101bes. Tie\u0161i \u0161\u012bs vielas padara Rei\u0161i s\u0113ni par vienu no visvair\u0101k p\u0113t\u012btajiem dabas l\u012bdzek\u013ciem pasaul\u0113.<\/span><\/p>\n<p><b>K\u0101p\u0113c izv\u0113l\u0113ties Silvanols REISHI?<\/b><\/p>\n<p><span style=\"font-weight: 400;\">Rei\u0161i s\u0113ne ar C vitam\u012bnu ir <\/span><b>dab\u012bgs un dro\u0161s veids<\/b><span style=\"font-weight: 400;\">, k\u0101 ikdien\u0101 atbalst\u012bt imunit\u0101ti, ener\u0123iju un visp\u0101r\u0113jo vesel\u012bbu. Regul\u0101ra lieto\u0161ana pal\u012bdz justies <\/span><b>sp\u0113c\u012bg\u0101kam, ener\u0123isk\u0101kam un l\u012bdzsvarot\u0101kam<\/b><span style=\"font-weight: 400;\">.<\/span><\/p>\n<p>&nbsp;<\/p>\n","protected":false},"featured_media":27569,"comment_status":"open","ping_status":"closed","template":"","meta":{"_acf_changed":false,"inline_featured_image":false},"product_brand":[],"product_cat":[30,74,758,66,83],"product_tag":[],"class_list":{"0":"post-27568","1":"product","2":"type-product","3":"status-publish","4":"has-post-thumbnail","6":"product_cat-skaistumam-un-labsajutai","7":"product_cat-dabas-vielas","8":"product_cat-iepazisties-ar-jaunumiem","9":"product_cat-nerviem-un-miegam-skaistumam-un-labsajutai","10":"product_cat-visi-produkti","12":"first","13":"instock","14":"sale","15":"taxable","16":"shipping-taxable","17":"purchasable","18":"product-type-simple"},"acf":[],"_links":{"self":[{"href":"https:\/\/silvanols.lv\/ru\/wp-json\/wp\/v2\/product\/27568","targetHints":{"allow":["GET"]}}],"collection":[{"href":"https:\/\/silvanols.lv\/ru\/wp-json\/wp\/v2\/product"}],"about":[{"href":"https:\/\/silvanols.lv\/ru\/wp-json\/wp\/v2\/types\/product"}],"replies":[{"embeddable":true,"href":"https:\/\/silvanols.lv\/ru\/wp-json\/wp\/v2\/comments?post=27568"}],"wp:featuredmedia":[{"embeddable":true,"href":"https:\/\/silvanols.lv\/ru\/wp-json\/wp\/v2\/media\/27569"}],"wp:attachment":[{"href":"https:\/\/silvanols.lv\/ru\/wp-json\/wp\/v2\/media?parent=27568"}],"wp:term":[{"taxonomy":"product_brand","embeddable":true,"href":"https:\/\/silvanols.lv\/ru\/wp-json\/wp\/v2\/product_brand?post=27568"},{"taxonomy":"product_cat","embeddable":true,"href":"https:\/\/silvanols.lv\/ru\/wp-json\/wp\/v2\/product_cat?post=27568"},{"taxonomy":"product_tag","embeddable":true,"href":"https:\/\/silvanols.lv\/ru\/wp-json\/wp\/v2\/product_tag?post=27568"}],"curies":[{"name":"wp","href":"https:\/\/api.w.org\/{rel}","templated":true}]}}