{"id":27572,"date":"2026-04-17T15:16:08","date_gmt":"2026-04-17T12:16:08","guid":{"rendered":"https:\/\/silvanols.lv\/?post_type=product&#038;p=27572"},"modified":"2026-04-17T16:15:32","modified_gmt":"2026-04-17T13:15:32","slug":"golife-beauty-v","status":"publish","type":"product","link":"https:\/\/silvanols.lv\/ru\/products\/golife-beauty-v\/","title":{"rendered":"GoLife Beauty V"},"content":{"rendered":"","protected":false},"excerpt":{"rendered":"<p><b>Sievietes skaistumam un labsaj\u016btai<\/b><span style=\"font-weight: 400;\"><br \/>\n<\/span><b>GoLife Beauty V<\/b><span style=\"font-weight: 400;\"> ir \u012bpa\u0161i izstr\u0101d\u0101ts, lai atbalst\u012btu sievietes vesel\u012bbu, skaistumu un emocion\u0101lo l\u012bdzsvaru. Unik\u0101lais vitam\u012bnu, miner\u0101lvielu un augu ekstraktu komplekss satur gur\u0137enes un naktssveces e\u013c\u013cu, hialuronsk\u0101bi, k\u0101 ar\u012b Indijas spar\u0123eli, maku un viteksu \u2013 sast\u0101vda\u013cas, kas r\u016bp\u0113jas gan par \u0101r\u0113jo izskatu, gan iek\u0161\u0113jo labsaj\u016btu. \u0160\u012b siner\u0123ija padara uztura bag\u0101tin\u0101t\u0101ju par lielisku sabiedroto gan fiziskajai, gan emocion\u0101lajai sievietes labsaj\u016btai.<\/span><\/p>\n<p><b>\u0100das, matu un nagu vesel\u012bbai<\/b><span style=\"font-weight: 400;\"><br \/>\n<\/span><\/p>\n<ul>\n<li style=\"font-weight: 400;\" aria-level=\"1\"><span style=\"font-weight: 400;\">B2 un B3 vitam\u012bni, biot\u012bns un cinks pal\u012bdz uztur\u0113t vesel\u012bgu \u0101du;<\/span><\/li>\n<li style=\"font-weight: 400;\" aria-level=\"1\"><span style=\"font-weight: 400;\">Biot\u012bns, sel\u0113ns un cinks veicina stiprus un mirdzo\u0161us matus;<\/span><\/li>\n<li style=\"font-weight: 400;\" aria-level=\"1\"><span style=\"font-weight: 400;\">Sel\u0113ns un cinks stiprina nagus;<\/span><\/li>\n<li style=\"font-weight: 400;\" aria-level=\"1\"><span style=\"font-weight: 400;\">Bambusa ekstrakts kop\u0101 ar magniju nodro\u0161ina kaulu vesel\u012bbu un pal\u012bdz saglab\u0101t loc\u012btavu elast\u012bbu;<\/span><\/li>\n<li style=\"font-weight: 400;\" aria-level=\"1\"><span style=\"font-weight: 400;\">Hialuronsk\u0101be papildina formulu, r\u016bp\u0113joties par \u0101das mitrin\u0101\u0161anu un jaunekl\u012bg\u0101ku izskatu.<\/span><\/li>\n<\/ul>\n<p><b>Sievietes labsaj\u016btai un vitalit\u0101tei<\/b><span style=\"font-weight: 400;\"><br \/>\n<\/span><\/p>\n<ul>\n<li style=\"font-weight: 400;\" aria-level=\"1\"><span style=\"font-weight: 400;\">Indijas spar\u0123elis atbalsta reprodukt\u012bv\u0101s sist\u0113mas vesel\u012bbu un pal\u012bdz mazin\u0101t diskomfortu gan menstru\u0101l\u0101 cikla laik\u0101, gan menopauzes period\u0101;<\/span><\/li>\n<li style=\"font-weight: 400;\" aria-level=\"1\"><span style=\"font-weight: 400;\">Viteksa un makas ekstrakti pal\u012bdz l\u012bdzsvarot hormon\u0101lo sist\u0113mu, sekm\u0113 norm\u0101las kognit\u012bv\u0101s funkcijas un veicina libido;<\/span><\/li>\n<li style=\"font-weight: 400;\" aria-level=\"1\"><span style=\"font-weight: 400;\">B2, B3, B6 un C vitam\u012bni, k\u0101 ar\u012b magnijs pal\u012bdz samazin\u0101t nogurumu un nesp\u0113ku, nodro\u0161inot vair\u0101k ener\u0123ijas ikdien\u0101 .<\/span><\/li>\n<\/ul>\n","protected":false},"featured_media":27573,"comment_status":"open","ping_status":"closed","template":"","meta":{"_acf_changed":false,"inline_featured_image":false},"product_brand":[],"product_cat":[30,77,74,758,82,66,33,81,83,71],"product_tag":[],"class_list":{"0":"post-27572","1":"product","2":"type-product","3":"status-publish","4":"has-post-thumbnail","6":"product_cat-skaistumam-un-labsajutai","7":"product_cat-anti-aging","8":"product_cat-dabas-vielas","9":"product_cat-iepazisties-ar-jaunumiem","10":"product_cat-kauliem-un-locitavam","11":"product_cat-nerviem-un-miegam-skaistumam-un-labsajutai","12":"product_cat-problemzonam","13":"product_cat-urinceliem-un-dzimumfunkcijai","14":"product_cat-visi-produkti","15":"product_cat-vitamini","17":"first","18":"instock","19":"taxable","20":"shipping-taxable","21":"purchasable","22":"product-type-simple"},"acf":[],"_links":{"self":[{"href":"https:\/\/silvanols.lv\/ru\/wp-json\/wp\/v2\/product\/27572","targetHints":{"allow":["GET"]}}],"collection":[{"href":"https:\/\/silvanols.lv\/ru\/wp-json\/wp\/v2\/product"}],"about":[{"href":"https:\/\/silvanols.lv\/ru\/wp-json\/wp\/v2\/types\/product"}],"replies":[{"embeddable":true,"href":"https:\/\/silvanols.lv\/ru\/wp-json\/wp\/v2\/comments?post=27572"}],"wp:featuredmedia":[{"embeddable":true,"href":"https:\/\/silvanols.lv\/ru\/wp-json\/wp\/v2\/media\/27573"}],"wp:attachment":[{"href":"https:\/\/silvanols.lv\/ru\/wp-json\/wp\/v2\/media?parent=27572"}],"wp:term":[{"taxonomy":"product_brand","embeddable":true,"href":"https:\/\/silvanols.lv\/ru\/wp-json\/wp\/v2\/product_brand?post=27572"},{"taxonomy":"product_cat","embeddable":true,"href":"https:\/\/silvanols.lv\/ru\/wp-json\/wp\/v2\/product_cat?post=27572"},{"taxonomy":"product_tag","embeddable":true,"href":"https:\/\/silvanols.lv\/ru\/wp-json\/wp\/v2\/product_tag?post=27572"}],"curies":[{"name":"wp","href":"https:\/\/api.w.org\/{rel}","templated":true}]}}