{"id":4150,"date":"2023-10-31T10:03:53","date_gmt":"2023-10-31T08:03:53","guid":{"rendered":"https:\/\/silvanols.lv\/products\/mocard-atero-60-kaps\/"},"modified":"2026-04-07T04:05:51","modified_gmt":"2026-04-07T01:05:51","slug":"mocard-atero-60-kaps","status":"publish","type":"product","link":"https:\/\/silvanols.lv\/ru\/products\/mocard-atero-60-kaps\/","title":{"rendered":"MOCARD ATERO 60 kaps."},"content":{"rendered":"<p><span data-sheets-root=\"1\" data-sheets-value=\"{&quot;1&quot;:2,&quot;2&quot;:&quot;Mokard&quot;}\" data-sheets-userformat=\"{&quot;2&quot;:14655,&quot;3&quot;:{&quot;1&quot;:0,&quot;3&quot;:1},&quot;4&quot;:{&quot;1&quot;:2,&quot;2&quot;:14872537},&quot;5&quot;:{&quot;1&quot;:[{&quot;1&quot;:2,&quot;2&quot;:0,&quot;5&quot;:{&quot;1&quot;:0}},{&quot;1&quot;:0,&quot;2&quot;:0,&quot;3&quot;:3},{&quot;1&quot;:1,&quot;2&quot;:0,&quot;4&quot;:1}]},&quot;6&quot;:{&quot;1&quot;:[{&quot;1&quot;:2,&quot;2&quot;:0,&quot;5&quot;:{&quot;1&quot;:0}},{&quot;1&quot;:0,&quot;2&quot;:0,&quot;3&quot;:3},{&quot;1&quot;:1,&quot;2&quot;:0,&quot;4&quot;:1}]},&quot;7&quot;:{&quot;1&quot;:[{&quot;1&quot;:2,&quot;2&quot;:0,&quot;5&quot;:{&quot;1&quot;:0}},{&quot;1&quot;:0,&quot;2&quot;:0,&quot;3&quot;:3},{&quot;1&quot;:1,&quot;2&quot;:0,&quot;4&quot;:1}]},&quot;8&quot;:{&quot;1&quot;:[{&quot;1&quot;:2,&quot;2&quot;:0,&quot;5&quot;:{&quot;1&quot;:0}},{&quot;1&quot;:0,&quot;2&quot;:0,&quot;3&quot;:3},{&quot;1&quot;:1,&quot;2&quot;:0,&quot;4&quot;:1}]},&quot;11&quot;:4,&quot;14&quot;:{&quot;1&quot;:3,&quot;3&quot;:1},&quot;15&quot;:&quot;Calibri&quot;,&quot;16&quot;:11}\">Mokard<\/span><\/p>\n","protected":false},"excerpt":{"rendered":"<p>Uztura bag\u0101tin\u0101t\u0101js ar monakol\u012bnu K, natokin\u0101zi, B1 vitam\u012bnu, kurkumu un augu polifenoliem. Satur patent\u0113tu Omeolipid\u00ae arti\u0161oka, ciklanteras jeb Peru gur\u0137a un grie\u0137u trigonellas ekstraktu mais\u012bjumu.<\/p>\n<p>Kurkuma veicina norm\u0101lu holester\u012bna l\u012bmeni asin\u012bs, sirds un asinsvadu sist\u0113mas darb\u012bbu. \u00a0Kurkuma un arti\u0161oks veicina norm\u0101lu lip\u012bdu l\u012bmeni asin\u012bs. Tiam\u012bns veicina norm\u0101lu sirdsdarb\u012bbu. Arti\u0161oks pal\u012bdz uztur\u0113t norm\u0101lu aknu vesel\u012bbu.<\/p>\n<p>2 m\u0113ne\u0161u kurss.<\/p>\n","protected":false},"featured_media":6173,"comment_status":"open","ping_status":"closed","template":"","meta":{"_acf_changed":false,"inline_featured_image":false},"product_brand":[],"product_cat":[99,103],"product_tag":[402,600,607,612,691,533],"class_list":{"0":"post-4150","1":"product","2":"type-product","3":"status-publish","4":"has-post-thumbnail","6":"product_cat-problemzonam-ru","7":"product_cat-sirdij-un-asinsritei-problemzonam-ru","8":"product_tag-vitamin-b1","9":"product_tag-monakolin-k","10":"product_tag-nattokinaza","11":"product_tag-omeolipid","12":"product_tag-polifenoly-vinograda-i-olivok","13":"product_tag-jekstrakt-kurkumy","15":"first","16":"instock","17":"taxable","18":"shipping-taxable","19":"purchasable","20":"product-type-simple"},"acf":[],"_links":{"self":[{"href":"https:\/\/silvanols.lv\/ru\/wp-json\/wp\/v2\/product\/4150","targetHints":{"allow":["GET"]}}],"collection":[{"href":"https:\/\/silvanols.lv\/ru\/wp-json\/wp\/v2\/product"}],"about":[{"href":"https:\/\/silvanols.lv\/ru\/wp-json\/wp\/v2\/types\/product"}],"replies":[{"embeddable":true,"href":"https:\/\/silvanols.lv\/ru\/wp-json\/wp\/v2\/comments?post=4150"}],"wp:featuredmedia":[{"embeddable":true,"href":"https:\/\/silvanols.lv\/ru\/wp-json\/wp\/v2\/media\/6173"}],"wp:attachment":[{"href":"https:\/\/silvanols.lv\/ru\/wp-json\/wp\/v2\/media?parent=4150"}],"wp:term":[{"taxonomy":"product_brand","embeddable":true,"href":"https:\/\/silvanols.lv\/ru\/wp-json\/wp\/v2\/product_brand?post=4150"},{"taxonomy":"product_cat","embeddable":true,"href":"https:\/\/silvanols.lv\/ru\/wp-json\/wp\/v2\/product_cat?post=4150"},{"taxonomy":"product_tag","embeddable":true,"href":"https:\/\/silvanols.lv\/ru\/wp-json\/wp\/v2\/product_tag?post=4150"}],"curies":[{"name":"wp","href":"https:\/\/api.w.org\/{rel}","templated":true}]}}