{"id":4160,"date":"2023-10-30T17:41:09","date_gmt":"2023-10-30T15:41:09","guid":{"rendered":"https:\/\/silvanols.lv\/products\/premium-marine-collagen-400-g\/"},"modified":"2025-12-17T19:57:41","modified_gmt":"2025-12-17T17:57:41","slug":"premium-marine-collagen-400-g","status":"publish","type":"product","link":"https:\/\/silvanols.lv\/ru\/products\/premium-marine-collagen-400-g\/","title":{"rendered":"PREMIUM MARINE COLLAGEN 400 g"},"content":{"rendered":"<p><span data-sheets-root=\"1\" data-sheets-value=\"{&quot;1&quot;:2,&quot;2&quot;:&quot;Mar\u012bne, Kolag\u0113ns, Colagen, Cola, Colla, Kola, Kolla&quot;}\" data-sheets-userformat=\"{&quot;2&quot;:14655,&quot;3&quot;:{&quot;1&quot;:0,&quot;3&quot;:1},&quot;4&quot;:{&quot;1&quot;:2,&quot;2&quot;:14872537},&quot;5&quot;:{&quot;1&quot;:[{&quot;1&quot;:2,&quot;2&quot;:0,&quot;5&quot;:{&quot;1&quot;:0}},{&quot;1&quot;:0,&quot;2&quot;:0,&quot;3&quot;:3},{&quot;1&quot;:1,&quot;2&quot;:0,&quot;4&quot;:1}]},&quot;6&quot;:{&quot;1&quot;:[{&quot;1&quot;:2,&quot;2&quot;:0,&quot;5&quot;:{&quot;1&quot;:0}},{&quot;1&quot;:0,&quot;2&quot;:0,&quot;3&quot;:3},{&quot;1&quot;:1,&quot;2&quot;:0,&quot;4&quot;:1}]},&quot;7&quot;:{&quot;1&quot;:[{&quot;1&quot;:2,&quot;2&quot;:0,&quot;5&quot;:{&quot;1&quot;:0}},{&quot;1&quot;:0,&quot;2&quot;:0,&quot;3&quot;:3},{&quot;1&quot;:1,&quot;2&quot;:0,&quot;4&quot;:1}]},&quot;8&quot;:{&quot;1&quot;:[{&quot;1&quot;:2,&quot;2&quot;:0,&quot;5&quot;:{&quot;1&quot;:0}},{&quot;1&quot;:0,&quot;2&quot;:0,&quot;3&quot;:3},{&quot;1&quot;:1,&quot;2&quot;:0,&quot;4&quot;:1}]},&quot;11&quot;:4,&quot;14&quot;:{&quot;1&quot;:3,&quot;3&quot;:1},&quot;15&quot;:&quot;Calibri&quot;,&quot;16&quot;:11}\">Mar\u012bne, Kolag\u0113ns, Colagen, Cola, Colla, Kola, Kolla<\/span><\/p>\n","protected":false},"excerpt":{"rendered":"<p>Augstas koncentr\u0101cijas j\u016bras kolag\u0113na uztura bag\u0101tin\u0101t\u0101js, kombin\u0101cij\u0101 ar hialuronsk\u0101bi un dab\u012bgo antioksidantu astaksant\u012bnu.<\/p>\n<p>Kolag\u0113ns ir olbaltumviela, kas ar gadiem organism\u0101 samazin\u0101s. To \u012bpa\u0161i var just, par\u0101doties ar noveco\u0161anos saist\u012btiem procesiem \u2013 s\u0101k par\u0101d\u012bties arvien vair\u0101k s\u012bk\u0101s grumbi\u0146as sejas \u0101d\u0101, pasliktin\u0101s loc\u012btavu vesel\u012bba. Papildinot savu ikdienas uzturu ar augstas kvalit\u0101tes kolag\u0113nu, Tev ir iesp\u0113ja uzlabot savas \u0101das un loc\u012btavu vesel\u012bbu &#8212; Ikdien\u0101 organismu mitrinot un barojot no iek\u0161ienes.<\/p>\n<p>Silvanols Premium Marine Collagen ir unik\u0101ls produkts loc\u012btavu, matu, nagu un \u0101das vesel\u012bbai. Produkts satur hidroliz\u0113tu I tipa j\u016bras jeb zivju kolag\u0113nu, kas nodro\u0161ina lab\u0101ku uzs\u016bk\u0161anos organism\u0101, sal\u012bdzin\u0101jum\u0101 ar citiem kolag\u0113na veidiem. Rezult\u0101t\u0101 tiek sasniegts lab\u0101ks \u0101das mitrin\u0101\u0161anas, grumbu nov\u0113r\u0161anas, loc\u012btavu vesel\u012bbas uzlabo\u0161anas efekts.<\/p>\n<p>Hialuronsk\u0101bes kl\u0101tesam\u012bba produkt\u0101 pie\u0161\u0137ir papildus \u0101das mitrin\u0101\u0161anas un baro\u0161anas \u012bpa\u0161ibas, t\u0101d\u0113j\u0101di produktu padarot par efekt\u012bvu l\u012bdzekli c\u012b\u0146\u0101 ar noveco\u0161anos.<\/p>\n<ul>\n<li>Pal\u012bdz uzlabot loc\u012btavu, \u0101das, matu un nagu visp\u0101r\u0113jo vesel\u012bbu<\/li>\n<li>Samazina grumbu veido\u0161anos<\/li>\n<li>Satur hidroliz\u0113tu, augstas koncentr\u0101cijas j\u016bras kolag\u0113nu, kas nodro\u0161ina lab\u0101ku uzs\u016bk\u0161anos organism\u0101, sal\u012bzin\u0101jum\u0101 ar citiem kolag\u0113na veidiem.<\/li>\n<\/ul>\n<p>&nbsp;<\/p>\n<p>Tikai 1-2 m\u0113rkausi\u0146i dien\u0101. 66 produkta devas.<\/p>\n<p><strong>Neizmantot uztura bag\u0101tin\u0101t\u0101ju k\u0101 pilnv\u0113rt\u012bga, sabalans\u0113ta uztura un vesel\u012bga dz\u012bvesveida aizvietot\u0101ju.<\/strong><\/p>\n","protected":false},"featured_media":26994,"comment_status":"open","ping_status":"closed","template":"","meta":{"_acf_changed":false,"inline_featured_image":false},"product_brand":[],"product_cat":[112,760,101,111,99],"product_tag":[450,516,522],"class_list":{"0":"post-4160","1":"product","2":"type-product","3":"status-publish","4":"has-post-thumbnail","6":"product_cat-anti-aging-ru","7":"product_cat-ipasie-piedavajumi-ru","8":"product_cat-kauliem-un-locitavam-ru","9":"product_cat-skaistumam-un-labsajutai-ru","10":"product_cat-problemzonam-ru","11":"product_tag-vitamin-c","12":"product_tag-gialuronovaja-kislota-gialuronat-nat","13":"product_tag-morskoj-kollagen","15":"first","16":"instock","17":"featured","18":"taxable","19":"shipping-taxable","20":"purchasable","21":"product-type-simple"},"acf":[],"_links":{"self":[{"href":"https:\/\/silvanols.lv\/ru\/wp-json\/wp\/v2\/product\/4160","targetHints":{"allow":["GET"]}}],"collection":[{"href":"https:\/\/silvanols.lv\/ru\/wp-json\/wp\/v2\/product"}],"about":[{"href":"https:\/\/silvanols.lv\/ru\/wp-json\/wp\/v2\/types\/product"}],"replies":[{"embeddable":true,"href":"https:\/\/silvanols.lv\/ru\/wp-json\/wp\/v2\/comments?post=4160"}],"wp:featuredmedia":[{"embeddable":true,"href":"https:\/\/silvanols.lv\/ru\/wp-json\/wp\/v2\/media\/26994"}],"wp:attachment":[{"href":"https:\/\/silvanols.lv\/ru\/wp-json\/wp\/v2\/media?parent=4160"}],"wp:term":[{"taxonomy":"product_brand","embeddable":true,"href":"https:\/\/silvanols.lv\/ru\/wp-json\/wp\/v2\/product_brand?post=4160"},{"taxonomy":"product_cat","embeddable":true,"href":"https:\/\/silvanols.lv\/ru\/wp-json\/wp\/v2\/product_cat?post=4160"},{"taxonomy":"product_tag","embeddable":true,"href":"https:\/\/silvanols.lv\/ru\/wp-json\/wp\/v2\/product_tag?post=4160"}],"curies":[{"name":"wp","href":"https:\/\/api.w.org\/{rel}","templated":true}]}}