{"id":4164,"date":"2023-10-30T17:19:50","date_gmt":"2023-10-30T15:19:50","guid":{"rendered":"https:\/\/silvanols.lv\/products\/resveratrol-complex-60-kaps\/"},"modified":"2026-04-07T08:05:30","modified_gmt":"2026-04-07T05:05:30","slug":"resveratrol-complex-60-kaps","status":"publish","type":"product","link":"https:\/\/silvanols.lv\/ru\/products\/resveratrol-complex-60-kaps\/","title":{"rendered":"RESVERATROL COMPLEX 60 kaps."},"content":{"rendered":"<p><span data-sheets-root=\"1\" data-sheets-value=\"{&quot;1&quot;:2,&quot;2&quot;:&quot;Rezveratrol, Resveratrols, Rezver&quot;}\" data-sheets-userformat=\"{&quot;2&quot;:14655,&quot;3&quot;:{&quot;1&quot;:0,&quot;3&quot;:1},&quot;4&quot;:{&quot;1&quot;:2,&quot;2&quot;:14872537},&quot;5&quot;:{&quot;1&quot;:[{&quot;1&quot;:2,&quot;2&quot;:0,&quot;5&quot;:{&quot;1&quot;:0}},{&quot;1&quot;:0,&quot;2&quot;:0,&quot;3&quot;:3},{&quot;1&quot;:1,&quot;2&quot;:0,&quot;4&quot;:1}]},&quot;6&quot;:{&quot;1&quot;:[{&quot;1&quot;:2,&quot;2&quot;:0,&quot;5&quot;:{&quot;1&quot;:0}},{&quot;1&quot;:0,&quot;2&quot;:0,&quot;3&quot;:3},{&quot;1&quot;:1,&quot;2&quot;:0,&quot;4&quot;:1}]},&quot;7&quot;:{&quot;1&quot;:[{&quot;1&quot;:2,&quot;2&quot;:0,&quot;5&quot;:{&quot;1&quot;:0}},{&quot;1&quot;:0,&quot;2&quot;:0,&quot;3&quot;:3},{&quot;1&quot;:1,&quot;2&quot;:0,&quot;4&quot;:1}]},&quot;8&quot;:{&quot;1&quot;:[{&quot;1&quot;:2,&quot;2&quot;:0,&quot;5&quot;:{&quot;1&quot;:0}},{&quot;1&quot;:0,&quot;2&quot;:0,&quot;3&quot;:3},{&quot;1&quot;:1,&quot;2&quot;:0,&quot;4&quot;:1}]},&quot;11&quot;:4,&quot;14&quot;:{&quot;1&quot;:3,&quot;3&quot;:1},&quot;15&quot;:&quot;Calibri&quot;,&quot;16&quot;:11}\">Rezveratrol, Resveratrols, Rezver<\/span><\/p>\n","protected":false},"excerpt":{"rendered":"<p>Resveratrol Complex ir augstv\u0113rt\u012bgs uztura bag\u0101tin\u0101t\u0101js, kas pied\u0101v\u0101 sp\u0113c\u012bgu antioksidat\u012bvu iedarb\u012bbu un pal\u012bdz c\u012bn\u012bties pret oksidat\u012bvo stresu. \u0160is produkts satur efekt\u012bvu antioksidantu kombin\u0101ciju, kur\u0101 ietilpst resveratrols, v\u012bnogu s\u0113klu un ol\u012bvu aug\u013cu polifenoli. \u0160ie sp\u0113c\u012bgie dabas savienojumi ne tikai aizsarg\u0101 \u0161\u016bnas no oksidat\u012bviem boj\u0101jumiem, bet ar\u012b pal\u012bdz uzlabot visp\u0101r\u0113jo vesel\u012bbu.<\/p>\n<p>&nbsp;<\/p>\n<ul>\n<li>Aizsarg\u0101 \u0161\u016bnas no br\u012bvo radik\u0101\u013cu ietekmes, t\u0101dej\u0101di pal\u012bdzot c\u012b\u0146\u0101 pret oksidat\u012bvo stresu<\/li>\n<li>Veicina organisma aizsardz\u012bbu pret \u0101r\u0113j\u0101s vides kait\u012bgajiem faktoriem, t\u0101d\u0113j\u0101di pal\u012bdzot samazin\u0101t da\u017e\u0101du slim\u012bbu risku<\/li>\n<li>Piem\u012bt pretiekaisuma \u012bpa\u0161\u012bbas<\/li>\n<\/ul>\n<p>&nbsp;<\/p>\n<p><strong>NEIZMANTOT UZTURA BAG\u0100TIN\u0100T\u0100JU K\u0100 PILNV\u0112RT\u012aGA, SABALANS\u0112TA UZTURA UN VESEL\u012aGA DZ\u012aVESVEIDA AIZVIETOT\u0100JU.<\/strong><\/p>\n","protected":false},"featured_media":6038,"comment_status":"open","ping_status":"closed","template":"","meta":{"_acf_changed":false,"inline_featured_image":false},"product_brand":[],"product_cat":[112,111],"product_tag":[399,687],"class_list":{"0":"post-4164","1":"product","2":"type-product","3":"status-publish","4":"has-post-thumbnail","6":"product_cat-anti-aging-ru","7":"product_cat-skaistumam-un-labsajutai-ru","8":"product_tag-rastitelnye-polifenoly","9":"product_tag-trans-resveratrol-ru","11":"first","12":"instock","13":"taxable","14":"shipping-taxable","15":"purchasable","16":"product-type-simple"},"acf":[],"_links":{"self":[{"href":"https:\/\/silvanols.lv\/ru\/wp-json\/wp\/v2\/product\/4164","targetHints":{"allow":["GET"]}}],"collection":[{"href":"https:\/\/silvanols.lv\/ru\/wp-json\/wp\/v2\/product"}],"about":[{"href":"https:\/\/silvanols.lv\/ru\/wp-json\/wp\/v2\/types\/product"}],"replies":[{"embeddable":true,"href":"https:\/\/silvanols.lv\/ru\/wp-json\/wp\/v2\/comments?post=4164"}],"wp:featuredmedia":[{"embeddable":true,"href":"https:\/\/silvanols.lv\/ru\/wp-json\/wp\/v2\/media\/6038"}],"wp:attachment":[{"href":"https:\/\/silvanols.lv\/ru\/wp-json\/wp\/v2\/media?parent=4164"}],"wp:term":[{"taxonomy":"product_brand","embeddable":true,"href":"https:\/\/silvanols.lv\/ru\/wp-json\/wp\/v2\/product_brand?post=4164"},{"taxonomy":"product_cat","embeddable":true,"href":"https:\/\/silvanols.lv\/ru\/wp-json\/wp\/v2\/product_cat?post=4164"},{"taxonomy":"product_tag","embeddable":true,"href":"https:\/\/silvanols.lv\/ru\/wp-json\/wp\/v2\/product_tag?post=4164"}],"curies":[{"name":"wp","href":"https:\/\/api.w.org\/{rel}","templated":true}]}}