{"id":4166,"date":"2023-10-30T17:16:19","date_gmt":"2023-10-30T15:16:19","guid":{"rendered":"https:\/\/silvanols.lv\/products\/resveratrol-60-kaps\/"},"modified":"2026-01-12T21:37:37","modified_gmt":"2026-01-12T19:37:37","slug":"resveratrol-60-kaps","status":"publish","type":"product","link":"https:\/\/silvanols.lv\/ru\/products\/resveratrol-60-kaps\/","title":{"rendered":"RESVERATROL 60 kaps."},"content":{"rendered":"<p><span data-sheets-root=\"1\" data-sheets-value=\"{&quot;1&quot;:2,&quot;2&quot;:&quot;Rezveratrol, Resveratrols, Rezver&quot;}\" data-sheets-userformat=\"{&quot;2&quot;:14655,&quot;3&quot;:{&quot;1&quot;:0,&quot;3&quot;:1},&quot;4&quot;:{&quot;1&quot;:2,&quot;2&quot;:14872537},&quot;5&quot;:{&quot;1&quot;:[{&quot;1&quot;:2,&quot;2&quot;:0,&quot;5&quot;:{&quot;1&quot;:0}},{&quot;1&quot;:0,&quot;2&quot;:0,&quot;3&quot;:3},{&quot;1&quot;:1,&quot;2&quot;:0,&quot;4&quot;:1}]},&quot;6&quot;:{&quot;1&quot;:[{&quot;1&quot;:2,&quot;2&quot;:0,&quot;5&quot;:{&quot;1&quot;:0}},{&quot;1&quot;:0,&quot;2&quot;:0,&quot;3&quot;:3},{&quot;1&quot;:1,&quot;2&quot;:0,&quot;4&quot;:1}]},&quot;7&quot;:{&quot;1&quot;:[{&quot;1&quot;:2,&quot;2&quot;:0,&quot;5&quot;:{&quot;1&quot;:0}},{&quot;1&quot;:0,&quot;2&quot;:0,&quot;3&quot;:3},{&quot;1&quot;:1,&quot;2&quot;:0,&quot;4&quot;:1}]},&quot;8&quot;:{&quot;1&quot;:[{&quot;1&quot;:2,&quot;2&quot;:0,&quot;5&quot;:{&quot;1&quot;:0}},{&quot;1&quot;:0,&quot;2&quot;:0,&quot;3&quot;:3},{&quot;1&quot;:1,&quot;2&quot;:0,&quot;4&quot;:1}]},&quot;11&quot;:4,&quot;14&quot;:{&quot;1&quot;:3,&quot;3&quot;:1},&quot;15&quot;:&quot;Calibri&quot;,&quot;16&quot;:11}\">Rezveratrol, Resveratrols, Rezver<\/span><\/p>\n","protected":false},"excerpt":{"rendered":"<p>Antioksidants sirds darb\u012bbas uzlabo\u0161anai.<\/p>\n<p>&nbsp;<\/p>\n<p>Resveratrols ir dabas vielu antioksidants, kas dab\u0101 ir sastopams t\u0101d\u0101s og\u0101s k\u0101 v\u012bnogas, mellenes un dz\u0113rvenes. Resveratrolam k\u0101 sp\u0113c\u012bgam antioksidantam, piem\u012bt sp\u0113ja neitraliz\u0113t organism\u0101 izveidoju\u0161os br\u012bvos radik\u0101lus, k\u0101 rezult\u0101t\u0101 tas var b\u016bt sp\u0113c\u012bgs atbalsts c\u012b\u0146\u0101 pret oksidat\u012bvo stresu un p\u0101ragru noveco\u0161anos.<\/p>\n<p>Izbaudi dabas sp\u0113ku ar Silvanols Resveratrol uztura bag\u0101tin\u0101t\u0101ju, kas ir r\u016bp\u012bgi izstr\u0101d\u0101ts, lai atbalst\u012btu un uzlabotu Tavu sirds un asinsvadu vesel\u012bbu!<\/p>\n<p>&nbsp;<\/p>\n<ul>\n<li>Neitraliz\u0113 un izvada br\u012bvos radik\u0101\u013cus;<\/li>\n<li>Uzlabo asinsriti un veicina asinsvadu vesel\u012bbu;<\/li>\n<li>Sp\u0113c\u012bgs atbalsts, vecuma slim\u012bbu profilaksei.<\/li>\n<\/ul>\n<p>&nbsp;<\/p>\n<p><strong>NEIZMANTOT UZTURA BAG\u0100TIN\u0100T\u0100JU K\u0100 PILNV\u0112RT\u012aGA, SABALANS\u0112TA UZTURA UN VESEL\u012aGA DZ\u012aVESVEIDA AIZVIETOT\u0100JU.\u00a0<\/strong><\/p>\n","protected":false},"featured_media":6645,"comment_status":"open","ping_status":"closed","template":"","meta":{"_acf_changed":false,"inline_featured_image":false},"product_brand":[],"product_cat":[112,111,99,103],"product_tag":[687],"class_list":{"0":"post-4166","1":"product","2":"type-product","3":"status-publish","4":"has-post-thumbnail","6":"product_cat-anti-aging-ru","7":"product_cat-skaistumam-un-labsajutai-ru","8":"product_cat-problemzonam-ru","9":"product_cat-sirdij-un-asinsritei-problemzonam-ru","10":"product_tag-trans-resveratrol-ru","12":"first","13":"instock","14":"taxable","15":"shipping-taxable","16":"purchasable","17":"product-type-simple"},"acf":[],"_links":{"self":[{"href":"https:\/\/silvanols.lv\/ru\/wp-json\/wp\/v2\/product\/4166","targetHints":{"allow":["GET"]}}],"collection":[{"href":"https:\/\/silvanols.lv\/ru\/wp-json\/wp\/v2\/product"}],"about":[{"href":"https:\/\/silvanols.lv\/ru\/wp-json\/wp\/v2\/types\/product"}],"replies":[{"embeddable":true,"href":"https:\/\/silvanols.lv\/ru\/wp-json\/wp\/v2\/comments?post=4166"}],"wp:featuredmedia":[{"embeddable":true,"href":"https:\/\/silvanols.lv\/ru\/wp-json\/wp\/v2\/media\/6645"}],"wp:attachment":[{"href":"https:\/\/silvanols.lv\/ru\/wp-json\/wp\/v2\/media?parent=4166"}],"wp:term":[{"taxonomy":"product_brand","embeddable":true,"href":"https:\/\/silvanols.lv\/ru\/wp-json\/wp\/v2\/product_brand?post=4166"},{"taxonomy":"product_cat","embeddable":true,"href":"https:\/\/silvanols.lv\/ru\/wp-json\/wp\/v2\/product_cat?post=4166"},{"taxonomy":"product_tag","embeddable":true,"href":"https:\/\/silvanols.lv\/ru\/wp-json\/wp\/v2\/product_tag?post=4166"}],"curies":[{"name":"wp","href":"https:\/\/api.w.org\/{rel}","templated":true}]}}