{"id":4168,"date":"2023-10-30T17:11:51","date_gmt":"2023-10-30T15:11:51","guid":{"rendered":"https:\/\/silvanols.lv\/products\/hyaluronic-acid-with-msm-120-kaps\/"},"modified":"2025-03-25T13:38:00","modified_gmt":"2025-03-25T11:38:00","slug":"hyaluronic-acid-with-msm-120-kaps","status":"publish","type":"product","link":"https:\/\/silvanols.lv\/ru\/products\/hyaluronic-acid-with-msm-120-kaps\/","title":{"rendered":"Hyaluronic acid with MSM 120 kaps."},"content":{"rendered":"<p>Hialuronic, Hialuronsk\u0101be, Hialur, Sk\u0101be, Skabe<\/p>\n","protected":false},"excerpt":{"rendered":"<p>Samazinoties \u0101das tvirtumam, elast\u012bbai un par\u0101doties krunci\u0146\u0101m uz \u0101das, t\u0101s ir pirm\u0101s paz\u012bmes, kas liecina, ka organism\u0101 s\u0101k samazin\u0101ties Hialuronsk\u0101be.<\/p>\n<p>Hialuronsk\u0101be ir \u013coti noz\u012bm\u012bga m\u016bsu organisma sast\u0101vda\u013ca. Cilv\u0113kam piedzimstot, hialuronsk\u0101be ir liel\u0101 daudzum\u0101, bet ar gadiem t\u0101s daudzums b\u016btiski samazin\u0101s, it sevi\u0161\u0137i p\u0113c \u010detrdesmit gadu vecuma.<\/p>\n<p>Hialuronsk\u0101be ir \u013coti sp\u0113c\u012bgs mitrin\u0101t\u0101js, t\u0101 l\u012bdz\u012bgi k\u0101 s\u016bklis sp\u0113j piesaist\u012bt \u013coti lielu \u016bdens daudzumu. Hialuronsk\u0101be organism\u0101 saista \u016bdeni, pal\u012bdz sintez\u0113t kolag\u0113nu un elast\u012bnu, aizsarg\u0101 no br\u012bvajiem radik\u0101\u013ciem, t\u0101d\u0113j\u0101di pal\u012bdzot ilg\u0101k izskat\u012bties jauniem.<\/p>\n<p>Lai ar\u012b Hialuronsk\u0101be p\u0113c uzb\u016bves ir polisahar\u012bds (cukura molekula), t\u0101 ir \u017eelejveida viela, kas atrodas visos \u0137erme\u0146a audos, ar visliel\u0101ko koncentr\u0101ciju saistaudos, piem\u0113ram, \u0101d\u0101, skrim\u0161\u013cos.<\/p>\n<p>Metilsulfonilmet\u0101ns (MSM) ir organiska s\u0113ra forma. MSM \u0161im produktam ir pievienots k\u0101 dabiska s\u0113ra savienojuma avots, kas piedal\u0101s kolag\u0113na un elast\u012bna sint\u0113z\u0113, pal\u012bdz uztur\u0113t \u0137erme\u0146a saistaudus. Hialuronsk\u0101be un metilsulfonilmet\u0101ns (MSM) ir sp\u0113c\u012bga divu vielu kombin\u0101cija, kas pal\u012bdz samazin\u0101t ar noveco\u0161anos saist\u012btus procesus organism\u0101.<\/p>\n","protected":false},"featured_media":6648,"comment_status":"open","ping_status":"closed","template":"","meta":{"_acf_changed":false,"inline_featured_image":false},"product_brand":[],"product_cat":[112,111],"product_tag":[516,596],"class_list":{"0":"post-4168","1":"product","2":"type-product","3":"status-publish","4":"has-post-thumbnail","6":"product_cat-anti-aging-ru","7":"product_cat-skaistumam-un-labsajutai-ru","8":"product_tag-gialuronovaja-kislota-gialuronat-nat","9":"product_tag-metilsulfonilmetan-msm","11":"first","12":"instock","13":"taxable","14":"shipping-taxable","15":"purchasable","16":"product-type-simple"},"acf":[],"_links":{"self":[{"href":"https:\/\/silvanols.lv\/ru\/wp-json\/wp\/v2\/product\/4168","targetHints":{"allow":["GET"]}}],"collection":[{"href":"https:\/\/silvanols.lv\/ru\/wp-json\/wp\/v2\/product"}],"about":[{"href":"https:\/\/silvanols.lv\/ru\/wp-json\/wp\/v2\/types\/product"}],"replies":[{"embeddable":true,"href":"https:\/\/silvanols.lv\/ru\/wp-json\/wp\/v2\/comments?post=4168"}],"wp:featuredmedia":[{"embeddable":true,"href":"https:\/\/silvanols.lv\/ru\/wp-json\/wp\/v2\/media\/6648"}],"wp:attachment":[{"href":"https:\/\/silvanols.lv\/ru\/wp-json\/wp\/v2\/media?parent=4168"}],"wp:term":[{"taxonomy":"product_brand","embeddable":true,"href":"https:\/\/silvanols.lv\/ru\/wp-json\/wp\/v2\/product_brand?post=4168"},{"taxonomy":"product_cat","embeddable":true,"href":"https:\/\/silvanols.lv\/ru\/wp-json\/wp\/v2\/product_cat?post=4168"},{"taxonomy":"product_tag","embeddable":true,"href":"https:\/\/silvanols.lv\/ru\/wp-json\/wp\/v2\/product_tag?post=4168"}],"curies":[{"name":"wp","href":"https:\/\/api.w.org\/{rel}","templated":true}]}}