{"id":4174,"date":"2023-10-30T15:28:24","date_gmt":"2023-10-30T13:28:24","guid":{"rendered":"https:\/\/silvanols.lv\/products\/detx-slim-400-g\/"},"modified":"2026-04-20T15:28:42","modified_gmt":"2026-04-20T12:28:42","slug":"detx-slim-400-g","status":"publish","type":"product","link":"https:\/\/silvanols.lv\/ru\/products\/detx-slim-400-g\/","title":{"rendered":"DET\u2019X SLIM 400 g"},"content":{"rendered":"<p><span data-sheets-root=\"1\" data-sheets-value=\"{&quot;1&quot;:2,&quot;2&quot;:&quot;Detoks, Detox, Slims, Sl\u012bms&quot;}\" data-sheets-userformat=\"{&quot;2&quot;:14655,&quot;3&quot;:{&quot;1&quot;:0,&quot;3&quot;:1},&quot;4&quot;:{&quot;1&quot;:2,&quot;2&quot;:14872537},&quot;5&quot;:{&quot;1&quot;:[{&quot;1&quot;:2,&quot;2&quot;:0,&quot;5&quot;:{&quot;1&quot;:0}},{&quot;1&quot;:0,&quot;2&quot;:0,&quot;3&quot;:3},{&quot;1&quot;:1,&quot;2&quot;:0,&quot;4&quot;:1}]},&quot;6&quot;:{&quot;1&quot;:[{&quot;1&quot;:2,&quot;2&quot;:0,&quot;5&quot;:{&quot;1&quot;:0}},{&quot;1&quot;:0,&quot;2&quot;:0,&quot;3&quot;:3},{&quot;1&quot;:1,&quot;2&quot;:0,&quot;4&quot;:1}]},&quot;7&quot;:{&quot;1&quot;:[{&quot;1&quot;:2,&quot;2&quot;:0,&quot;5&quot;:{&quot;1&quot;:0}},{&quot;1&quot;:0,&quot;2&quot;:0,&quot;3&quot;:3},{&quot;1&quot;:1,&quot;2&quot;:0,&quot;4&quot;:1}]},&quot;8&quot;:{&quot;1&quot;:[{&quot;1&quot;:2,&quot;2&quot;:0,&quot;5&quot;:{&quot;1&quot;:0}},{&quot;1&quot;:0,&quot;2&quot;:0,&quot;3&quot;:3},{&quot;1&quot;:1,&quot;2&quot;:0,&quot;4&quot;:1}]},&quot;11&quot;:4,&quot;14&quot;:{&quot;1&quot;:3,&quot;3&quot;:1},&quot;15&quot;:&quot;Calibri&quot;,&quot;16&quot;:11}\">Detoks, Detox, Slims, Sl\u012bms<\/span><\/p>\n","protected":false},"excerpt":{"rendered":"<p>Silvanols DET\u2019X SLIM ir inovat\u012bvs produkts, kas pal\u012bdz samazin\u0101t \u0137erme\u0146a svaru. Det\u2019x slim piem\u012bt daudzpus\u012bga iedarb\u012bba svara kontrolei. Produkts pal\u012bdz samazin\u0101t apet\u012bti, pa\u0101trin\u0101t vielmai\u0146u, samazin\u0101t \u0137erme\u0146a t\u016bsku, izvadot lieki aiztur\u0113to \u0161\u0137idrumu, t\u0101dej\u0101di padarot to par ide\u0101lu pal\u012bgu, c\u012b\u0146\u0101 ar liekajiem kilogramiem.<\/p>\n<p>Det\u2019x slim var lietot \u0113dienrei\u017eu laik\u0101, k\u0101 padz\u0113rienu, vai starp \u0113dienreiz\u0113m, lai samazin\u0101tu izsalkumu. DET\u2019X SLIM ir ide\u0101li piem\u0113rots ikvienam, kur\u0161, iev\u0113rojot kaloriju defic\u012btu, v\u0113las uzlabot savu rezult\u0101tu. Tiev\u0113 gudri ar Silvanols DET\u2019X SLIM!<\/p>\n<ul>\n<li>Pa\u0101trina \u0137erme\u0146a svara zaud\u0113\u0161anas procesu*<\/li>\n<li>Samazina \u0113stgribu, iev\u0113rojot svara zaud\u0113\u0161anas di\u0113tu<\/li>\n<li>Samazina \u0136MI un \u0137erme\u0146a svaru<\/li>\n<li>Samazina v\u0113dera un gurnu apk\u0101rtm\u0113ru<\/li>\n<li>Samazina piet\u016bkuma saj\u016btu<\/li>\n<\/ul>\n<p>*Veicina svara samazin\u0101\u0161anos tikai kompleks\u0101 iedarb\u012bb\u0101 ar vesel\u012bgu dz\u012bvesveidu un sabalans\u0113tu uzturu.<\/p>\n<p>Tikai 1 m\u0113rkausi\u0146\u0161 dien\u0101. 80 dienu kurss.<\/p>\n<p>&nbsp;<\/p>\n","protected":false},"featured_media":6047,"comment_status":"open","ping_status":"closed","template":"","meta":{"_acf_changed":false,"inline_featured_image":false},"product_brand":[],"product_cat":[112,760,111,114],"product_tag":[450,389,614,701],"class_list":{"0":"post-4174","1":"product","2":"type-product","3":"status-publish","4":"has-post-thumbnail","6":"product_cat-anti-aging-ru","7":"product_cat-ipasie-piedavajumi-ru","8":"product_cat-skaistumam-un-labsajutai-ru","9":"product_cat-dabas-vielas-ru","10":"product_tag-vitamin-c","11":"product_tag-volokna-kamedi-akacii","12":"product_tag-jekstrakt-plodov-opuncii","13":"product_tag-jekstrakt-soka-krasnogo-apelsina-moro","15":"first","16":"instock","17":"taxable","18":"shipping-taxable","19":"purchasable","20":"product-type-simple"},"acf":[],"_links":{"self":[{"href":"https:\/\/silvanols.lv\/ru\/wp-json\/wp\/v2\/product\/4174","targetHints":{"allow":["GET"]}}],"collection":[{"href":"https:\/\/silvanols.lv\/ru\/wp-json\/wp\/v2\/product"}],"about":[{"href":"https:\/\/silvanols.lv\/ru\/wp-json\/wp\/v2\/types\/product"}],"replies":[{"embeddable":true,"href":"https:\/\/silvanols.lv\/ru\/wp-json\/wp\/v2\/comments?post=4174"}],"wp:featuredmedia":[{"embeddable":true,"href":"https:\/\/silvanols.lv\/ru\/wp-json\/wp\/v2\/media\/6047"}],"wp:attachment":[{"href":"https:\/\/silvanols.lv\/ru\/wp-json\/wp\/v2\/media?parent=4174"}],"wp:term":[{"taxonomy":"product_brand","embeddable":true,"href":"https:\/\/silvanols.lv\/ru\/wp-json\/wp\/v2\/product_brand?post=4174"},{"taxonomy":"product_cat","embeddable":true,"href":"https:\/\/silvanols.lv\/ru\/wp-json\/wp\/v2\/product_cat?post=4174"},{"taxonomy":"product_tag","embeddable":true,"href":"https:\/\/silvanols.lv\/ru\/wp-json\/wp\/v2\/product_tag?post=4174"}],"curies":[{"name":"wp","href":"https:\/\/api.w.org\/{rel}","templated":true}]}}