{"id":4180,"date":"2023-10-30T15:11:30","date_gmt":"2023-10-30T13:11:30","guid":{"rendered":"https:\/\/silvanols.lv\/products\/acetyl-l-carnitine-120-kaps\/"},"modified":"2026-04-17T12:01:56","modified_gmt":"2026-04-17T09:01:56","slug":"acetyl-l-carnitine-120-kaps","status":"publish","type":"product","link":"https:\/\/silvanols.lv\/ru\/products\/acetyl-l-carnitine-120-kaps\/","title":{"rendered":"Acetyl-L-Carnitine 120 kaps."},"content":{"rendered":"<p>Acetil-L-Carnitine, Acetil-L-Karnit\u012bns, Acetil, Acetils, Karnit\u012bns, Karnitin, Acetilkarnit\u012bns, Acetilkarnitins, Ace, Acet\u012bl, Kar, Ake, Aketil, Aket\u012bl<\/p>\n","protected":false},"excerpt":{"rendered":"<p>Fizisk\u0101s slodzes veiktsp\u0113jai un iztur\u012bbai.<\/p>\n<p>Acetyl-L-karnit\u012bns ir biolo\u0123iski akt\u012bva viela, kas neliel\u0101 veid\u0101 tiek ra\u017eota cilv\u0113ka organism\u0101. Tas organism\u0101 piedal\u0101s tauksk\u0101bju oksid\u0101cijas procesos, t\u0101d\u0113j\u0101di veicinot tauku p\u0101rv\u0113r\u0161anu ener\u0123ij\u0101. Acetyl-L-karnit\u012bna lieto\u0161ana pirms fiziskas slodzes uzlabos Tavu veiktsp\u0113ju un iztur\u012bbu slodzes laik\u0101.<\/p>\n<ul>\n<li>Uzlabo veiktsp\u0113ju un iztur\u012bbu fiziskas slodzes laik\u0101<\/li>\n<li>Veicina tauku metabolismu un pal\u012bdz sadedzin\u0101t lieko tauku kr\u0101jumus<\/li>\n<li>Pal\u012bdz uzlabot smadze\u0146u vesel\u012bbu un kognit\u012bv\u0101s funkcijas<\/li>\n<li>Pal\u012bdz c\u012bn\u012bties pret oksidat\u012bvo stresu un neitraliz\u0113t kait\u012bgos br\u012bvos radik\u0101\u013cus organism\u0101<\/li>\n<\/ul>\n<p>&nbsp;<\/p>\n<p><strong>NEIZMANTOT UZTURA BAG\u0100TIN\u0100T\u0100JU K\u0100 PILNV\u0112RT\u012aGA, SABALANS\u0112TA UZTURA UN VESEL\u012aGA DZ\u012aVESVEIDA AIZVIETOT\u0100JU.<\/strong><\/p>\n","protected":false},"featured_media":6127,"comment_status":"open","ping_status":"closed","template":"","meta":{"_acf_changed":false,"inline_featured_image":false},"product_brand":[],"product_cat":[111,114],"product_tag":[388],"class_list":{"0":"post-4180","1":"product","2":"type-product","3":"status-publish","4":"has-post-thumbnail","6":"product_cat-skaistumam-un-labsajutai-ru","7":"product_cat-dabas-vielas-ru","8":"product_tag-acetil-l-karnitin","10":"first","11":"instock","12":"taxable","13":"shipping-taxable","14":"purchasable","15":"product-type-simple"},"acf":[],"_links":{"self":[{"href":"https:\/\/silvanols.lv\/ru\/wp-json\/wp\/v2\/product\/4180","targetHints":{"allow":["GET"]}}],"collection":[{"href":"https:\/\/silvanols.lv\/ru\/wp-json\/wp\/v2\/product"}],"about":[{"href":"https:\/\/silvanols.lv\/ru\/wp-json\/wp\/v2\/types\/product"}],"replies":[{"embeddable":true,"href":"https:\/\/silvanols.lv\/ru\/wp-json\/wp\/v2\/comments?post=4180"}],"wp:featuredmedia":[{"embeddable":true,"href":"https:\/\/silvanols.lv\/ru\/wp-json\/wp\/v2\/media\/6127"}],"wp:attachment":[{"href":"https:\/\/silvanols.lv\/ru\/wp-json\/wp\/v2\/media?parent=4180"}],"wp:term":[{"taxonomy":"product_brand","embeddable":true,"href":"https:\/\/silvanols.lv\/ru\/wp-json\/wp\/v2\/product_brand?post=4180"},{"taxonomy":"product_cat","embeddable":true,"href":"https:\/\/silvanols.lv\/ru\/wp-json\/wp\/v2\/product_cat?post=4180"},{"taxonomy":"product_tag","embeddable":true,"href":"https:\/\/silvanols.lv\/ru\/wp-json\/wp\/v2\/product_tag?post=4180"}],"curies":[{"name":"wp","href":"https:\/\/api.w.org\/{rel}","templated":true}]}}