{"id":4182,"date":"2023-10-30T15:06:44","date_gmt":"2023-10-30T13:06:44","guid":{"rendered":"https:\/\/silvanols.lv\/products\/tribulus-terrestris-100-kaps\/"},"modified":"2026-01-12T21:40:58","modified_gmt":"2026-01-12T19:40:58","slug":"tribulus-terrestris-100-kaps","status":"publish","type":"product","link":"https:\/\/silvanols.lv\/ru\/products\/tribulus-terrestris-100-kaps\/","title":{"rendered":"Tribulus Terrestris 100 kaps."},"content":{"rendered":"<p><span data-sheets-root=\"1\" data-sheets-value=\"{&quot;1&quot;:2,&quot;2&quot;:&quot;Tribulis, Terestris, V\u012brie, V\u012brie\u0161u, V\u012brie\u0161a, V\u012brietim, Man&quot;}\" data-sheets-userformat=\"{&quot;2&quot;:14655,&quot;3&quot;:{&quot;1&quot;:0,&quot;3&quot;:1},&quot;4&quot;:{&quot;1&quot;:2,&quot;2&quot;:14872537},&quot;5&quot;:{&quot;1&quot;:[{&quot;1&quot;:2,&quot;2&quot;:0,&quot;5&quot;:{&quot;1&quot;:0}},{&quot;1&quot;:0,&quot;2&quot;:0,&quot;3&quot;:3},{&quot;1&quot;:1,&quot;2&quot;:0,&quot;4&quot;:1}]},&quot;6&quot;:{&quot;1&quot;:[{&quot;1&quot;:2,&quot;2&quot;:0,&quot;5&quot;:{&quot;1&quot;:0}},{&quot;1&quot;:0,&quot;2&quot;:0,&quot;3&quot;:3},{&quot;1&quot;:1,&quot;2&quot;:0,&quot;4&quot;:1}]},&quot;7&quot;:{&quot;1&quot;:[{&quot;1&quot;:2,&quot;2&quot;:0,&quot;5&quot;:{&quot;1&quot;:0}},{&quot;1&quot;:0,&quot;2&quot;:0,&quot;3&quot;:3},{&quot;1&quot;:1,&quot;2&quot;:0,&quot;4&quot;:1}]},&quot;8&quot;:{&quot;1&quot;:[{&quot;1&quot;:2,&quot;2&quot;:0,&quot;5&quot;:{&quot;1&quot;:0}},{&quot;1&quot;:0,&quot;2&quot;:0,&quot;3&quot;:3},{&quot;1&quot;:1,&quot;2&quot;:0,&quot;4&quot;:1}]},&quot;11&quot;:4,&quot;14&quot;:{&quot;1&quot;:3,&quot;3&quot;:1},&quot;15&quot;:&quot;Calibri&quot;,&quot;16&quot;:11}\">Tribulis, Terestris, V\u012brie, V\u012brie\u0161u, V\u012brie\u0161a, V\u012brietim, Man<\/span><\/p>\n","protected":false},"excerpt":{"rendered":"<p>V\u012brie\u0161a hormon\u0101l\u0101s vesel\u012bbas un labas fizisk\u0101s pa\u0161saj\u016btas atbalst\u012bt\u0101js.<\/p>\n<p>Tribulus Terrestris ir tradicion\u0101ls augs, kam piem\u012bt sp\u0113ja uzlabot dab\u012bg\u0101 testosterona izstr\u0101di organism\u0101.<\/p>\n<p>Testosterons ir galvenais v\u012brie\u0161a dzimuma hormons, kas galvenok\u0101rt tiek ra\u017eots s\u0113kliniekos. \u0160is hormons v\u012brie\u0161a organism\u0101 sp\u0113l\u0113 lielu lomu, un ir atbild\u012bgs par v\u012brie\u0161a libido, k\u0101 ar\u012b norm\u0101las reprodukcijas sp\u0113ju nodro\u0161in\u0101\u0161anu. Bez t\u0101 testosteronam ir liela noz\u012bme musku\u013cmasas saglab\u0101\u0161\u0101n\u0101 un palielin\u0101\u0161an\u0101.<\/p>\n<p>Silvanols Tribulus Terrestris ir augstas koncentr\u0101cijas Tribula uztura bag\u0101tin\u0101t\u0101js, un ir piem\u0113rots ikvienam v\u012brietim, kas v\u0113las sniegt sp\u0113c\u012bgu atbalstu sava dab\u012bg\u0101 testosterona izstr\u0101dei. Produkts ir ide\u0101li piem\u0113rots ar\u012b sportistiem, veicinot musku\u013cmasas un sp\u0113ka pieaugumu, k\u0101 ar\u012b pal\u012bdzot atjaunoties p\u0113c fiziskas slodzes.<\/p>\n<p>Par\u016bp\u0113jies par savu v\u012bri\u0161\u0137\u012bbu un vitalit\u0101ti ar Silvanols Tribulus Terrestris!<\/p>\n<ul>\n<li>Veicina seksu\u0101lo v\u0113lmi un libido<\/li>\n<li>Pal\u012bdz uzlabot reprodukcijas sp\u0113jas, un augl\u012bbu<\/li>\n<li>Veicina musku\u013cu masas un sp\u0113ka pieaugumu<\/li>\n<li>Pa\u0101trina atjauno\u0161an\u0101s p\u0113c fiziskas slodzes<\/li>\n<\/ul>\n<p>&nbsp;<\/p>\n<p><strong>NEIZMANTOT UZTURA BAG\u0100TIN\u0100T\u0100JU K\u0100 PILNV\u0112RT\u012aGA, SABALANS\u0112TA UZTURA UN VESEL\u012aGA DZ\u012aVESVEIDA AIZVIETOT\u0100JU.<\/strong><\/p>\n","protected":false},"featured_media":6101,"comment_status":"open","ping_status":"closed","template":"","meta":{"_acf_changed":false,"inline_featured_image":false},"product_brand":[],"product_cat":[111,104,99,114],"product_tag":[688],"class_list":{"0":"post-4182","1":"product","2":"type-product","3":"status-publish","4":"has-post-thumbnail","6":"product_cat-skaistumam-un-labsajutai-ru","7":"product_cat-urinceliem-un-dzimumfunkcijai-ru","8":"product_cat-problemzonam-ru","9":"product_cat-dabas-vielas-ru","10":"product_tag-jekstrakt-plodov-tribulusa","12":"first","13":"instock","14":"sale","15":"featured","16":"taxable","17":"shipping-taxable","18":"purchasable","19":"product-type-simple"},"acf":[],"_links":{"self":[{"href":"https:\/\/silvanols.lv\/ru\/wp-json\/wp\/v2\/product\/4182","targetHints":{"allow":["GET"]}}],"collection":[{"href":"https:\/\/silvanols.lv\/ru\/wp-json\/wp\/v2\/product"}],"about":[{"href":"https:\/\/silvanols.lv\/ru\/wp-json\/wp\/v2\/types\/product"}],"replies":[{"embeddable":true,"href":"https:\/\/silvanols.lv\/ru\/wp-json\/wp\/v2\/comments?post=4182"}],"wp:featuredmedia":[{"embeddable":true,"href":"https:\/\/silvanols.lv\/ru\/wp-json\/wp\/v2\/media\/6101"}],"wp:attachment":[{"href":"https:\/\/silvanols.lv\/ru\/wp-json\/wp\/v2\/media?parent=4182"}],"wp:term":[{"taxonomy":"product_brand","embeddable":true,"href":"https:\/\/silvanols.lv\/ru\/wp-json\/wp\/v2\/product_brand?post=4182"},{"taxonomy":"product_cat","embeddable":true,"href":"https:\/\/silvanols.lv\/ru\/wp-json\/wp\/v2\/product_cat?post=4182"},{"taxonomy":"product_tag","embeddable":true,"href":"https:\/\/silvanols.lv\/ru\/wp-json\/wp\/v2\/product_tag?post=4182"}],"curies":[{"name":"wp","href":"https:\/\/api.w.org\/{rel}","templated":true}]}}