{"id":4184,"date":"2023-10-30T15:02:20","date_gmt":"2023-10-30T13:02:20","guid":{"rendered":"https:\/\/silvanols.lv\/products\/black-cumin-seed-oil-500-mg-60-kaps\/"},"modified":"2026-04-23T20:03:33","modified_gmt":"2026-04-23T17:03:33","slug":"black-cumin-seed-oil-500-mg-60-kaps","status":"publish","type":"product","link":"https:\/\/silvanols.lv\/ru\/products\/black-cumin-seed-oil-500-mg-60-kaps\/","title":{"rendered":"Black Cumin Seed Oil 500 mg 60 kaps."},"content":{"rendered":"<p><span data-sheets-root=\"1\" data-sheets-value=\"{&quot;1&quot;:2,&quot;2&quot;:&quot;S\u0113klu, \u0136imenu, \u0136imene, Melno \u0137ime\u0146u s\u0113klu e\u013c\u013ca, Melno, Meln\u0101, Mel&quot;}\" data-sheets-userformat=\"{&quot;2&quot;:14655,&quot;3&quot;:{&quot;1&quot;:0,&quot;3&quot;:1},&quot;4&quot;:{&quot;1&quot;:2,&quot;2&quot;:14872537},&quot;5&quot;:{&quot;1&quot;:[{&quot;1&quot;:2,&quot;2&quot;:0,&quot;5&quot;:{&quot;1&quot;:0}},{&quot;1&quot;:0,&quot;2&quot;:0,&quot;3&quot;:3},{&quot;1&quot;:1,&quot;2&quot;:0,&quot;4&quot;:1}]},&quot;6&quot;:{&quot;1&quot;:[{&quot;1&quot;:2,&quot;2&quot;:0,&quot;5&quot;:{&quot;1&quot;:0}},{&quot;1&quot;:0,&quot;2&quot;:0,&quot;3&quot;:3},{&quot;1&quot;:1,&quot;2&quot;:0,&quot;4&quot;:1}]},&quot;7&quot;:{&quot;1&quot;:[{&quot;1&quot;:2,&quot;2&quot;:0,&quot;5&quot;:{&quot;1&quot;:0}},{&quot;1&quot;:0,&quot;2&quot;:0,&quot;3&quot;:3},{&quot;1&quot;:1,&quot;2&quot;:0,&quot;4&quot;:1}]},&quot;8&quot;:{&quot;1&quot;:[{&quot;1&quot;:2,&quot;2&quot;:0,&quot;5&quot;:{&quot;1&quot;:0}},{&quot;1&quot;:0,&quot;2&quot;:0,&quot;3&quot;:3},{&quot;1&quot;:1,&quot;2&quot;:0,&quot;4&quot;:1}]},&quot;11&quot;:4,&quot;14&quot;:{&quot;1&quot;:3,&quot;3&quot;:1},&quot;15&quot;:&quot;Calibri&quot;,&quot;16&quot;:11}\">S\u0113klu, \u0136imenu, \u0136imene, Melno \u0137ime\u0146u s\u0113klu e\u013c\u013ca, Melno, Meln\u0101, Mel<\/span><\/p>\n","protected":false},"excerpt":{"rendered":"<p>Meln\u0101s \u0137imenes S\u0113klu e\u013c\u013ca ir dab\u012bga e\u013c\u013ca, kas tiek ieg\u016bta no Nigella sativa auga s\u0113kl\u0101m. \u0160\u012b e\u013c\u013ca ir paz\u012bstama ar sav\u0101m daudzveid\u012bgaj\u0101m \u0101rstnieciskaj\u0101m \u012bpa\u0161\u012bb\u0101m un tiek pla\u0161i izmantota gan tradicion\u0101laj\u0101, gan m\u016bsdienu medic\u012bn\u0101.<\/p>\n<p>Silvanols Black Cumin Seed Oil kapsulas satur t\u012bru un 100% organisku meln\u0101s \u0137imenes (Nigella sativa) s\u0113klu e\u013c\u013cu, kas ir paz\u012bstama ar sav\u0101m izcilaj\u0101m \u012bpa\u0161\u012bb\u0101m un pla\u0161o iedarb\u012bbu uz vesel\u012bbu. Bag\u0101ta ar bioakt\u012bv\u0101m viel\u0101m, tostarp Omega 3 un Omega 6 tauksk\u0101b\u0113m, nigellonu, flavono\u012bdiem, timokvinonu un antioksidantiem, \u0161\u012b e\u013c\u013ca nodro\u0161in\u0101s sp\u0113c\u012bgu un daudzveid\u012bgu atbalstu Tavam organismam.<\/p>\n<p>&nbsp;<\/p>\n<ul>\n<li>Veicina \u0101das un matu vesel\u012bbu, nodro\u0161inot tos ar nepiecie\u0161amaj\u0101m bar\u012bbas viel\u0101m<\/li>\n<li>Pal\u012bdz samazin\u0101t asinsspiedienu* un holester\u012bna l\u012bmeni organism\u0101**<\/li>\n<li>Piem\u012bt pretiekaisuma iedarb\u012bba<\/li>\n<\/ul>\n<p>&nbsp;<\/p>\n<p>*<a href=\"https:\/\/pubmed.ncbi.nlm.nih.gov\/23436437\/\">https:\/\/pubmed.ncbi.nlm.nih.gov\/23436437\/\u00a0\u00a0<\/a><\/p>\n<p>**<a href=\"https:\/\/pubmed.ncbi.nlm.nih.gov\/34142392\/\">https:\/\/pubmed.ncbi.nlm.nih.gov\/34142392\/\u00a0<\/a><\/p>\n<p>&nbsp;<\/p>\n<p><strong>NEIZMANTOT UZTURA BAG\u0100TIN\u0100T\u0100JU K\u0100 PILNV\u0112RT\u012aGA, SABALANS\u0112TA UZTURA UN VESEL\u012aGA DZ\u012aVESVEIDA AIZVIETOT\u0100JU.<\/strong><\/p>\n","protected":false},"featured_media":6124,"comment_status":"open","ping_status":"closed","template":"","meta":{"_acf_changed":false,"inline_featured_image":false},"product_brand":[],"product_cat":[111,114],"product_tag":[594],"class_list":{"0":"post-4184","1":"product","2":"type-product","3":"status-publish","4":"has-post-thumbnail","6":"product_cat-skaistumam-un-labsajutai-ru","7":"product_cat-dabas-vielas-ru","8":"product_tag-maslo-chernogo-tmina","10":"first","11":"instock","12":"taxable","13":"shipping-taxable","14":"purchasable","15":"product-type-simple"},"acf":[],"_links":{"self":[{"href":"https:\/\/silvanols.lv\/ru\/wp-json\/wp\/v2\/product\/4184","targetHints":{"allow":["GET"]}}],"collection":[{"href":"https:\/\/silvanols.lv\/ru\/wp-json\/wp\/v2\/product"}],"about":[{"href":"https:\/\/silvanols.lv\/ru\/wp-json\/wp\/v2\/types\/product"}],"replies":[{"embeddable":true,"href":"https:\/\/silvanols.lv\/ru\/wp-json\/wp\/v2\/comments?post=4184"}],"wp:featuredmedia":[{"embeddable":true,"href":"https:\/\/silvanols.lv\/ru\/wp-json\/wp\/v2\/media\/6124"}],"wp:attachment":[{"href":"https:\/\/silvanols.lv\/ru\/wp-json\/wp\/v2\/media?parent=4184"}],"wp:term":[{"taxonomy":"product_brand","embeddable":true,"href":"https:\/\/silvanols.lv\/ru\/wp-json\/wp\/v2\/product_brand?post=4184"},{"taxonomy":"product_cat","embeddable":true,"href":"https:\/\/silvanols.lv\/ru\/wp-json\/wp\/v2\/product_cat?post=4184"},{"taxonomy":"product_tag","embeddable":true,"href":"https:\/\/silvanols.lv\/ru\/wp-json\/wp\/v2\/product_tag?post=4184"}],"curies":[{"name":"wp","href":"https:\/\/api.w.org\/{rel}","templated":true}]}}