{"id":4186,"date":"2023-10-30T14:52:07","date_gmt":"2023-10-30T12:52:07","guid":{"rendered":"https:\/\/silvanols.lv\/products\/cla-80-1000-mg-60-kaps\/"},"modified":"2025-03-09T00:42:40","modified_gmt":"2025-03-08T22:42:40","slug":"cla-80-1000-mg-60-kaps","status":"publish","type":"product","link":"https:\/\/silvanols.lv\/ru\/products\/cla-80-1000-mg-60-kaps\/","title":{"rendered":"CLA 80 % 1000 MG 60 kaps."},"content":{"rendered":"<p><span data-sheets-root=\"1\" data-sheets-value=\"{&quot;1&quot;:2,&quot;2&quot;:&quot;KLA, Konjug\u0113t\u0101 linolsk\u0101be, linolsk\u0101be, konjug\u0113t, &quot;}\" data-sheets-userformat=\"{&quot;2&quot;:14655,&quot;3&quot;:{&quot;1&quot;:0,&quot;3&quot;:1},&quot;4&quot;:{&quot;1&quot;:2,&quot;2&quot;:14872537},&quot;5&quot;:{&quot;1&quot;:[{&quot;1&quot;:2,&quot;2&quot;:0,&quot;5&quot;:{&quot;1&quot;:0}},{&quot;1&quot;:0,&quot;2&quot;:0,&quot;3&quot;:3},{&quot;1&quot;:1,&quot;2&quot;:0,&quot;4&quot;:1}]},&quot;6&quot;:{&quot;1&quot;:[{&quot;1&quot;:2,&quot;2&quot;:0,&quot;5&quot;:{&quot;1&quot;:0}},{&quot;1&quot;:0,&quot;2&quot;:0,&quot;3&quot;:3},{&quot;1&quot;:1,&quot;2&quot;:0,&quot;4&quot;:1}]},&quot;7&quot;:{&quot;1&quot;:[{&quot;1&quot;:2,&quot;2&quot;:0,&quot;5&quot;:{&quot;1&quot;:0}},{&quot;1&quot;:0,&quot;2&quot;:0,&quot;3&quot;:3},{&quot;1&quot;:1,&quot;2&quot;:0,&quot;4&quot;:1}]},&quot;8&quot;:{&quot;1&quot;:[{&quot;1&quot;:2,&quot;2&quot;:0,&quot;5&quot;:{&quot;1&quot;:0}},{&quot;1&quot;:0,&quot;2&quot;:0,&quot;3&quot;:3},{&quot;1&quot;:1,&quot;2&quot;:0,&quot;4&quot;:1}]},&quot;11&quot;:4,&quot;14&quot;:{&quot;1&quot;:3,&quot;3&quot;:1},&quot;15&quot;:&quot;Calibri&quot;,&quot;16&quot;:11}\">KLA, Konjug\u0113t\u0101 linolsk\u0101be, linolsk\u0101be, konjug\u0113t, <\/span><\/p>\n","protected":false},"excerpt":{"rendered":"<p>Konjug\u0113t\u0101 linolsk\u0101be ir dabas viela, kas pieder pie omega-6 tauksk\u0101bju grupas.<\/p>\n<p>Konjug\u0113t\u0101 linolsk\u0101be (CLA) ir dabas viela, kas dab\u0101 ir sastopama t\u0101dos \u0113dienos k\u0101 piens, siers, liellopa un j\u0113ra ga\u013ca. CLA piem\u012bt \u0137erme\u0146a taukus samazino\u0161as \u012bpa\u0161\u012bbas, kas to padara par popul\u0101ru uztura bag\u0101tin\u0101t\u0101ju sportistu un fitnesa entuziastu vid\u016b. Kombin\u0101cij\u0101 ar kaloriju defic\u012btu, CLA uztura bag\u0101tin\u0101t\u0101js var b\u016bt \u013coti labs pal\u012bgs, samazinot \u0137erme\u0146a svaru.<\/p>\n<p>&nbsp;<\/p>\n<ul>\n<li>Veicina musku\u013cu tonusu, un \u0137erme\u0146a tauku masas samazin\u0101\u0161anos;<\/li>\n<li>Pal\u012bdz atjaunoties p\u0113c fiziskas slodzes;<\/li>\n<li>Sekm\u0113 sirds un asinsvadu vesel\u012bbas uzlabo\u0161anos;<\/li>\n<li>Pal\u012bdz c\u012b\u0146\u0101 ar oksidat\u012bvo stresu.<\/li>\n<\/ul>\n<p>&nbsp;<\/p>\n<p><strong>NEIZMANTOT UZTURA BAG\u0100TIN\u0100T\u0100JU K\u0100 PILNV\u0112RT\u012aGA, SABALANS\u0112TA UZTURA UN VESEL\u012aGA DZ\u012aVESVEIDA AIZVIETOT\u0100JU.<\/strong><\/p>\n","protected":false},"featured_media":6557,"comment_status":"open","ping_status":"closed","template":"","meta":{"_acf_changed":false,"inline_featured_image":false},"product_brand":[],"product_cat":[111,114],"product_tag":[530],"class_list":{"0":"post-4186","1":"product","2":"type-product","3":"status-publish","4":"has-post-thumbnail","6":"product_cat-skaistumam-un-labsajutai-ru","7":"product_cat-dabas-vielas-ru","8":"product_tag-konjugirovannaja-linolevaja-kislota","10":"first","11":"instock","12":"featured","13":"taxable","14":"shipping-taxable","15":"purchasable","16":"product-type-simple"},"acf":[],"_links":{"self":[{"href":"https:\/\/silvanols.lv\/ru\/wp-json\/wp\/v2\/product\/4186","targetHints":{"allow":["GET"]}}],"collection":[{"href":"https:\/\/silvanols.lv\/ru\/wp-json\/wp\/v2\/product"}],"about":[{"href":"https:\/\/silvanols.lv\/ru\/wp-json\/wp\/v2\/types\/product"}],"replies":[{"embeddable":true,"href":"https:\/\/silvanols.lv\/ru\/wp-json\/wp\/v2\/comments?post=4186"}],"wp:featuredmedia":[{"embeddable":true,"href":"https:\/\/silvanols.lv\/ru\/wp-json\/wp\/v2\/media\/6557"}],"wp:attachment":[{"href":"https:\/\/silvanols.lv\/ru\/wp-json\/wp\/v2\/media?parent=4186"}],"wp:term":[{"taxonomy":"product_brand","embeddable":true,"href":"https:\/\/silvanols.lv\/ru\/wp-json\/wp\/v2\/product_brand?post=4186"},{"taxonomy":"product_cat","embeddable":true,"href":"https:\/\/silvanols.lv\/ru\/wp-json\/wp\/v2\/product_cat?post=4186"},{"taxonomy":"product_tag","embeddable":true,"href":"https:\/\/silvanols.lv\/ru\/wp-json\/wp\/v2\/product_tag?post=4186"}],"curies":[{"name":"wp","href":"https:\/\/api.w.org\/{rel}","templated":true}]}}