{"id":4188,"date":"2023-10-30T14:47:46","date_gmt":"2023-10-30T12:47:46","guid":{"rendered":"https:\/\/silvanols.lv\/products\/soy-isoflavones-60-kaps\/"},"modified":"2026-01-12T21:38:49","modified_gmt":"2026-01-12T19:38:49","slug":"soy-isoflavones-60-kaps","status":"publish","type":"product","link":"https:\/\/silvanols.lv\/ru\/products\/soy-isoflavones-60-kaps\/","title":{"rendered":"SOY ISOFLAVONES 60 kaps."},"content":{"rendered":"<p><span data-sheets-root=\"1\" data-sheets-value=\"{&quot;1&quot;:2,&quot;2&quot;:&quot;Sojas, Soj, Izoflavons, Isoflavons, Sojas izoflavons, Sojas isoflavons, Isoflav\u012bns, Isoflav\u0101ns&quot;}\" data-sheets-userformat=\"{&quot;2&quot;:14655,&quot;3&quot;:{&quot;1&quot;:0,&quot;3&quot;:1},&quot;4&quot;:{&quot;1&quot;:2,&quot;2&quot;:14872537},&quot;5&quot;:{&quot;1&quot;:[{&quot;1&quot;:2,&quot;2&quot;:0,&quot;5&quot;:{&quot;1&quot;:0}},{&quot;1&quot;:0,&quot;2&quot;:0,&quot;3&quot;:3},{&quot;1&quot;:1,&quot;2&quot;:0,&quot;4&quot;:1}]},&quot;6&quot;:{&quot;1&quot;:[{&quot;1&quot;:2,&quot;2&quot;:0,&quot;5&quot;:{&quot;1&quot;:0}},{&quot;1&quot;:0,&quot;2&quot;:0,&quot;3&quot;:3},{&quot;1&quot;:1,&quot;2&quot;:0,&quot;4&quot;:1}]},&quot;7&quot;:{&quot;1&quot;:[{&quot;1&quot;:2,&quot;2&quot;:0,&quot;5&quot;:{&quot;1&quot;:0}},{&quot;1&quot;:0,&quot;2&quot;:0,&quot;3&quot;:3},{&quot;1&quot;:1,&quot;2&quot;:0,&quot;4&quot;:1}]},&quot;8&quot;:{&quot;1&quot;:[{&quot;1&quot;:2,&quot;2&quot;:0,&quot;5&quot;:{&quot;1&quot;:0}},{&quot;1&quot;:0,&quot;2&quot;:0,&quot;3&quot;:3},{&quot;1&quot;:1,&quot;2&quot;:0,&quot;4&quot;:1}]},&quot;11&quot;:4,&quot;14&quot;:{&quot;1&quot;:3,&quot;3&quot;:1},&quot;15&quot;:&quot;Calibri&quot;,&quot;16&quot;:11}\">Sojas, Soj, Izoflavons, Isoflavons, Sojas izoflavons, Sojas isoflavons, Isoflav\u012bns, Isoflav\u0101ns<\/span><\/p>\n","protected":false},"excerpt":{"rendered":"<p>Sievietes vesel\u012bbas uztur\u0113\u0161anai menopauzes period\u0101.<\/p>\n<p>&nbsp;<\/p>\n<p>Sojas izoflavoni ir v\u0113rt\u012bgs dabas produkts, \u012bpa\u0161i izstr\u0101d\u0101ts, lai atbalst\u012btu sievietes organismu menopauzes laik\u0101, vai pirms t\u0101s.<\/p>\n<p>Sojas izoflavoni satur divgad\u012bg\u0101s naktssveces e\u013c\u013cu un sojas izoflavonus, divas akt\u012bv\u0101s vielas, kas ir pier\u0101d\u012bju\u0161as savu pozit\u012bvo iedarb\u012bbu sievietes labsaj\u016btas uzlabo\u0161an\u0101. Sojas izoflavoni ir paz\u012bstami k\u0101 fitoestrog\u0113ni, kam piem\u012bt l\u012bdz\u012bba hormonam estradiolam, kura sint\u0113ze sievietes organism\u0101 iev\u0113rojami samazin\u0101s, iest\u0101joties menopauzei. Dab\u012bgo fitoestrog\u0113nu lieto\u0161ana, kombin\u0101cij\u0101 ar vesel\u012bgu un sabalans\u0113tu uzturu, var mazin\u0101t menopauzes simptomus, t\u0101dej\u0101di uzlabojot sievietes pa\u0161saj\u016btu menopauzes laik\u0101, vai pirms t\u0101s.<\/p>\n<p>Par\u016bp\u0113jies par savu labsaj\u016btu ar dab\u012bg\u0101m izejviel\u0101m no dabas, ar Silvanols SOY ISOFLAVONES uztura bag\u0101tin\u0101t\u0101ju!<\/p>\n<ul>\n<li>Mazina karstuma vi\u013c\u0146us un sv\u012b\u0161anu nakt\u012bs<\/li>\n<li>Mazina garast\u0101vok\u013ca sv\u0101rst\u012bbas<\/li>\n<li>Sniedz atbalstu \u0101das vesel\u012bbai<\/li>\n<li>Veicina visp\u0101r\u0113jo labsaj\u016btu un vitalit\u0101ti<\/li>\n<\/ul>\n<p>&nbsp;<\/p>\n<p><strong>NEIZMANTOT UZTURA BAG\u0100TIN\u0100T\u0100JU K\u0100 PILNV\u0112RT\u012aGA, SABALANS\u0112TA UZTURA UN VESEL\u012aGA DZ\u012aVESVEIDA AIZVIETOT\u0100JU.\u00a0<\/strong><\/p>\n","protected":false},"featured_media":6651,"comment_status":"open","ping_status":"closed","template":"","meta":{"_acf_changed":false,"inline_featured_image":false},"product_brand":[],"product_cat":[111,104,99,114],"product_tag":[508,455,681],"class_list":{"0":"post-4188","1":"product","2":"type-product","3":"status-publish","4":"has-post-thumbnail","6":"product_cat-skaistumam-un-labsajutai-ru","7":"product_cat-urinceliem-un-dzimumfunkcijai-ru","8":"product_cat-problemzonam-ru","9":"product_cat-dabas-vielas-ru","10":"product_tag-vitamin-e","11":"product_tag-maslo-jenotery-dvuhletnej","12":"product_tag-jekstrakt-soevyh-bobov-soderzhashhij-40-iz","14":"first","15":"instock","16":"taxable","17":"shipping-taxable","18":"purchasable","19":"product-type-simple"},"acf":[],"_links":{"self":[{"href":"https:\/\/silvanols.lv\/ru\/wp-json\/wp\/v2\/product\/4188","targetHints":{"allow":["GET"]}}],"collection":[{"href":"https:\/\/silvanols.lv\/ru\/wp-json\/wp\/v2\/product"}],"about":[{"href":"https:\/\/silvanols.lv\/ru\/wp-json\/wp\/v2\/types\/product"}],"replies":[{"embeddable":true,"href":"https:\/\/silvanols.lv\/ru\/wp-json\/wp\/v2\/comments?post=4188"}],"wp:featuredmedia":[{"embeddable":true,"href":"https:\/\/silvanols.lv\/ru\/wp-json\/wp\/v2\/media\/6651"}],"wp:attachment":[{"href":"https:\/\/silvanols.lv\/ru\/wp-json\/wp\/v2\/media?parent=4188"}],"wp:term":[{"taxonomy":"product_brand","embeddable":true,"href":"https:\/\/silvanols.lv\/ru\/wp-json\/wp\/v2\/product_brand?post=4188"},{"taxonomy":"product_cat","embeddable":true,"href":"https:\/\/silvanols.lv\/ru\/wp-json\/wp\/v2\/product_cat?post=4188"},{"taxonomy":"product_tag","embeddable":true,"href":"https:\/\/silvanols.lv\/ru\/wp-json\/wp\/v2\/product_tag?post=4188"}],"curies":[{"name":"wp","href":"https:\/\/api.w.org\/{rel}","templated":true}]}}