{"id":4190,"date":"2023-10-30T11:55:14","date_gmt":"2023-10-30T09:55:14","guid":{"rendered":"https:\/\/silvanols.lv\/products\/hemp-seed-oil-60-kaps\/"},"modified":"2026-04-12T08:09:21","modified_gmt":"2026-04-12T05:09:21","slug":"hemp-seed-oil-60-kaps","status":"publish","type":"product","link":"https:\/\/silvanols.lv\/ru\/products\/hemp-seed-oil-60-kaps\/","title":{"rendered":"HEMP SEED OIL 60 kaps."},"content":{"rendered":"<p><span data-sheets-root=\"1\" data-sheets-value=\"{&quot;1&quot;:2,&quot;2&quot;:&quot;Ka\u0146empju s\u0113klu e\u013c\u013ca, Ka\u0146epe, Kanepe, S\u0113klu, Seklu, S\u0113kla, Sekla&quot;}\" data-sheets-userformat=\"{&quot;2&quot;:14655,&quot;3&quot;:{&quot;1&quot;:0,&quot;3&quot;:1},&quot;4&quot;:{&quot;1&quot;:2,&quot;2&quot;:14872537},&quot;5&quot;:{&quot;1&quot;:[{&quot;1&quot;:2,&quot;2&quot;:0,&quot;5&quot;:{&quot;1&quot;:0}},{&quot;1&quot;:0,&quot;2&quot;:0,&quot;3&quot;:3},{&quot;1&quot;:1,&quot;2&quot;:0,&quot;4&quot;:1}]},&quot;6&quot;:{&quot;1&quot;:[{&quot;1&quot;:2,&quot;2&quot;:0,&quot;5&quot;:{&quot;1&quot;:0}},{&quot;1&quot;:0,&quot;2&quot;:0,&quot;3&quot;:3},{&quot;1&quot;:1,&quot;2&quot;:0,&quot;4&quot;:1}]},&quot;7&quot;:{&quot;1&quot;:[{&quot;1&quot;:2,&quot;2&quot;:0,&quot;5&quot;:{&quot;1&quot;:0}},{&quot;1&quot;:0,&quot;2&quot;:0,&quot;3&quot;:3},{&quot;1&quot;:1,&quot;2&quot;:0,&quot;4&quot;:1}]},&quot;8&quot;:{&quot;1&quot;:[{&quot;1&quot;:2,&quot;2&quot;:0,&quot;5&quot;:{&quot;1&quot;:0}},{&quot;1&quot;:0,&quot;2&quot;:0,&quot;3&quot;:3},{&quot;1&quot;:1,&quot;2&quot;:0,&quot;4&quot;:1}]},&quot;11&quot;:4,&quot;14&quot;:{&quot;1&quot;:3,&quot;3&quot;:1},&quot;15&quot;:&quot;Calibri&quot;,&quot;16&quot;:11}\">Ka\u0146empju s\u0113klu e\u013c\u013ca, Ka\u0146epe, Kanepe, S\u0113klu, Seklu, S\u0113kla, Sekla<\/span><\/p>\n","protected":false},"excerpt":{"rendered":"<p>Augstas kvalit\u0101tes ka\u0146epju s\u0113klu e\u013c\u013ca, kas satur omega-3 un omega-6 tauksk\u0101bes.<\/p>\n<p>Ka\u0146epju s\u0113klu e\u013c\u013ca ir v\u0113rt\u012bgs dabas produkts, ieg\u016bts no ka\u0146epju s\u0113kl\u0101m. T\u0101 ir bag\u0101ta ar svar\u012bg\u0101m tauksk\u0101b\u0113m, vitam\u012bniem un miner\u0101lviel\u0101m, kas pal\u012bdz uztur\u0113t visp\u0101r\u0113jo vesel\u012bbu un labkl\u0101j\u012bbu.<\/p>\n<p>Ka\u0146epju s\u0113klu e\u013c\u013ca satur omega-3 un omega-6 tauksk\u0101bes, kas ir b\u016btiskas sirds un asinsvadu sist\u0113mas vesel\u012bbai. \u0160\u012bs tauksk\u0101bes pal\u012bdz uztur\u0113t vesel\u012bgu holester\u012bna l\u012bmeni un uzlabot asinsriti. Ka\u0146epju s\u0113klu e\u013c\u013ca satur gamma-linol\u0113nsk\u0101bi (GLA), kas pal\u012bdz mazin\u0101t iekaisumu un uzlabot \u0101das st\u0101vokli. Silvanols ka\u0146epju s\u0113klu e\u013c\u013ca satur augstas kvalit\u0101tes, auksti spiestu ka\u0146epju s\u0113klu e\u013c\u013cu, t\u0101d\u0113j\u0101di saglab\u0101jot e\u013c\u013cas biolo\u0123isko kvalit\u0101ti.<\/p>\n<p>Par\u016bp\u0113jies par savu vesel\u012bbu ar dab\u012bg\u0101m izejviel\u0101m no dabas, ar Silvanols Hemp seed oil uztura bag\u0101tin\u0101t\u0101ju!<\/p>\n<ul>\n<li>Atbalsta sirds un asinsvadu vesel\u012bbu<\/li>\n<li>Pal\u012bdz stiprin\u0101t im\u016bnsist\u0113mu, un uztur\u0113t norm\u0101lu holester\u012bna l\u012bmeni<\/li>\n<li>Sniedz atbalstu loc\u012btavu un musku\u013cu darb\u012bbai<\/li>\n<li>Pal\u012bdz mazin\u0101t iekaisumu, un uzlabot \u0101das st\u0101vokli<\/li>\n<\/ul>\n<p>&nbsp;<\/p>\n<p><strong>NEIZMANTOT UZTURA BAG\u0100TIN\u0100T\u0100JU K\u0100 PILNV\u0112RT\u012aGA, SABALANS\u0112TA UZTURA UN VESEL\u012aGA DZ\u012aVESVEIDA AIZVIETOT\u0100JU.<\/strong><\/p>\n","protected":false},"featured_media":6642,"comment_status":"open","ping_status":"closed","template":"","meta":{"_acf_changed":false,"inline_featured_image":false},"product_brand":[],"product_cat":[111,114],"product_tag":[],"class_list":{"0":"post-4190","1":"product","2":"type-product","3":"status-publish","4":"has-post-thumbnail","6":"product_cat-skaistumam-un-labsajutai-ru","7":"product_cat-dabas-vielas-ru","9":"first","10":"instock","11":"taxable","12":"shipping-taxable","13":"purchasable","14":"product-type-simple"},"acf":[],"_links":{"self":[{"href":"https:\/\/silvanols.lv\/ru\/wp-json\/wp\/v2\/product\/4190","targetHints":{"allow":["GET"]}}],"collection":[{"href":"https:\/\/silvanols.lv\/ru\/wp-json\/wp\/v2\/product"}],"about":[{"href":"https:\/\/silvanols.lv\/ru\/wp-json\/wp\/v2\/types\/product"}],"replies":[{"embeddable":true,"href":"https:\/\/silvanols.lv\/ru\/wp-json\/wp\/v2\/comments?post=4190"}],"wp:featuredmedia":[{"embeddable":true,"href":"https:\/\/silvanols.lv\/ru\/wp-json\/wp\/v2\/media\/6642"}],"wp:attachment":[{"href":"https:\/\/silvanols.lv\/ru\/wp-json\/wp\/v2\/media?parent=4190"}],"wp:term":[{"taxonomy":"product_brand","embeddable":true,"href":"https:\/\/silvanols.lv\/ru\/wp-json\/wp\/v2\/product_brand?post=4190"},{"taxonomy":"product_cat","embeddable":true,"href":"https:\/\/silvanols.lv\/ru\/wp-json\/wp\/v2\/product_cat?post=4190"},{"taxonomy":"product_tag","embeddable":true,"href":"https:\/\/silvanols.lv\/ru\/wp-json\/wp\/v2\/product_tag?post=4190"}],"curies":[{"name":"wp","href":"https:\/\/api.w.org\/{rel}","templated":true}]}}