{"id":4192,"date":"2023-10-30T11:47:28","date_gmt":"2023-10-30T09:47:28","guid":{"rendered":"https:\/\/silvanols.lv\/products\/coenzyme-q10-100-mg-120-kaps\/"},"modified":"2026-04-15T00:00:46","modified_gmt":"2026-04-14T21:00:46","slug":"coenzyme-q10-100-mg-120-kaps","status":"publish","type":"product","link":"https:\/\/silvanols.lv\/ru\/products\/coenzyme-q10-100-mg-120-kaps\/","title":{"rendered":"Coenzyme Q10 100 mg 120 kaps."},"content":{"rendered":"<p><span data-sheets-root=\"1\" data-sheets-value=\"{&quot;1&quot;:2,&quot;2&quot;:&quot;Koenz\u012bms, K10, K\u016b&quot;}\" data-sheets-userformat=\"{&quot;2&quot;:14655,&quot;3&quot;:{&quot;1&quot;:0,&quot;3&quot;:1},&quot;4&quot;:{&quot;1&quot;:2,&quot;2&quot;:14872537},&quot;5&quot;:{&quot;1&quot;:[{&quot;1&quot;:2,&quot;2&quot;:0,&quot;5&quot;:{&quot;1&quot;:0}},{&quot;1&quot;:0,&quot;2&quot;:0,&quot;3&quot;:3},{&quot;1&quot;:1,&quot;2&quot;:0,&quot;4&quot;:1}]},&quot;6&quot;:{&quot;1&quot;:[{&quot;1&quot;:2,&quot;2&quot;:0,&quot;5&quot;:{&quot;1&quot;:0}},{&quot;1&quot;:0,&quot;2&quot;:0,&quot;3&quot;:3},{&quot;1&quot;:1,&quot;2&quot;:0,&quot;4&quot;:1}]},&quot;7&quot;:{&quot;1&quot;:[{&quot;1&quot;:2,&quot;2&quot;:0,&quot;5&quot;:{&quot;1&quot;:0}},{&quot;1&quot;:0,&quot;2&quot;:0,&quot;3&quot;:3},{&quot;1&quot;:1,&quot;2&quot;:0,&quot;4&quot;:1}]},&quot;8&quot;:{&quot;1&quot;:[{&quot;1&quot;:2,&quot;2&quot;:0,&quot;5&quot;:{&quot;1&quot;:0}},{&quot;1&quot;:0,&quot;2&quot;:0,&quot;3&quot;:3},{&quot;1&quot;:1,&quot;2&quot;:0,&quot;4&quot;:1}]},&quot;11&quot;:4,&quot;14&quot;:{&quot;1&quot;:3,&quot;3&quot;:1},&quot;15&quot;:&quot;Calibri&quot;,&quot;16&quot;:11}\">Koenz\u012bms, K10, K\u016b<\/span><\/p>\n","protected":false},"excerpt":{"rendered":"<p>Augstas kvalit\u0101tes koenz\u012bms Q10 ar lins\u0113klu e\u013c\u013cu.<\/p>\n<p>&nbsp;<\/p>\n<p>Koenz\u012bms Q10 pastiprina ener\u0123ijas vielmai\u0146u vis\u0101s organisma \u0161\u016bn\u0101s. Jo \u012bpa\u0161i koenz\u012bms Q10 ir nepiecie\u0161ams sirds muskulim, veicinot optim\u0101lu sirds darb\u012bbu un nodro\u0161inot pietiekamu ener\u0123ijas pieg\u0101di sirds \u0161\u016bn\u0101m.<\/p>\n<p>Lai gan koenz\u012bmu Q10 organisms ra\u017eo pats, tom\u0113r ar gadiem \u0161\u012b sint\u0113ze pal\u0113nin\u0101s, ko var sajust jau p\u0113c 40 gadu vecuma. Silvanols Koenz\u012bms Q10 uztura bag\u0101tin\u0101t\u0101js satur augstas kvalit\u0101tes koenz\u012bmu Q10, kombin\u0101cij\u0101 ar lins\u0113klu e\u013c\u013cu, kas satur neaizvietojam\u0101s Omega3 un Omega6 tauksk\u0101bes, t\u0101dej\u0101di sniedzot papildus atbalstu sirds, loc\u012btavu un \u0101das vesel\u012bbai.<\/p>\n<p>Par\u016bp\u0113jies par savu vesel\u012bbu ar dab\u012bg\u0101m izejviel\u0101m no dabas, ar Silvanols COENZYME Q10 uztura bag\u0101tin\u0101t\u0101ju!<\/p>\n<ul>\n<li>Pal\u012bdz uzlabot ener\u0123ijas l\u012bmeni ikdien\u0101<\/li>\n<li>Atbalsta sirds un asinsvadu vesel\u012bbu<\/li>\n<li>Pal\u012bdz c\u012bn\u012bties pret oksidat\u012bvo stresu<\/li>\n<li>Veicina visp\u0101r\u0113jo labsaj\u016btu un vitalit\u0101ti<\/li>\n<\/ul>\n<p>&nbsp;<\/p>\n<p><strong>NEIZMANTOT UZTURA BAG\u0100TIN\u0100T\u0100JU K\u0100 PILNV\u0112RT\u012aGA, SABALANS\u0112TA UZTURA UN VESEL\u012aGA DZ\u012aVESVEIDA AIZVIETOT\u0100JU.\u00a0<\/strong><\/p>\n","protected":false},"featured_media":6639,"comment_status":"open","ping_status":"closed","template":"","meta":{"_acf_changed":false,"inline_featured_image":false},"product_brand":[],"product_cat":[112,111,99,103,114],"product_tag":[529,544],"class_list":{"0":"post-4192","1":"product","2":"type-product","3":"status-publish","4":"has-post-thumbnail","6":"product_cat-anti-aging-ru","7":"product_cat-skaistumam-un-labsajutai-ru","8":"product_cat-problemzonam-ru","9":"product_cat-sirdij-un-asinsritei-problemzonam-ru","10":"product_cat-dabas-vielas-ru","11":"product_tag-kojenzim-q10","12":"product_tag-lnjanoe-maslo-soderzhashhee-alfa-linol","14":"first","15":"instock","16":"taxable","17":"shipping-taxable","18":"purchasable","19":"product-type-simple"},"acf":[],"_links":{"self":[{"href":"https:\/\/silvanols.lv\/ru\/wp-json\/wp\/v2\/product\/4192","targetHints":{"allow":["GET"]}}],"collection":[{"href":"https:\/\/silvanols.lv\/ru\/wp-json\/wp\/v2\/product"}],"about":[{"href":"https:\/\/silvanols.lv\/ru\/wp-json\/wp\/v2\/types\/product"}],"replies":[{"embeddable":true,"href":"https:\/\/silvanols.lv\/ru\/wp-json\/wp\/v2\/comments?post=4192"}],"wp:featuredmedia":[{"embeddable":true,"href":"https:\/\/silvanols.lv\/ru\/wp-json\/wp\/v2\/media\/6639"}],"wp:attachment":[{"href":"https:\/\/silvanols.lv\/ru\/wp-json\/wp\/v2\/media?parent=4192"}],"wp:term":[{"taxonomy":"product_brand","embeddable":true,"href":"https:\/\/silvanols.lv\/ru\/wp-json\/wp\/v2\/product_brand?post=4192"},{"taxonomy":"product_cat","embeddable":true,"href":"https:\/\/silvanols.lv\/ru\/wp-json\/wp\/v2\/product_cat?post=4192"},{"taxonomy":"product_tag","embeddable":true,"href":"https:\/\/silvanols.lv\/ru\/wp-json\/wp\/v2\/product_tag?post=4192"}],"curies":[{"name":"wp","href":"https:\/\/api.w.org\/{rel}","templated":true}]}}