{"id":4198,"date":"2023-10-27T20:09:51","date_gmt":"2023-10-27T17:09:51","guid":{"rendered":"https:\/\/silvanols.lv\/products\/omega-3-premium-60-kaps\/"},"modified":"2026-04-21T12:02:42","modified_gmt":"2026-04-21T09:02:42","slug":"omega-3-premium-60-kaps","status":"publish","type":"product","link":"https:\/\/silvanols.lv\/ru\/products\/omega-3-premium-60-kaps\/","title":{"rendered":"Omega 3 Premium 60 kaps."},"content":{"rendered":"","protected":false},"excerpt":{"rendered":"<p>Silvanols Omega-3 Premium uztura bag\u0101tin\u0101t\u0101js b\u016bs lielisks atbalsts Tavai vesel\u012bbai, pal\u012bdzot uzlabot sirds un asinsvadu vesel\u012bbu, k\u0101 ar\u012b veicinot norm\u0101lu im\u016bnsist\u0113mas darb\u012bbu.<\/p>\n<p>&nbsp;<\/p>\n<p>Omega-3 tauksk\u0101bes, kas atrodamas zivju e\u013c\u013c\u0101, ir svar\u012bgas sirds un asinsvadu vesel\u012bbai. T\u0101s organism\u0101 pal\u012bdz uztur\u0113t norm\u0101lu holester\u012bna l\u012bmeni, samazina triglicer\u012bdu l\u012bmeni, k\u0101 ar\u012b pal\u012bdz uztur\u0113t vesel\u012bgu asinsspiedienu. Omega-3 tauksk\u0101bes satur EPS un DHS, kuras organisms pats nesintez\u0113. L\u012bdz ar to \u0161\u012bs neaizvietojam\u0101s tauksk\u0101bes ar uzturu ir j\u0101uz\u0146em papildus. Silvanols Omega-3<br \/>\nPremium ir augstas kvalit\u0101tes zivju e\u013c\u013cas kapsulas, kas ikdien\u0101 Tev pal\u012bdzes nodro\u0161in\u0101t savu organismu, ar sev nepiecie\u0161amaj\u0101m Omega-3 tauksk\u0101b\u0113m.<\/p>\n<p>&nbsp;<\/p>\n<ul>\n<li>Pal\u012bdz uztur\u0113t norm\u0101lu smadze\u0146u darb\u012bbu un redzi<\/li>\n<li>Veicina b\u0113rna vesel\u012bgu att\u012bst\u012bbu jau no pa\u0161a ie\u0146em\u0161anas br\u012b\u017ea<\/li>\n<li>Pal\u012bdz uztur\u0113t norm\u0101lu sirds darb\u012bbu un samazina sirds slim\u012bbu risku<\/li>\n<\/ul>\n<p>&nbsp;<\/p>\n<p><strong>NEIZMANTOT UZTURA BAG\u0100TIN\u0100T\u0100JU K\u0100 PILNV\u0112RT\u012aGA, SABALANS\u0112TA UZTURA UN VESEL\u012aGA DZ\u012aVESVEIDA AIZVIETOT\u0100JU.<\/strong><\/p>\n","protected":false},"featured_media":6056,"comment_status":"open","ping_status":"closed","template":"","meta":{"_acf_changed":false,"inline_featured_image":false},"product_brand":[],"product_cat":[116,111],"product_tag":[508,694],"class_list":{"0":"post-4198","1":"product","2":"type-product","3":"status-publish","4":"has-post-thumbnail","6":"product_cat-vitamini-ru","7":"product_cat-skaistumam-un-labsajutai-ru","8":"product_tag-vitamin-e","9":"product_tag-rybij-zhir-s-omega-3-nenasyshhennymi-zhirny","11":"first","12":"instock","13":"taxable","14":"shipping-taxable","15":"purchasable","16":"product-type-simple"},"acf":[],"_links":{"self":[{"href":"https:\/\/silvanols.lv\/ru\/wp-json\/wp\/v2\/product\/4198","targetHints":{"allow":["GET"]}}],"collection":[{"href":"https:\/\/silvanols.lv\/ru\/wp-json\/wp\/v2\/product"}],"about":[{"href":"https:\/\/silvanols.lv\/ru\/wp-json\/wp\/v2\/types\/product"}],"replies":[{"embeddable":true,"href":"https:\/\/silvanols.lv\/ru\/wp-json\/wp\/v2\/comments?post=4198"}],"wp:featuredmedia":[{"embeddable":true,"href":"https:\/\/silvanols.lv\/ru\/wp-json\/wp\/v2\/media\/6056"}],"wp:attachment":[{"href":"https:\/\/silvanols.lv\/ru\/wp-json\/wp\/v2\/media?parent=4198"}],"wp:term":[{"taxonomy":"product_brand","embeddable":true,"href":"https:\/\/silvanols.lv\/ru\/wp-json\/wp\/v2\/product_brand?post=4198"},{"taxonomy":"product_cat","embeddable":true,"href":"https:\/\/silvanols.lv\/ru\/wp-json\/wp\/v2\/product_cat?post=4198"},{"taxonomy":"product_tag","embeddable":true,"href":"https:\/\/silvanols.lv\/ru\/wp-json\/wp\/v2\/product_tag?post=4198"}],"curies":[{"name":"wp","href":"https:\/\/api.w.org\/{rel}","templated":true}]}}