{"id":4200,"date":"2023-10-27T20:03:35","date_gmt":"2023-10-27T17:03:35","guid":{"rendered":"https:\/\/silvanols.lv\/products\/magnesium-120-kaps\/"},"modified":"2024-12-29T15:11:22","modified_gmt":"2024-12-29T13:11:22","slug":"magnesium-120-kaps","status":"publish","type":"product","link":"https:\/\/silvanols.lv\/ru\/products\/magnesium-120-kaps\/","title":{"rendered":"Magnesium 120 kaps."},"content":{"rendered":"<p><span data-sheets-root=\"1\" data-sheets-value=\"{&quot;1&quot;:2,&quot;2&quot;:&quot;Magnijs, Magn\u0113zijs, Mag, Magn, Mag&quot;}\" data-sheets-userformat=\"{&quot;2&quot;:14655,&quot;3&quot;:{&quot;1&quot;:0,&quot;3&quot;:1},&quot;4&quot;:{&quot;1&quot;:2,&quot;2&quot;:14872537},&quot;5&quot;:{&quot;1&quot;:[{&quot;1&quot;:2,&quot;2&quot;:0,&quot;5&quot;:{&quot;1&quot;:0}},{&quot;1&quot;:0,&quot;2&quot;:0,&quot;3&quot;:3},{&quot;1&quot;:1,&quot;2&quot;:0,&quot;4&quot;:1}]},&quot;6&quot;:{&quot;1&quot;:[{&quot;1&quot;:2,&quot;2&quot;:0,&quot;5&quot;:{&quot;1&quot;:0}},{&quot;1&quot;:0,&quot;2&quot;:0,&quot;3&quot;:3},{&quot;1&quot;:1,&quot;2&quot;:0,&quot;4&quot;:1}]},&quot;7&quot;:{&quot;1&quot;:[{&quot;1&quot;:2,&quot;2&quot;:0,&quot;5&quot;:{&quot;1&quot;:0}},{&quot;1&quot;:0,&quot;2&quot;:0,&quot;3&quot;:3},{&quot;1&quot;:1,&quot;2&quot;:0,&quot;4&quot;:1}]},&quot;8&quot;:{&quot;1&quot;:[{&quot;1&quot;:2,&quot;2&quot;:0,&quot;5&quot;:{&quot;1&quot;:0}},{&quot;1&quot;:0,&quot;2&quot;:0,&quot;3&quot;:3},{&quot;1&quot;:1,&quot;2&quot;:0,&quot;4&quot;:1}]},&quot;11&quot;:4,&quot;14&quot;:{&quot;1&quot;:3,&quot;3&quot;:1},&quot;15&quot;:&quot;Calibri&quot;,&quot;16&quot;:11}\">Magnijs, Magn\u0113zijs, Mag, Magn, Mag<\/span><\/p>\n","protected":false},"excerpt":{"rendered":"<p>Silvanols Magnesium kapsulas ir augstas kvalit\u0101tes magnija uztura bag\u0101tin\u0101t\u0101js, kas satur magniju, magnija citr\u0101ta veid\u0101. Magnija citr\u0101ts ir \u012bpa\u0161i paz\u012bstams ar savu augsto biopieejam\u012bbu, nodro\u0161inot \u0101tr\u0101ku un efekt\u012bv\u0101ku uzs\u016bk\u0161anos organism\u0101, sal\u012bzin\u0101jum\u0101 ar citiem magnija s\u0101\u013ciem.<\/p>\n<ul>\n<li>Pal\u012bdz samazin\u0101t nogurumu un uzlabot visp\u0101r\u0113jo ener\u0123ijas l\u012bmeni ikdien\u0101<\/li>\n<li>Veicina norm\u0101lu musku\u013cu un nervu sist\u0113mas darb\u012bbu, nodro\u0161inot optim\u0101lu fizisko un gar\u012bgo vesel\u012bbu<\/li>\n<li>Pal\u012bdz uztur\u0113t norm\u0101lu kaulu vesel\u012bbu un stiprin\u0101t kaulus<\/li>\n<li>Pal\u012bdz uztur\u0113t elektrol\u012btu l\u012bdzsvaru organism\u0101, nodro\u0161inot optim\u0101lu \u0161\u0137idrumu un miner\u0101lvielu sadal\u012bjumu<\/li>\n<\/ul>\n<p>&nbsp;<\/p>\n<p><strong>NEIZMANTOT UZTURA BAG\u0100TIN\u0100T\u0100JU K\u0100 PILNV\u0112RT\u012aGA, SABALANS\u0112TA UZTURA UN VESEL\u012aGA DZ\u012aVESVEIDA AIZVIETOT\u0100JU.<\/strong><\/p>\n","protected":false},"featured_media":6062,"comment_status":"open","ping_status":"closed","template":"","meta":{"_acf_changed":false,"inline_featured_image":false},"product_brand":[],"product_cat":[116,111],"product_tag":[588],"class_list":{"0":"post-4200","1":"product","2":"type-product","3":"status-publish","4":"has-post-thumbnail","6":"product_cat-vitamini-ru","7":"product_cat-skaistumam-un-labsajutai-ru","8":"product_tag-magnij-ru","10":"first","11":"instock","12":"taxable","13":"shipping-taxable","14":"purchasable","15":"product-type-simple"},"acf":[],"_links":{"self":[{"href":"https:\/\/silvanols.lv\/ru\/wp-json\/wp\/v2\/product\/4200","targetHints":{"allow":["GET"]}}],"collection":[{"href":"https:\/\/silvanols.lv\/ru\/wp-json\/wp\/v2\/product"}],"about":[{"href":"https:\/\/silvanols.lv\/ru\/wp-json\/wp\/v2\/types\/product"}],"replies":[{"embeddable":true,"href":"https:\/\/silvanols.lv\/ru\/wp-json\/wp\/v2\/comments?post=4200"}],"wp:featuredmedia":[{"embeddable":true,"href":"https:\/\/silvanols.lv\/ru\/wp-json\/wp\/v2\/media\/6062"}],"wp:attachment":[{"href":"https:\/\/silvanols.lv\/ru\/wp-json\/wp\/v2\/media?parent=4200"}],"wp:term":[{"taxonomy":"product_brand","embeddable":true,"href":"https:\/\/silvanols.lv\/ru\/wp-json\/wp\/v2\/product_brand?post=4200"},{"taxonomy":"product_cat","embeddable":true,"href":"https:\/\/silvanols.lv\/ru\/wp-json\/wp\/v2\/product_cat?post=4200"},{"taxonomy":"product_tag","embeddable":true,"href":"https:\/\/silvanols.lv\/ru\/wp-json\/wp\/v2\/product_tag?post=4200"}],"curies":[{"name":"wp","href":"https:\/\/api.w.org\/{rel}","templated":true}]}}