{"id":4240,"date":"2023-10-26T19:07:20","date_gmt":"2023-10-26T16:07:20","guid":{"rendered":"https:\/\/silvanols.lv\/products\/vitamin-d3-4000-iu-120-kaps\/"},"modified":"2026-04-19T16:03:58","modified_gmt":"2026-04-19T13:03:58","slug":"vitamin-d3-4000-iu-120-kaps","status":"publish","type":"product","link":"https:\/\/silvanols.lv\/ru\/products\/vitamin-d3-4000-iu-120-kaps\/","title":{"rendered":"Vitamin D3 4000 IU 120 kaps."},"content":{"rendered":"<p><span data-sheets-root=\"1\" data-sheets-value=\"{&quot;1&quot;:2,&quot;2&quot;:&quot;Vitam\u012bns, Vitamin, Vit&quot;}\" data-sheets-userformat=\"{&quot;2&quot;:14655,&quot;3&quot;:{&quot;1&quot;:0,&quot;3&quot;:1},&quot;4&quot;:{&quot;1&quot;:2,&quot;2&quot;:14872537},&quot;5&quot;:{&quot;1&quot;:[{&quot;1&quot;:2,&quot;2&quot;:0,&quot;5&quot;:{&quot;1&quot;:0}},{&quot;1&quot;:0,&quot;2&quot;:0,&quot;3&quot;:3},{&quot;1&quot;:1,&quot;2&quot;:0,&quot;4&quot;:1}]},&quot;6&quot;:{&quot;1&quot;:[{&quot;1&quot;:2,&quot;2&quot;:0,&quot;5&quot;:{&quot;1&quot;:0}},{&quot;1&quot;:0,&quot;2&quot;:0,&quot;3&quot;:3},{&quot;1&quot;:1,&quot;2&quot;:0,&quot;4&quot;:1}]},&quot;7&quot;:{&quot;1&quot;:[{&quot;1&quot;:2,&quot;2&quot;:0,&quot;5&quot;:{&quot;1&quot;:0}},{&quot;1&quot;:0,&quot;2&quot;:0,&quot;3&quot;:3},{&quot;1&quot;:1,&quot;2&quot;:0,&quot;4&quot;:1}]},&quot;8&quot;:{&quot;1&quot;:[{&quot;1&quot;:2,&quot;2&quot;:0,&quot;5&quot;:{&quot;1&quot;:0}},{&quot;1&quot;:0,&quot;2&quot;:0,&quot;3&quot;:3},{&quot;1&quot;:1,&quot;2&quot;:0,&quot;4&quot;:1}]},&quot;11&quot;:4,&quot;14&quot;:{&quot;1&quot;:3,&quot;3&quot;:1},&quot;15&quot;:&quot;Calibri&quot;,&quot;16&quot;:11}\">Vitam\u012bns, Vitamin, Vit<\/span><\/p>\n","protected":false},"excerpt":{"rendered":"<p>D vitam\u012bns, ko bie\u017ei d\u0113v\u0113 par &#171;saules vitam\u012bnu&#187;, ir b\u016btisks vitam\u012bns, kam ir vair\u0101kas lomas visp\u0101r\u0113j\u0101s vesel\u012bbas atbalst\u012b\u0161an\u0101. D vitam\u012bns veicina kalcija un fosfora uzs\u016bk\u0161anos, k\u0101 rezult\u0101t\u0101 tiek atbalst\u012bta kaulu un zobu vesel\u012bba, veicin\u0101ta musku\u013cu darb\u012bba, k\u0101 ar\u012b stiprin\u0101ta imunit\u0101te. Lai gan laika posm\u0101 no marta beig\u0101m l\u012bdz oktrobra beig\u0101m, kad ir pietiekami akt\u012bva saule, m\u0113s D vitam\u012bna devu sa\u0146emam no saules gaismas, D vitam\u012bna uztura bag\u0101tin\u0101t\u0101js var b\u016bt piem\u0113rots ikvienam, kam ikdien\u0101 ir ierobe\u017eota pieeja saules gaismai, vai cilv\u0113kiem ar \u012bpa\u0161\u0101m uztura vajadz\u012bb\u0101m. Par\u016bp\u0113jies par savu saules devu ar Silvanols augst\u0101s koncentr\u0101cijas D vitam\u012bna uztura bag\u0101tin\u0101t\u0101ju!<\/p>\n<ul>\n<li>Pal\u012bdz uztur\u0113t zobu un kaulu vesel\u012bbu<\/li>\n<li>Veicina norm\u0101lu im\u016bnsist\u0113mas darb\u012bbu<\/li>\n<li>Veicina norm\u0101lu musku\u013cu darb\u012bbu<\/li>\n<li>Augsta D vitam\u012bna koncentr\u0101cija &#8212; 4000 IU vien\u0101 kapsul\u0101<\/li>\n<li>Produkts pietiks 4 m\u0113ne\u0161u kursam<\/li>\n<\/ul>\n<p>&nbsp;<\/p>\n<p><strong>NEIZMANTOT UZTURA BAG\u0100TIN\u0100T\u0100JU K\u0100 PILNV\u0112RT\u012aGA, SABALANS\u0112TA UZTURA UN VESEL\u012aGA DZ\u012aVESVEIDA AIZVIETOT\u0100JU.<\/strong><\/p>\n","protected":false},"featured_media":5901,"comment_status":"open","ping_status":"closed","template":"","meta":{"_acf_changed":false,"inline_featured_image":false},"product_brand":[],"product_cat":[116,108,111,106],"product_tag":[457],"class_list":{"0":"post-4240","1":"product","2":"type-product","3":"status-publish","4":"has-post-thumbnail","6":"product_cat-vitamini-ru","7":"product_cat-imunitatei-ru","8":"product_cat-skaistumam-un-labsajutai-ru","9":"product_cat-saaukstesanas-laika-ru","10":"product_tag-vitamin-d","12":"first","13":"instock","14":"taxable","15":"shipping-taxable","16":"purchasable","17":"product-type-simple"},"acf":[],"_links":{"self":[{"href":"https:\/\/silvanols.lv\/ru\/wp-json\/wp\/v2\/product\/4240","targetHints":{"allow":["GET"]}}],"collection":[{"href":"https:\/\/silvanols.lv\/ru\/wp-json\/wp\/v2\/product"}],"about":[{"href":"https:\/\/silvanols.lv\/ru\/wp-json\/wp\/v2\/types\/product"}],"replies":[{"embeddable":true,"href":"https:\/\/silvanols.lv\/ru\/wp-json\/wp\/v2\/comments?post=4240"}],"wp:featuredmedia":[{"embeddable":true,"href":"https:\/\/silvanols.lv\/ru\/wp-json\/wp\/v2\/media\/5901"}],"wp:attachment":[{"href":"https:\/\/silvanols.lv\/ru\/wp-json\/wp\/v2\/media?parent=4240"}],"wp:term":[{"taxonomy":"product_brand","embeddable":true,"href":"https:\/\/silvanols.lv\/ru\/wp-json\/wp\/v2\/product_brand?post=4240"},{"taxonomy":"product_cat","embeddable":true,"href":"https:\/\/silvanols.lv\/ru\/wp-json\/wp\/v2\/product_cat?post=4240"},{"taxonomy":"product_tag","embeddable":true,"href":"https:\/\/silvanols.lv\/ru\/wp-json\/wp\/v2\/product_tag?post=4240"}],"curies":[{"name":"wp","href":"https:\/\/api.w.org\/{rel}","templated":true}]}}