{"id":4244,"date":"2023-10-26T18:53:42","date_gmt":"2023-10-26T15:53:42","guid":{"rendered":"https:\/\/silvanols.lv\/products\/green-propolis-60-kaps\/"},"modified":"2026-04-09T12:07:05","modified_gmt":"2026-04-09T09:07:05","slug":"green-propolis-60-kaps","status":"publish","type":"product","link":"https:\/\/silvanols.lv\/ru\/products\/green-propolis-60-kaps\/","title":{"rendered":"Green Propolis 60 kaps."},"content":{"rendered":"<p><span data-sheets-root=\"1\" data-sheets-value=\"{&quot;1&quot;:2,&quot;2&quot;:&quot;Za\u013cais propoliss, Za\u013cais, Za\u013c\u0161, propolis, Gr\u012bn, Gren&quot;}\" data-sheets-userformat=\"{&quot;2&quot;:14655,&quot;3&quot;:{&quot;1&quot;:0,&quot;3&quot;:1},&quot;4&quot;:{&quot;1&quot;:2,&quot;2&quot;:14872537},&quot;5&quot;:{&quot;1&quot;:[{&quot;1&quot;:2,&quot;2&quot;:0,&quot;5&quot;:{&quot;1&quot;:0}},{&quot;1&quot;:0,&quot;2&quot;:0,&quot;3&quot;:3},{&quot;1&quot;:1,&quot;2&quot;:0,&quot;4&quot;:1}]},&quot;6&quot;:{&quot;1&quot;:[{&quot;1&quot;:2,&quot;2&quot;:0,&quot;5&quot;:{&quot;1&quot;:0}},{&quot;1&quot;:0,&quot;2&quot;:0,&quot;3&quot;:3},{&quot;1&quot;:1,&quot;2&quot;:0,&quot;4&quot;:1}]},&quot;7&quot;:{&quot;1&quot;:[{&quot;1&quot;:2,&quot;2&quot;:0,&quot;5&quot;:{&quot;1&quot;:0}},{&quot;1&quot;:0,&quot;2&quot;:0,&quot;3&quot;:3},{&quot;1&quot;:1,&quot;2&quot;:0,&quot;4&quot;:1}]},&quot;8&quot;:{&quot;1&quot;:[{&quot;1&quot;:2,&quot;2&quot;:0,&quot;5&quot;:{&quot;1&quot;:0}},{&quot;1&quot;:0,&quot;2&quot;:0,&quot;3&quot;:3},{&quot;1&quot;:1,&quot;2&quot;:0,&quot;4&quot;:1}]},&quot;11&quot;:4,&quot;14&quot;:{&quot;1&quot;:3,&quot;3&quot;:1},&quot;15&quot;:&quot;Calibri&quot;,&quot;16&quot;:11}\">Za\u013cais propoliss, Za\u013cais, Za\u013c\u0161, propolis, Gr\u012bn, Gren<\/span><\/p>\n","protected":false},"excerpt":{"rendered":"<p>Par\u016bp\u0113jies par sava organisma aizsargsp\u0113j\u0101m v\u012brusu laik\u0101 ar Silvanols Green Propolis uztura bag\u0101tin\u0101t\u0101ju! <a href=\"https:\/\/silvanols.lv\/jauns-petijums-covid-19-pacienti-atrak-atveselojas-lietojot-dabigu-vielu-kas-ietilpst-ari-silvanols-produkta-sastava\/\">Za\u013cais propoliss<\/a> ir bi\u0161u rad\u012bts produkts, kam piem\u012bt pretv\u012brusu un antibakteri\u0101la iedarb\u012bba. \u0160\u012b dabisk\u0101 izejviela ir bag\u0101ta ar sp\u0113c\u012bgiem antioksidantiem un imunit\u0101ti stiprino\u0161iem savienojumiem, kas to padara par sp\u0113c\u012bgu atbalstu v\u012brusu sezon\u0101. Silvanols <a href=\"https:\/\/silvanols.lv\/jauns-petijums-covid-19-pacienti-atrak-atveselojas-lietojot-dabigu-vielu-kas-ietilpst-ari-silvanols-produkta-sastava\/\">za\u013c\u0101 propolisa<\/a> uztura bag\u0101tin\u0101t\u0101js ir standartiz\u0113ts, augst\u0101k\u0101s kvalit\u0101tes <a href=\"https:\/\/silvanols.lv\/jauns-petijums-covid-19-pacienti-atrak-atveselojas-lietojot-dabigu-vielu-kas-ietilpst-ari-silvanols-produkta-sastava\/\">Braz\u012blijas za\u013cais propoliss<\/a>, kas tiek uzskat\u012bts par lab\u0101ko propolisu pasaul\u0113.<\/p>\n<ul>\n<li>Augst\u0101k\u0101s kvalit\u0101tes standartiz\u0113ts <a href=\"https:\/\/silvanols.lv\/jauns-petijums-covid-19-pacienti-atrak-atveselojas-lietojot-dabigu-vielu-kas-ietilpst-ari-silvanols-produkta-sastava\/\">Braz\u012blijas za\u013cais propoliss <\/a><\/li>\n<li>Stiprina organisma aizsargsp\u0113jas v\u012brusu laik\u0101<\/li>\n<li>Pal\u012bdz c\u012bn\u012bties pret oksidat\u012bvo stresu<\/li>\n<\/ul>\n<p>&nbsp;<\/p>\n<p>*<\/p>\n<p><a href=\"https:\/\/www.mdpi.com\/2079-6382\/11\/2\/160\">P\u0113t\u012bjums Antibiotics | Free Full-Text | Synergistic Effect of Polyphenol-Rich Complex of Plant and Green Propolis Extracts with Antibiotics against Respiratory Infections Causing Bacteria (mdpi.com)\u00a0<\/a><\/p>\n<p><a href=\"https:\/\/www.sciencedirect.com\/science\/article\/pii\/S0753332221003115\">P\u0113t\u012bjums Efficacy of Brazilian green propolis (EPP-AF\u00ae) as an adjunct treatment for hospitalized COVID-19 patients: A randomized, controlled clinical trial &#8212; ScienceDirect<\/a><\/p>\n<p>&nbsp;<\/p>\n<p><strong>NEIZMANTOT UZTURA BAG\u0100TIN\u0100T\u0100JU K\u0100 PILNV\u0112RT\u012aGA, SABALANS\u0112TA UZTURA UN VESEL\u012aGA DZ\u012aVESVEIDA AIZVIETOT\u0100JU.\u00a0<\/strong><\/p>\n<p>&nbsp;<\/p>\n","protected":false},"featured_media":5907,"comment_status":"open","ping_status":"closed","template":"","meta":{"_acf_changed":false,"inline_featured_image":false},"product_brand":[],"product_cat":[108,111,106,114],"product_tag":[440],"class_list":{"0":"post-4244","1":"product","2":"type-product","3":"status-publish","4":"has-post-thumbnail","6":"product_cat-imunitatei-ru","7":"product_cat-skaistumam-un-labsajutai-ru","8":"product_cat-saaukstesanas-laika-ru","9":"product_cat-dabas-vielas-ru","10":"product_tag-brazilskij-zelenyj-propolis","12":"first","13":"instock","14":"featured","15":"taxable","16":"shipping-taxable","17":"purchasable","18":"product-type-simple"},"acf":[],"_links":{"self":[{"href":"https:\/\/silvanols.lv\/ru\/wp-json\/wp\/v2\/product\/4244","targetHints":{"allow":["GET"]}}],"collection":[{"href":"https:\/\/silvanols.lv\/ru\/wp-json\/wp\/v2\/product"}],"about":[{"href":"https:\/\/silvanols.lv\/ru\/wp-json\/wp\/v2\/types\/product"}],"replies":[{"embeddable":true,"href":"https:\/\/silvanols.lv\/ru\/wp-json\/wp\/v2\/comments?post=4244"}],"wp:featuredmedia":[{"embeddable":true,"href":"https:\/\/silvanols.lv\/ru\/wp-json\/wp\/v2\/media\/5907"}],"wp:attachment":[{"href":"https:\/\/silvanols.lv\/ru\/wp-json\/wp\/v2\/media?parent=4244"}],"wp:term":[{"taxonomy":"product_brand","embeddable":true,"href":"https:\/\/silvanols.lv\/ru\/wp-json\/wp\/v2\/product_brand?post=4244"},{"taxonomy":"product_cat","embeddable":true,"href":"https:\/\/silvanols.lv\/ru\/wp-json\/wp\/v2\/product_cat?post=4244"},{"taxonomy":"product_tag","embeddable":true,"href":"https:\/\/silvanols.lv\/ru\/wp-json\/wp\/v2\/product_tag?post=4244"}],"curies":[{"name":"wp","href":"https:\/\/api.w.org\/{rel}","templated":true}]}}