{"id":4246,"date":"2023-10-26T18:49:03","date_gmt":"2023-10-26T15:49:03","guid":{"rendered":"https:\/\/silvanols.lv\/products\/lactoferrinznse-60-kaps\/"},"modified":"2026-04-25T20:04:40","modified_gmt":"2026-04-25T17:04:40","slug":"lactoferrinznse-60-kaps","status":"publish","type":"product","link":"https:\/\/silvanols.lv\/ru\/products\/lactoferrinznse-60-kaps\/","title":{"rendered":"LACTOFERRIN + Zn + Se 60 kaps."},"content":{"rendered":"<p><span data-sheets-root=\"1\" data-sheets-value=\"{&quot;1&quot;:2,&quot;2&quot;:&quot;Laktoferrin, Laktoferin, Lactoferin, Lakto&quot;}\" data-sheets-userformat=\"{&quot;2&quot;:14655,&quot;3&quot;:{&quot;1&quot;:0,&quot;3&quot;:1},&quot;4&quot;:{&quot;1&quot;:2,&quot;2&quot;:14872537},&quot;5&quot;:{&quot;1&quot;:[{&quot;1&quot;:2,&quot;2&quot;:0,&quot;5&quot;:{&quot;1&quot;:0}},{&quot;1&quot;:0,&quot;2&quot;:0,&quot;3&quot;:3},{&quot;1&quot;:1,&quot;2&quot;:0,&quot;4&quot;:1}]},&quot;6&quot;:{&quot;1&quot;:[{&quot;1&quot;:2,&quot;2&quot;:0,&quot;5&quot;:{&quot;1&quot;:0}},{&quot;1&quot;:0,&quot;2&quot;:0,&quot;3&quot;:3},{&quot;1&quot;:1,&quot;2&quot;:0,&quot;4&quot;:1}]},&quot;7&quot;:{&quot;1&quot;:[{&quot;1&quot;:2,&quot;2&quot;:0,&quot;5&quot;:{&quot;1&quot;:0}},{&quot;1&quot;:0,&quot;2&quot;:0,&quot;3&quot;:3},{&quot;1&quot;:1,&quot;2&quot;:0,&quot;4&quot;:1}]},&quot;8&quot;:{&quot;1&quot;:[{&quot;1&quot;:2,&quot;2&quot;:0,&quot;5&quot;:{&quot;1&quot;:0}},{&quot;1&quot;:0,&quot;2&quot;:0,&quot;3&quot;:3},{&quot;1&quot;:1,&quot;2&quot;:0,&quot;4&quot;:1}]},&quot;11&quot;:4,&quot;14&quot;:{&quot;1&quot;:3,&quot;3&quot;:1},&quot;15&quot;:&quot;Calibri&quot;,&quot;16&quot;:11}\">Laktoferrin, Laktoferin, Lactoferin, Lakto<\/span><\/p>\n","protected":false},"excerpt":{"rendered":"<p>Imunit\u0101tes atbalstam v\u012brusu sezon\u0101.<\/p>\n<p>Laktofer\u012bna, Cinka un Sel\u0113na kompleksais uztura bag\u0101tin\u0101t\u0101js Tavam imunit\u0101tes atbalstam, v\u012brusu sezon\u0101.<\/p>\n<p>Laktofer\u012bns ir dabisks prote\u012bns, kas atrodams pien\u0101, \u012bpa\u0161i m\u0101tes pien\u0101, k\u0101 ar\u012b citos \u0137erme\u0146a \u0161\u0137idrumos, piem\u0113ram, asar\u0101s un siekal\u0101s. Laktofer\u012bns stimul\u0113 balto asins \u0161\u016bnu aktivit\u0101ti, pal\u012bdzot organismam efekt\u012bv\u0101k c\u012bn\u012bties ar infekcij\u0101m un iekaisumiem. Pateicoties t\u0101 antibakteri\u0101laj\u0101m, pretv\u012brusu un pretiekaisuma \u012bpa\u0161\u012bb\u0101m, Laktofer\u012bns sp\u0113l\u0113 noz\u012bm\u012bgu lomu im\u016bnsist\u0113mas darb\u012bb\u0101.<\/p>\n<p>Silvanols Laktofer\u012bna uztura bag\u0101tin\u0101t\u0101js ir papildin\u0101ts ar Cinku un Sel\u0113nu, t\u0101dej\u0101di pastiprinot t\u0101 imunit\u0101ti stiprino\u0161\u0101s \u012bpa\u0161\u012bbas, un padarot to par efekt\u012bvu atbalstu Tavai imunit\u0101tei.<\/p>\n<ul>\n<li>Pal\u012bdz organismam efekt\u012bv\u0101k c\u012bn\u012bties ar infekcij\u0101m un iekaisumiem<\/li>\n<li>Pal\u012bdz stiprin\u0101t imunit\u0101ti un mazin\u0101t iekaisumu<\/li>\n<li>Papildin\u0101ts ar cinku un sel\u0113nu, kas veicina norm\u0101lu im\u016bnsist\u0113mas darb\u012bbu un \u0161\u016bnu aizsardz\u012bbu pret oksidat\u012bvo stresu<\/li>\n<\/ul>\n<p>&nbsp;<\/p>\n<p><strong>NEIZMANTOT UZTURA BAG\u0100TIN\u0100T\u0100JU K\u0100 PILNV\u0112RT\u012aGA, SABALANS\u0112TA UZTURA UN VESEL\u012aGA DZ\u012aVESVEIDA AIZVIETOT\u0100JU.<\/strong><\/p>\n","protected":false},"featured_media":5910,"comment_status":"open","ping_status":"closed","template":"","meta":{"_acf_changed":false,"inline_featured_image":false},"product_brand":[],"product_cat":[108,111,106,114],"product_tag":[539,678,448],"class_list":{"0":"post-4246","1":"product","2":"type-product","3":"status-publish","4":"has-post-thumbnail","6":"product_cat-imunitatei-ru","7":"product_cat-skaistumam-un-labsajutai-ru","8":"product_cat-saaukstesanas-laika-ru","9":"product_cat-dabas-vielas-ru","10":"product_tag-laktoferrin","11":"product_tag-selen-ru","12":"product_tag-cink","14":"first","15":"instock","16":"taxable","17":"shipping-taxable","18":"purchasable","19":"product-type-simple"},"acf":[],"_links":{"self":[{"href":"https:\/\/silvanols.lv\/ru\/wp-json\/wp\/v2\/product\/4246","targetHints":{"allow":["GET"]}}],"collection":[{"href":"https:\/\/silvanols.lv\/ru\/wp-json\/wp\/v2\/product"}],"about":[{"href":"https:\/\/silvanols.lv\/ru\/wp-json\/wp\/v2\/types\/product"}],"replies":[{"embeddable":true,"href":"https:\/\/silvanols.lv\/ru\/wp-json\/wp\/v2\/comments?post=4246"}],"wp:featuredmedia":[{"embeddable":true,"href":"https:\/\/silvanols.lv\/ru\/wp-json\/wp\/v2\/media\/5910"}],"wp:attachment":[{"href":"https:\/\/silvanols.lv\/ru\/wp-json\/wp\/v2\/media?parent=4246"}],"wp:term":[{"taxonomy":"product_brand","embeddable":true,"href":"https:\/\/silvanols.lv\/ru\/wp-json\/wp\/v2\/product_brand?post=4246"},{"taxonomy":"product_cat","embeddable":true,"href":"https:\/\/silvanols.lv\/ru\/wp-json\/wp\/v2\/product_cat?post=4246"},{"taxonomy":"product_tag","embeddable":true,"href":"https:\/\/silvanols.lv\/ru\/wp-json\/wp\/v2\/product_tag?post=4246"}],"curies":[{"name":"wp","href":"https:\/\/api.w.org\/{rel}","templated":true}]}}