{"id":4248,"date":"2023-10-26T18:44:34","date_gmt":"2023-10-26T15:44:34","guid":{"rendered":"https:\/\/silvanols.lv\/products\/quercetin-60-kaps\/"},"modified":"2026-04-05T04:05:15","modified_gmt":"2026-04-05T01:05:15","slug":"quercetin-60-kaps","status":"publish","type":"product","link":"https:\/\/silvanols.lv\/ru\/products\/quercetin-60-kaps\/","title":{"rendered":"Quercetin 60 kaps."},"content":{"rendered":"<p><span data-sheets-root=\"1\" data-sheets-value=\"{&quot;1&quot;:2,&quot;2&quot;:&quot;Kvercetins, Kvercer\u012bns, Kuercetins, Kuercet\u012bns, Kver, Kuer&quot;}\" data-sheets-userformat=\"{&quot;2&quot;:14655,&quot;3&quot;:{&quot;1&quot;:0,&quot;3&quot;:1},&quot;4&quot;:{&quot;1&quot;:2,&quot;2&quot;:14872537},&quot;5&quot;:{&quot;1&quot;:[{&quot;1&quot;:2,&quot;2&quot;:0,&quot;5&quot;:{&quot;1&quot;:0}},{&quot;1&quot;:0,&quot;2&quot;:0,&quot;3&quot;:3},{&quot;1&quot;:1,&quot;2&quot;:0,&quot;4&quot;:1}]},&quot;6&quot;:{&quot;1&quot;:[{&quot;1&quot;:2,&quot;2&quot;:0,&quot;5&quot;:{&quot;1&quot;:0}},{&quot;1&quot;:0,&quot;2&quot;:0,&quot;3&quot;:3},{&quot;1&quot;:1,&quot;2&quot;:0,&quot;4&quot;:1}]},&quot;7&quot;:{&quot;1&quot;:[{&quot;1&quot;:2,&quot;2&quot;:0,&quot;5&quot;:{&quot;1&quot;:0}},{&quot;1&quot;:0,&quot;2&quot;:0,&quot;3&quot;:3},{&quot;1&quot;:1,&quot;2&quot;:0,&quot;4&quot;:1}]},&quot;8&quot;:{&quot;1&quot;:[{&quot;1&quot;:2,&quot;2&quot;:0,&quot;5&quot;:{&quot;1&quot;:0}},{&quot;1&quot;:0,&quot;2&quot;:0,&quot;3&quot;:3},{&quot;1&quot;:1,&quot;2&quot;:0,&quot;4&quot;:1}]},&quot;11&quot;:4,&quot;14&quot;:{&quot;1&quot;:3,&quot;3&quot;:1},&quot;15&quot;:&quot;Calibri&quot;,&quot;16&quot;:11}\">Kvercetins, Kvercer\u012bns, Kuercetins, Kuercet\u012bns, Kver, Kuer<\/span><\/p>\n","protected":false},"excerpt":{"rendered":"<p>Uztura bag\u0101tin\u0101t\u0101js imunit\u0101tes atbalstam, antioksidanta avots.<\/p>\n<p>Kvercet\u012bns ir biolo\u0123iski akt\u012bva viela, antioksidants kam piem\u012bt pretv\u012brusu, pretiekaisuma, un antibakteri\u0101la iedarb\u012bba. Dab\u0101 kvercet\u012bns ir sastopams kr\u0101sainos aug\u013cos k\u0101 \u0101boli un v\u012bnogas, k\u0101 ar\u012b d\u0101rze\u0146os k\u0101 sarkanie s\u012bpoli, tom\u0101ti un broko\u013ci.<\/p>\n<p>Ieg\u016bts no augst\u0101k\u0101s kvalit\u0101tes augu avotiem, kvercet\u012bns pied\u0101v\u0101s dabisku stimulu tavai im\u016bnsist\u0113mai, elpce\u013cu vesel\u012bbai k\u0101 ar\u012b sirds un asinsvadu darb\u012bbai. P\u0113t\u012bjumu r\u0101da, ka kvercet\u012bns ir efekt\u012bvs l\u012bdzeklis pret SARS (smagais ak\u016btais respiratorais sindroms) respiratora v\u012brusu infekcij\u0101m.<\/p>\n<p>Silvanols Quercetin uztura bag\u0101tin\u0101t\u0101js b\u016bs piem\u0113rots ikvienam, kas v\u0113las sniegt sp\u0113c\u012bgu atbalstu savai imunit\u0101tei, gan v\u012brusu laik\u0101, gan profilaksei visu cauru gadu.<\/p>\n<p>&nbsp;<\/p>\n<ul>\n<li>Piem\u012bt pretv\u012brusu, pretiekaisuma, un antibakteri\u0101la iedarb\u012bba;<\/li>\n<li>Pal\u012bdz stiprin\u0101t imunit\u0101ti, un samazina oksidat\u012bvo stresu;<\/li>\n<li>Efekt\u012bvs l\u012bdzeklis pret SARS respiratora v\u012brusu infekcij\u0101m;<\/li>\n<li>Piem\u0113rots veg\u0101niem. Nesatur \u0122MO.<\/li>\n<\/ul>\n<p>&nbsp;<\/p>\n<p><strong>NEIZMANTOT UZTURA BAG\u0100TIN\u0100T\u0100JU K\u0100 PILNV\u0112RT\u012aGA, SABALANS\u0112TA UZTURA UN VESEL\u012aGA DZ\u012aVESVEIDA AIZVIETOT\u0100JU.<\/strong><\/p>\n","protected":false},"featured_media":5913,"comment_status":"open","ping_status":"closed","template":"","meta":{"_acf_changed":false,"inline_featured_image":false},"product_brand":[],"product_cat":[108,111,106,114],"product_tag":[535],"class_list":{"0":"post-4248","1":"product","2":"type-product","3":"status-publish","4":"has-post-thumbnail","6":"product_cat-imunitatei-ru","7":"product_cat-skaistumam-un-labsajutai-ru","8":"product_cat-saaukstesanas-laika-ru","9":"product_cat-dabas-vielas-ru","10":"product_tag-kvercetin","12":"first","13":"instock","14":"featured","15":"taxable","16":"shipping-taxable","17":"purchasable","18":"product-type-simple"},"acf":[],"_links":{"self":[{"href":"https:\/\/silvanols.lv\/ru\/wp-json\/wp\/v2\/product\/4248","targetHints":{"allow":["GET"]}}],"collection":[{"href":"https:\/\/silvanols.lv\/ru\/wp-json\/wp\/v2\/product"}],"about":[{"href":"https:\/\/silvanols.lv\/ru\/wp-json\/wp\/v2\/types\/product"}],"replies":[{"embeddable":true,"href":"https:\/\/silvanols.lv\/ru\/wp-json\/wp\/v2\/comments?post=4248"}],"wp:featuredmedia":[{"embeddable":true,"href":"https:\/\/silvanols.lv\/ru\/wp-json\/wp\/v2\/media\/5913"}],"wp:attachment":[{"href":"https:\/\/silvanols.lv\/ru\/wp-json\/wp\/v2\/media?parent=4248"}],"wp:term":[{"taxonomy":"product_brand","embeddable":true,"href":"https:\/\/silvanols.lv\/ru\/wp-json\/wp\/v2\/product_brand?post=4248"},{"taxonomy":"product_cat","embeddable":true,"href":"https:\/\/silvanols.lv\/ru\/wp-json\/wp\/v2\/product_cat?post=4248"},{"taxonomy":"product_tag","embeddable":true,"href":"https:\/\/silvanols.lv\/ru\/wp-json\/wp\/v2\/product_tag?post=4248"}],"curies":[{"name":"wp","href":"https:\/\/api.w.org\/{rel}","templated":true}]}}