{"id":4284,"date":"2023-10-26T15:28:22","date_gmt":"2023-10-26T12:28:22","guid":{"rendered":"https:\/\/silvanols.lv\/products\/sinustrong-150-ml\/"},"modified":"2026-04-05T12:05:09","modified_gmt":"2026-04-05T09:05:09","slug":"sinustrong-150-ml","status":"publish","type":"product","link":"https:\/\/silvanols.lv\/ru\/products\/sinustrong-150-ml\/","title":{"rendered":"Sinustrong 150 ml"},"content":{"rendered":"","protected":false},"excerpt":{"rendered":"<p>Sinustrong ir dab\u012bgus augu ekstraktus saturo\u0161s balzams aug\u0161\u0113jo elpce\u013cu vesel\u012bbas veicin\u0101\u0161anai un visp\u0101r\u012bgo organisma aizsargsp\u0113ju pret nelabv\u0113l\u012bgiem \u0101r\u0113j\u0101s vides apst\u0101k\u013ciem uztur\u0113\u0161anai.<\/p>\n<p>&nbsp;<\/p>\n<p>&nbsp;<\/p>\n","protected":false},"featured_media":6194,"comment_status":"open","ping_status":"closed","template":"","meta":{"_acf_changed":false,"inline_featured_image":false},"product_brand":[],"product_cat":[98,107,106],"product_tag":[756,757,593,445,448,442,669,444,625,526,532],"class_list":{"0":"post-4284","1":"product","2":"type-product","3":"status-publish","4":"has-post-thumbnail","6":"product_cat-berniem-ru","7":"product_cat-iesnu-laika-ru","8":"product_cat-saaukstesanas-laika-ru","9":"product_tag-acerolas-auglu-sulas-pulveris-ru","10":"product_tag-kas-satur-dabigu-c-vitaminu-ru","11":"product_tag-melna-rutka-sulas-pulveris-ru","12":"product_tag-sok-ajvy","13":"product_tag-cink","14":"product_tag-jekstrakt-brazilskogo-zelenogo-prop","15":"product_tag-jekstrakt-kory-sosny","16":"product_tag-jekstrakt-listev-seldereja","17":"product_tag-jekstrakt-plodov-buziny","18":"product_tag-jekstrakt-cvetkov-klinhozy","19":"product_tag-jekstrakt-cvetkov-romashki","21":"first","22":"instock","23":"sale","24":"taxable","25":"shipping-taxable","26":"purchasable","27":"product-type-simple"},"acf":[],"_links":{"self":[{"href":"https:\/\/silvanols.lv\/ru\/wp-json\/wp\/v2\/product\/4284","targetHints":{"allow":["GET"]}}],"collection":[{"href":"https:\/\/silvanols.lv\/ru\/wp-json\/wp\/v2\/product"}],"about":[{"href":"https:\/\/silvanols.lv\/ru\/wp-json\/wp\/v2\/types\/product"}],"replies":[{"embeddable":true,"href":"https:\/\/silvanols.lv\/ru\/wp-json\/wp\/v2\/comments?post=4284"}],"wp:featuredmedia":[{"embeddable":true,"href":"https:\/\/silvanols.lv\/ru\/wp-json\/wp\/v2\/media\/6194"}],"wp:attachment":[{"href":"https:\/\/silvanols.lv\/ru\/wp-json\/wp\/v2\/media?parent=4284"}],"wp:term":[{"taxonomy":"product_brand","embeddable":true,"href":"https:\/\/silvanols.lv\/ru\/wp-json\/wp\/v2\/product_brand?post=4284"},{"taxonomy":"product_cat","embeddable":true,"href":"https:\/\/silvanols.lv\/ru\/wp-json\/wp\/v2\/product_cat?post=4284"},{"taxonomy":"product_tag","embeddable":true,"href":"https:\/\/silvanols.lv\/ru\/wp-json\/wp\/v2\/product_tag?post=4284"}],"curies":[{"name":"wp","href":"https:\/\/api.w.org\/{rel}","templated":true}]}}