{"id":6567,"date":"2023-11-14T11:37:24","date_gmt":"2023-11-14T09:37:24","guid":{"rendered":"https:\/\/silvanols.lv\/?post_type=product&#038;p=6567"},"modified":"2026-04-21T12:02:58","modified_gmt":"2026-04-21T09:02:58","slug":"goimmune-kids-gummies-60-pastilas","status":"publish","type":"product","link":"https:\/\/silvanols.lv\/ru\/products\/goimmune-kids-gummies-60-pastilas\/","title":{"rendered":"GoImmune KIDS gummies 60 gb."},"content":{"rendered":"<p><span data-sheets-root=\"1\" data-sheets-value=\"{&quot;1&quot;:2,&quot;2&quot;:&quot;Gumija, Gumijas l\u0101c\u012b\u0161i, Gumijas lacisi, L\u0101c\u012b\u0161i, L\u0101cis, L\u0101c&quot;}\" data-sheets-userformat=\"{&quot;2&quot;:14655,&quot;3&quot;:{&quot;1&quot;:0,&quot;3&quot;:1},&quot;4&quot;:{&quot;1&quot;:2,&quot;2&quot;:14872537},&quot;5&quot;:{&quot;1&quot;:[{&quot;1&quot;:2,&quot;2&quot;:0,&quot;5&quot;:{&quot;1&quot;:0}},{&quot;1&quot;:0,&quot;2&quot;:0,&quot;3&quot;:3},{&quot;1&quot;:1,&quot;2&quot;:0,&quot;4&quot;:1}]},&quot;6&quot;:{&quot;1&quot;:[{&quot;1&quot;:2,&quot;2&quot;:0,&quot;5&quot;:{&quot;1&quot;:0}},{&quot;1&quot;:0,&quot;2&quot;:0,&quot;3&quot;:3},{&quot;1&quot;:1,&quot;2&quot;:0,&quot;4&quot;:1}]},&quot;7&quot;:{&quot;1&quot;:[{&quot;1&quot;:2,&quot;2&quot;:0,&quot;5&quot;:{&quot;1&quot;:0}},{&quot;1&quot;:0,&quot;2&quot;:0,&quot;3&quot;:3},{&quot;1&quot;:1,&quot;2&quot;:0,&quot;4&quot;:1}]},&quot;8&quot;:{&quot;1&quot;:[{&quot;1&quot;:2,&quot;2&quot;:0,&quot;5&quot;:{&quot;1&quot;:0}},{&quot;1&quot;:0,&quot;2&quot;:0,&quot;3&quot;:3},{&quot;1&quot;:1,&quot;2&quot;:0,&quot;4&quot;:1}]},&quot;11&quot;:4,&quot;14&quot;:{&quot;1&quot;:3,&quot;3&quot;:1},&quot;15&quot;:&quot;Calibri&quot;,&quot;16&quot;:11}\">Gumija, Gumijas l\u0101c\u012b\u0161i, Gumijas lacisi, L\u0101c\u012b\u0161i, L\u0101cis, L\u0101c, Kids<\/span><\/p>\n","protected":false},"excerpt":{"rendered":"<p>GoImmune KIDS gummies ir gar\u0161\u012bgas ko\u0161\u013c\u0101jam\u0101s pastilas, kas \u012bpa\u0161i izstr\u0101d\u0101tas, lai stiprin\u0101tu b\u0113rnu imunit\u0101ti. \u0160o pastilu sast\u0101v\u0101 ir b\u016btiski vitam\u012bni un miner\u0101lvielas, tostarp A, B6, B12, C, D vitam\u012bni, fol\u0101ti un cinks, kas veicina norm\u0101lu im\u016bnsist\u0113mas darb\u012bbu. Papildus tam, pastilas ir bag\u0101tin\u0101tas ar K vitam\u012bnu un jodu, kas sniedz papildu atbalstu augo\u0161a organisma vesel\u012bbai.<\/p>\n<p>&nbsp;<\/p>\n<p>GoImmune KIDS ko\u0161\u013c\u0101jam\u0101s pastilas ir ide\u0101ls ikdienas papildin\u0101jums b\u0113rna uzturam, kas pal\u012bdzes nodro\u0161in\u0101t sp\u0113c\u012bgu un vesel\u012bgu b\u0113rna im\u016bnsistemu.<\/p>\n<p>&nbsp;<\/p>\n<ul>\n<li>A, B6, B12, C, D vitam\u012bni, fol\u0101ti un cinks pal\u012bdz uztur\u0113t norm\u0101lu im\u016bnsist\u0113mas darb\u012bbu, stiprinot b\u0113rna aizsargsp\u0113jas<\/li>\n<li>K vitam\u012bns un jods veicina kaulu vesel\u012bbu un norm\u0101lu aug\u0161anu<\/li>\n<li>Gar\u0161\u012bg\u0101s ko\u0161\u013c\u0101jam\u0101s pastilas padara vitam\u012bnu uz\u0146em\u0161anu par pat\u012bkamu pieredzi b\u0113rniem<\/li>\n<\/ul>\n<p>&nbsp;<\/p>\n<p><strong>NEIZMANTOT UZTURA BAG\u0100TIN\u0100T\u0100JU K\u0100 PILNV\u0112RT\u012aGA, SABALANS\u0112TA UZTURA UN VESEL\u012aGA DZ\u012aVESVEIDA AIZVIETOT\u0100JU.\u00a0<\/strong><\/p>\n","protected":false},"featured_media":25809,"comment_status":"open","ping_status":"closed","template":"","meta":{"_acf_changed":false,"inline_featured_image":false},"product_brand":[],"product_cat":[36,31,29,30,71],"product_tag":[276,211,325,210,329,192,240,299,326,327,330,328],"class_list":{"0":"post-6567","1":"product","2":"type-product","3":"status-publish","4":"has-post-thumbnail","6":"product_cat-imunitatei","7":"product_cat-berniem","8":"product_cat-saaukstesanas-laika","9":"product_cat-skaistumam-un-labsajutai","10":"product_cat-vitamini","11":"product_tag-a-vitamins","12":"product_tag-b12-vitamins","13":"product_tag-b3-vitamins","14":"product_tag-b6-vitamins","15":"product_tag-b7-vitamins","16":"product_tag-c-vitamins","17":"product_tag-cinks","18":"product_tag-d-vitamins","19":"product_tag-e-vitamins","20":"product_tag-folijskabe","21":"product_tag-jods","22":"product_tag-k-vitamins","24":"first","25":"instock","26":"sale","27":"taxable","28":"shipping-taxable","29":"purchasable","30":"product-type-simple"},"acf":[],"_links":{"self":[{"href":"https:\/\/silvanols.lv\/ru\/wp-json\/wp\/v2\/product\/6567","targetHints":{"allow":["GET"]}}],"collection":[{"href":"https:\/\/silvanols.lv\/ru\/wp-json\/wp\/v2\/product"}],"about":[{"href":"https:\/\/silvanols.lv\/ru\/wp-json\/wp\/v2\/types\/product"}],"replies":[{"embeddable":true,"href":"https:\/\/silvanols.lv\/ru\/wp-json\/wp\/v2\/comments?post=6567"}],"wp:featuredmedia":[{"embeddable":true,"href":"https:\/\/silvanols.lv\/ru\/wp-json\/wp\/v2\/media\/25809"}],"wp:attachment":[{"href":"https:\/\/silvanols.lv\/ru\/wp-json\/wp\/v2\/media?parent=6567"}],"wp:term":[{"taxonomy":"product_brand","embeddable":true,"href":"https:\/\/silvanols.lv\/ru\/wp-json\/wp\/v2\/product_brand?post=6567"},{"taxonomy":"product_cat","embeddable":true,"href":"https:\/\/silvanols.lv\/ru\/wp-json\/wp\/v2\/product_cat?post=6567"},{"taxonomy":"product_tag","embeddable":true,"href":"https:\/\/silvanols.lv\/ru\/wp-json\/wp\/v2\/product_tag?post=6567"}],"curies":[{"name":"wp","href":"https:\/\/api.w.org\/{rel}","templated":true}]}}